{"id":13508,"date":"2021-01-21T16:29:23","date_gmt":"2021-01-21T16:29:23","guid":{"rendered":"https:\/\/help.tdoc.es\/?page_id=13508"},"modified":"2022-03-08T11:49:55","modified_gmt":"2022-03-08T11:49:55","slug":"validacion-de-autorizaciones-2","status":"publish","type":"page","link":"https:\/\/help.tdoc.es\/index.php\/manual-tdoc-key-user\/validacion-de-autorizaciones-2\/","title":{"rendered":"VALIDACI\u00d3N DE AUTORIZACIONES"},"content":{"rendered":"<div class=\"fusion-fullwidth fullwidth-box fusion-builder-row-1 nonhundred-percent-fullwidth non-hundred-percent-height-scrolling\" style=\"background-color: rgba(255,255,255,0);background-position: center center;background-repeat: no-repeat;padding-top:20px;padding-right:0px;padding-bottom:20px;padding-left:0px;margin-bottom: 0px;margin-top: 0px;border-width: 0px 0px 0px 0px;border-color:#eae9e9;border-style:solid;\" ><div class=\"fusion-builder-row fusion-row\"><div class=\"fusion-layout-column fusion_builder_column fusion-builder-column-0 fusion_builder_column_1_1 1_1 fusion-one-full fusion-column-first fusion-column-last\" style=\"margin-top:0px;margin-bottom:20px;\"><div class=\"fusion-column-wrapper fusion-flex-column-wrapper-legacy\" style=\"background-position:left top;background-repeat:no-repeat;-webkit-background-size:cover;-moz-background-size:cover;-o-background-size:cover;background-size:cover;padding: 0px 0px 0px 0px;\"><style type=\"text\/css\"><\/style><div class=\"fusion-title title fusion-title-1 fusion-sep-none fusion-title-text fusion-title-size-one\" style=\"margin-top:0px;margin-right:0px;margin-bottom:31px;margin-left:0px;\"><h1 class=\"title-heading-left\" style=\"margin:0;\"><p><span style=\"color: #0375c9;\">Validaci\u00f3n de autorizaciones<br \/>\n<\/span><\/p><\/h1><\/div><div class=\"fusion-text fusion-text-1\"><p>Este apartado permite validar los documentos correspondientes al cumplimiento del Reglamento General de Protecci\u00f3n de datos (RGPD). Este archivo se exige a todos los usuarios que acceden a la tdoc, si no lo ha entregado o el documento subido est\u00e1 pendiente de validar, podr\u00e1 continuar utilizando la aplicaci\u00f3n de manera restringida: no podr\u00e1 eliminar trabajadores, descargar documentos que no haga cargado el propio usuario&#8230;Estas limitaciones est\u00e1n plasmadas en este manual con <span style=\"color: #ffcc00;\">***<\/span>.<\/p>\n<p><img class=\"alignnone wp-image-13515 size-full\" src=\"https:\/\/help.tdoc.es\/wp-content\/uploads\/2021\/01\/1-8.png\" alt=\"\" width=\"228\" height=\"143\" srcset=\"https:\/\/help.tdoc.es\/wp-content\/uploads\/2021\/01\/1-8-200x125.png 200w, https:\/\/help.tdoc.es\/wp-content\/uploads\/2021\/01\/1-8.png 228w\" sizes=\"(max-width: 228px) 100vw, 228px\" \/><\/p>\n<p>Una vez se accede a este men\u00fa, aparecen las autorizaciones pendientes de validar y los datos correspondientes a cada una.<\/p>\n<p><img class=\"alignnone wp-image-13516 \" src=\"https:\/\/help.tdoc.es\/wp-content\/uploads\/2021\/01\/2-9.png\" alt=\"\" width=\"836\" height=\"72\" srcset=\"https:\/\/help.tdoc.es\/wp-content\/uploads\/2021\/01\/2-9-200x17.png 200w, https:\/\/help.tdoc.es\/wp-content\/uploads\/2021\/01\/2-9-300x26.png 300w, https:\/\/help.tdoc.es\/wp-content\/uploads\/2021\/01\/2-9-400x34.png 400w, https:\/\/help.tdoc.es\/wp-content\/uploads\/2021\/01\/2-9-600x52.png 600w, https:\/\/help.tdoc.es\/wp-content\/uploads\/2021\/01\/2-9-768x66.png 768w, https:\/\/help.tdoc.es\/wp-content\/uploads\/2021\/01\/2-9-800x69.png 800w, https:\/\/help.tdoc.es\/wp-content\/uploads\/2021\/01\/2-9.png 998w\" sizes=\"(max-width: 836px) 100vw, 836px\" \/><\/p>\n<\/div>\n<div class=\"table-1\">\n<table width=\"100%\">\n<tbody>\n<tr>\n<td align=\"left\"><img class=\"size-full wp-image-17600 aligncenter\" src=\"https:\/\/help.tdoc.es\/wp-content\/uploads\/2022\/03\/responsabilidades-1.png\" alt=\"\" width=\"42\" height=\"41\" \/><\/td>\n<td align=\"left\">Ver toda la lista. Permite visualizar todas las autorizaciones subidas de todos los usuarios, pendientes de validar, correctas e incorrectas.<\/td>\n<\/tr>\n<tr>\n<td align=\"left\"><img class=\"size-full wp-image-17601 aligncenter\" src=\"https:\/\/help.tdoc.es\/wp-content\/uploads\/2022\/03\/descarga4-1.png\" alt=\"\" width=\"28\" height=\"38\" \/><\/td>\n<td align=\"left\">Descargar. Permite descargar el documento.<\/td>\n<\/tr>\n<tr>\n<td align=\"left\"><img class=\"size-full wp-image-17602 aligncenter\" src=\"https:\/\/help.tdoc.es\/wp-content\/uploads\/2022\/03\/guardar2.png\" alt=\"\" width=\"33\" height=\"28\" \/><\/td>\n<td align=\"left\">Guardar. Permite guardar los cambios para la validaci\u00f3n.<\/td>\n<\/tr>\n<tr>\n<td align=\"left\"><img class=\"size-medium wp-image-17603 aligncenter\" src=\"https:\/\/help.tdoc.es\/wp-content\/uploads\/2022\/03\/ver-registros.png\" alt=\"\" width=\"37\" height=\"28\" \/><\/td>\n<td align=\"left\">Ver registros activos. Aparece al seleccionar la opci\u00f3n \u2018Ver toda la lista\u2019, permite volver a los registros pendientes de validar.<\/td>\n<\/tr>\n<\/tbody>\n<\/table>\n<\/div>\n<div class=\"fusion-text fusion-text-2\"><p>Para validar las autorizaciones, debe descargar el documento desde el icono &#8216;Descargar&#8217; y verificar que el documento subido por el usuario contiene todos los datos solicitados cumplimentados y que coinciden exactamente con los que aparecen en la tdoc (amarillo).<\/p>\n<p><img class=\"alignnone wp-image-13518 size-medium\" src=\"https:\/\/help.tdoc.es\/wp-content\/uploads\/2021\/01\/4-6-297x300.png\" alt=\"\" width=\"297\" height=\"300\" srcset=\"https:\/\/help.tdoc.es\/wp-content\/uploads\/2021\/01\/4-6-66x66.png 66w, https:\/\/help.tdoc.es\/wp-content\/uploads\/2021\/01\/4-6-200x202.png 200w, https:\/\/help.tdoc.es\/wp-content\/uploads\/2021\/01\/4-6-297x300.png 297w, https:\/\/help.tdoc.es\/wp-content\/uploads\/2021\/01\/4-6-400x404.png 400w, https:\/\/help.tdoc.es\/wp-content\/uploads\/2021\/01\/4-6.png 467w\" sizes=\"(max-width: 297px) 100vw, 297px\" \/><\/p>\n<p>Si el documento incluye todos los datos solicitados y estos son correctos, acordes a lo indicado en la tdoc, seleccionamos la casilla de la columna &#8216;Correcto&#8217; y a continuaci\u00f3n guardamos la validaci\u00f3n desde el icono &#8216;Guardar&#8217;. El registro aparecer\u00e1 en <strong><span style=\"color: #339966;\">verde<\/span><\/strong>.<\/p>\n<p><img class=\"alignnone wp-image-13519 \" src=\"https:\/\/help.tdoc.es\/wp-content\/uploads\/2021\/01\/5-5.png\" alt=\"\" width=\"858\" height=\"73\" srcset=\"https:\/\/help.tdoc.es\/wp-content\/uploads\/2021\/01\/5-5-200x17.png 200w, https:\/\/help.tdoc.es\/wp-content\/uploads\/2021\/01\/5-5-300x26.png 300w, https:\/\/help.tdoc.es\/wp-content\/uploads\/2021\/01\/5-5-400x34.png 400w, https:\/\/help.tdoc.es\/wp-content\/uploads\/2021\/01\/5-5-600x51.png 600w, https:\/\/help.tdoc.es\/wp-content\/uploads\/2021\/01\/5-5-768x65.png 768w, https:\/\/help.tdoc.es\/wp-content\/uploads\/2021\/01\/5-5-800x68.png 800w, https:\/\/help.tdoc.es\/wp-content\/uploads\/2021\/01\/5-5.png 929w\" sizes=\"(max-width: 858px) 100vw, 858px\" \/><\/p>\n<p>Si en caso contrario, el documento es incorrecto porque falta alg\u00fan dato o los mismos no coinciden con los que aparecen en la tdoc, NO marcar la casilla de &#8216;Correcto&#8217; y en la celda &#8216;Anotaciones&#8217; debe introducir un comentario con las indicaciones oportunas respecto a la incorrecci\u00f3n. Este comentario ser\u00e1 visualizado por el usuario para que pueda corregirlo y subirlo nuevamente. A continuaci\u00f3n, guardamos la validaci\u00f3n desde el icono &#8216;Guardar&#8217; y aparecer\u00e1 en <strong><span style=\"color: #ff0000;\">rojo<\/span><\/strong>.<\/p>\n<p><img class=\"alignnone wp-image-13513 \" src=\"https:\/\/help.tdoc.es\/wp-content\/uploads\/2021\/01\/6-4.png\" alt=\"\" width=\"859\" height=\"79\" srcset=\"https:\/\/help.tdoc.es\/wp-content\/uploads\/2021\/01\/6-4-200x18.png 200w, https:\/\/help.tdoc.es\/wp-content\/uploads\/2021\/01\/6-4-300x28.png 300w, https:\/\/help.tdoc.es\/wp-content\/uploads\/2021\/01\/6-4-400x37.png 400w, https:\/\/help.tdoc.es\/wp-content\/uploads\/2021\/01\/6-4-600x55.png 600w, https:\/\/help.tdoc.es\/wp-content\/uploads\/2021\/01\/6-4-768x71.png 768w, https:\/\/help.tdoc.es\/wp-content\/uploads\/2021\/01\/6-4-800x74.png 800w, https:\/\/help.tdoc.es\/wp-content\/uploads\/2021\/01\/6-4.png 914w\" sizes=\"(max-width: 859px) 100vw, 859px\" \/><\/p>\n<\/div><style type=\"text\/css\"><\/style><div class=\"fusion-title title fusion-title-2 fusion-sep-none fusion-title-text fusion-title-size-two\" style=\"margin-top:0px;margin-right:0px;margin-bottom:31px;margin-left:0px;\"><h2 class=\"title-heading-left\" style=\"margin:0;\"><span style=\"color: #0375c9;\">1. Consulta\/Correcci\u00f3n de un registro<\/span><\/h2><\/div><div class=\"fusion-text fusion-text-3\"><p>Para consultar un registro o corregir una validaci\u00f3n, debe seleccionar el icono &#8216;Ver toda la lista&#8217; y utilizando los filtros puede buscar el registro.<\/p>\n<p><img class=\"alignnone wp-image-13514 \" src=\"https:\/\/help.tdoc.es\/wp-content\/uploads\/2021\/01\/7-2.png\" alt=\"\" width=\"871\" height=\"65\" srcset=\"https:\/\/help.tdoc.es\/wp-content\/uploads\/2021\/01\/7-2-200x15.png 200w, https:\/\/help.tdoc.es\/wp-content\/uploads\/2021\/01\/7-2-300x22.png 300w, https:\/\/help.tdoc.es\/wp-content\/uploads\/2021\/01\/7-2-400x30.png 400w, https:\/\/help.tdoc.es\/wp-content\/uploads\/2021\/01\/7-2-600x45.png 600w, https:\/\/help.tdoc.es\/wp-content\/uploads\/2021\/01\/7-2-768x57.png 768w, https:\/\/help.tdoc.es\/wp-content\/uploads\/2021\/01\/7-2-800x60.png 800w, https:\/\/help.tdoc.es\/wp-content\/uploads\/2021\/01\/7-2.png 926w\" sizes=\"(max-width: 871px) 100vw, 871px\" \/><\/p>\n<\/div><div class=\"fusion-clearfix\"><\/div><\/div><\/div><\/div><\/div>\n","protected":false},"excerpt":{"rendered":"","protected":false},"author":1,"featured_media":0,"parent":12495,"menu_order":0,"comment_status":"closed","ping_status":"closed","template":"","meta":[],"_links":{"self":[{"href":"https:\/\/help.tdoc.es\/index.php\/wp-json\/wp\/v2\/pages\/13508"}],"collection":[{"href":"https:\/\/help.tdoc.es\/index.php\/wp-json\/wp\/v2\/pages"}],"about":[{"href":"https:\/\/help.tdoc.es\/index.php\/wp-json\/wp\/v2\/types\/page"}],"author":[{"embeddable":true,"href":"https:\/\/help.tdoc.es\/index.php\/wp-json\/wp\/v2\/users\/1"}],"replies":[{"embeddable":true,"href":"https:\/\/help.tdoc.es\/index.php\/wp-json\/wp\/v2\/comments?post=13508"}],"version-history":[{"count":15,"href":"https:\/\/help.tdoc.es\/index.php\/wp-json\/wp\/v2\/pages\/13508\/revisions"}],"predecessor-version":[{"id":18430,"href":"https:\/\/help.tdoc.es\/index.php\/wp-json\/wp\/v2\/pages\/13508\/revisions\/18430"}],"up":[{"embeddable":true,"href":"https:\/\/help.tdoc.es\/index.php\/wp-json\/wp\/v2\/pages\/12495"}],"wp:attachment":[{"href":"https:\/\/help.tdoc.es\/index.php\/wp-json\/wp\/v2\/media?parent=13508"}],"curies":[{"name":"wp","href":"https:\/\/api.w.org\/{rel}","templated":true}]}}