{"id":13347,"date":"2021-01-07T16:05:38","date_gmt":"2021-01-07T16:05:38","guid":{"rendered":"https:\/\/help.tdoc.es\/?page_id=13347"},"modified":"2022-03-08T15:55:15","modified_gmt":"2022-03-08T15:55:15","slug":"validacion-de-autorizaciones","status":"publish","type":"page","link":"https:\/\/help.tdoc.es\/index.php\/manual-tdoc-centro\/validacion-de-autorizaciones\/","title":{"rendered":"Validaci\u00f3n de autorizaciones"},"content":{"rendered":"<div class=\"fusion-fullwidth fullwidth-box fusion-builder-row-1 nonhundred-percent-fullwidth non-hundred-percent-height-scrolling\" style=\"background-color: rgba(255,255,255,0);background-position: center center;background-repeat: no-repeat;padding-top:20px;padding-right:0px;padding-bottom:20px;padding-left:0px;margin-bottom: 0px;margin-top: 0px;border-width: 0px 0px 0px 0px;border-color:#eae9e9;border-style:solid;\" ><div class=\"fusion-builder-row fusion-row\"><div class=\"fusion-layout-column fusion_builder_column fusion-builder-column-0 fusion_builder_column_1_1 1_1 fusion-one-full fusion-column-first fusion-column-last\" style=\"margin-top:0px;margin-bottom:20px;\"><div class=\"fusion-column-wrapper fusion-flex-column-wrapper-legacy\" style=\"background-position:left top;background-repeat:no-repeat;-webkit-background-size:cover;-moz-background-size:cover;-o-background-size:cover;background-size:cover;padding: 0px 0px 0px 0px;\"><style type=\"text\/css\"><\/style><div class=\"fusion-title title fusion-title-1 fusion-sep-none fusion-title-text fusion-title-size-one\" style=\"margin-top:0px;margin-right:0px;margin-bottom:31px;margin-left:0px;\"><h1 class=\"title-heading-left\" style=\"margin:0;\"><p><span style=\"color: #0375c9;\">Validaci\u00f3n de autorizaciones<br \/>\n<\/span><\/p><\/h1><\/div><div class=\"fusion-text fusion-text-1\"><p>Este apartado permite validar los documentos correspondientes al cumplimiento del Reglamento General de Protecci\u00f3n de datos (RGPD). Este archivo se exige a todos los usuarios que acceden a la tdoc, si no lo ha entregado o el documento subido est\u00e1 pendiente de validar, podr\u00e1 continuar utilizando la aplicaci\u00f3n de manera restringida: no podr\u00e1 eliminar trabajadores, descargar documentos que no haya descargado el propio usuario&#8230;Estas limitaciones est\u00e1n plasmadas en este manual con <span style=\"color: #ffcc00;\">***<\/span>.<\/p>\n<p><img class=\"alignnone wp-image-13364 size-full\" src=\"https:\/\/help.tdoc.es\/wp-content\/uploads\/2021\/01\/Imagen1.png\" alt=\"\" width=\"182\" height=\"109\" \/><\/p>\n<p>Una vez se accede a este men\u00fa, aparecen las autorizaciones pendientes de validar y los datos correspondientes a cada una.<\/p>\n<p><img class=\"alignnone wp-image-13388 \" src=\"https:\/\/help.tdoc.es\/wp-content\/uploads\/2021\/01\/Captura-4.png\" alt=\"\" width=\"703\" height=\"59\" srcset=\"https:\/\/help.tdoc.es\/wp-content\/uploads\/2021\/01\/Captura-4-200x17.png 200w, https:\/\/help.tdoc.es\/wp-content\/uploads\/2021\/01\/Captura-4-300x25.png 300w, https:\/\/help.tdoc.es\/wp-content\/uploads\/2021\/01\/Captura-4-400x33.png 400w, https:\/\/help.tdoc.es\/wp-content\/uploads\/2021\/01\/Captura-4-600x50.png 600w, https:\/\/help.tdoc.es\/wp-content\/uploads\/2021\/01\/Captura-4-768x64.png 768w, https:\/\/help.tdoc.es\/wp-content\/uploads\/2021\/01\/Captura-4-800x67.png 800w, https:\/\/help.tdoc.es\/wp-content\/uploads\/2021\/01\/Captura-4-1024x86.png 1024w, https:\/\/help.tdoc.es\/wp-content\/uploads\/2021\/01\/Captura-4-1200x100.png 1200w, https:\/\/help.tdoc.es\/wp-content\/uploads\/2021\/01\/Captura-4.png 1422w\" sizes=\"(max-width: 703px) 100vw, 703px\" \/><\/p>\n<\/div>\n<div class=\"table-1\">\n<table width=\"100%\">\n<tbody>\n<tr>\n<td align=\"left\"><img class=\"wp-image-17660 aligncenter\" src=\"https:\/\/help.tdoc.es\/wp-content\/uploads\/2022\/03\/Tabla-1_1-1.png\" alt=\"\" width=\"56\" height=\"40\" srcset=\"https:\/\/help.tdoc.es\/wp-content\/uploads\/2022\/03\/Tabla-1_1-1-177x130.png 177w, https:\/\/help.tdoc.es\/wp-content\/uploads\/2022\/03\/Tabla-1_1-1.png 182w\" sizes=\"(max-width: 56px) 100vw, 56px\" \/><\/td>\n<td align=\"left\">Ver toda la lista. Permite visualizar todas las autorizaciones subidas de todos los usuarios, pendientes de validar, correctas e incorrectas.<\/td>\n<\/tr>\n<tr>\n<td align=\"left\"><img class=\"alignnone wp-image-17661 aligncenter\" src=\"https:\/\/help.tdoc.es\/wp-content\/uploads\/2022\/03\/Tabla-1_2-1.png\" alt=\"\" width=\"49\" height=\"40\" srcset=\"https:\/\/help.tdoc.es\/wp-content\/uploads\/2022\/03\/Tabla-1_2-1-177x142.png 177w, https:\/\/help.tdoc.es\/wp-content\/uploads\/2022\/03\/Tabla-1_2-1.png 184w\" sizes=\"(max-width: 49px) 100vw, 49px\" \/><\/td>\n<td align=\"left\">Descargar. Permite descargar el documento.<\/td>\n<\/tr>\n<tr>\n<td align=\"left\"><img class=\" wp-image-17662 aligncenter\" src=\"https:\/\/help.tdoc.es\/wp-content\/uploads\/2022\/03\/Tabla-1_3-1.png\" alt=\"\" width=\"52\" height=\"42\" \/><\/td>\n<td align=\"left\">Guardar. Permite guardar los cambios para la validaci\u00f3n.<\/td>\n<\/tr>\n<tr>\n<td align=\"left\"><img class=\"wp-image-17663 aligncenter\" src=\"https:\/\/help.tdoc.es\/wp-content\/uploads\/2022\/03\/Tabla-1_4-1.png\" alt=\"\" width=\"51\" height=\"40\" \/><\/td>\n<td align=\"left\">Ver registros activos. Aparece al seleccionar la opci\u00f3n \u2018Ver toda la lista\u2019, permite volver a los registros pendientes de validar.<\/td>\n<\/tr>\n<\/tbody>\n<\/table>\n<\/div>\n<div class=\"fusion-text fusion-text-2\"><p>Para validar las autorizaciones, debe descargar el documento desde el icono &#8216;Descargar&#8217; y verificar que el documento subido por el usuario contiene todos los datos solicitados cumplimentados y que coinciden exactamente con los que aparecen en la tdoc (amarillo).<\/p>\n<p><img class=\"alignnone wp-image-13366 size-full\" src=\"https:\/\/help.tdoc.es\/wp-content\/uploads\/2021\/01\/Imagen4.png\" alt=\"\" width=\"280\" height=\"281\" srcset=\"https:\/\/help.tdoc.es\/wp-content\/uploads\/2021\/01\/Imagen4-66x66.png 66w, https:\/\/help.tdoc.es\/wp-content\/uploads\/2021\/01\/Imagen4-150x150.png 150w, https:\/\/help.tdoc.es\/wp-content\/uploads\/2021\/01\/Imagen4-200x201.png 200w, https:\/\/help.tdoc.es\/wp-content\/uploads\/2021\/01\/Imagen4.png 280w\" sizes=\"(max-width: 280px) 100vw, 280px\" \/><\/p>\n<p>Si el documento incluye todos los datos solicitados y estos son correctos, acordes a lo indicado en la tdoc, seleccionamos la casilla de la columna &#8216;Correcto&#8217; y a continuaci\u00f3n guardamos la validaci\u00f3n desde el icono &#8216;Guardar&#8217;. El registro aparecer\u00e1 en <strong><span style=\"color: #339966;\">verde<\/span><\/strong>.<\/p>\n<p><img class=\"alignnone wp-image-13386 \" src=\"https:\/\/help.tdoc.es\/wp-content\/uploads\/2021\/01\/Captura-3.png\" alt=\"\" width=\"685\" height=\"58\" srcset=\"https:\/\/help.tdoc.es\/wp-content\/uploads\/2021\/01\/Captura-3-200x17.png 200w, https:\/\/help.tdoc.es\/wp-content\/uploads\/2021\/01\/Captura-3-300x25.png 300w, https:\/\/help.tdoc.es\/wp-content\/uploads\/2021\/01\/Captura-3-400x34.png 400w, https:\/\/help.tdoc.es\/wp-content\/uploads\/2021\/01\/Captura-3-600x51.png 600w, https:\/\/help.tdoc.es\/wp-content\/uploads\/2021\/01\/Captura-3-768x65.png 768w, https:\/\/help.tdoc.es\/wp-content\/uploads\/2021\/01\/Captura-3-800x68.png 800w, https:\/\/help.tdoc.es\/wp-content\/uploads\/2021\/01\/Captura-3-1024x87.png 1024w, https:\/\/help.tdoc.es\/wp-content\/uploads\/2021\/01\/Captura-3-1200x102.png 1200w, https:\/\/help.tdoc.es\/wp-content\/uploads\/2021\/01\/Captura-3.png 1418w\" sizes=\"(max-width: 685px) 100vw, 685px\" \/><\/p>\n<p>Si en caso contrario, el documento es incorrecto porque falta alg\u00fan dato o los mismos no coinciden con los que aparecen en la tdoc, NO marcar la casilla de &#8216;Correcto&#8217; y en la celda &#8216;Anotaciones&#8217; debe introducir un comentario con las indicaciones oportunas respecto a la incorrecci\u00f3n. Este comentario ser\u00e1 visualizado por el usuario para que pueda corregirlo y subirlo nuevamente.<\/p>\n<p>A continuaci\u00f3n, guardamos la validaci\u00f3n desde el icono &#8216;Guardar&#8217; y aparecer\u00e1 en <strong><span style=\"color: #ff0000;\">rojo<\/span><\/strong>.<\/p>\n<p><img class=\"alignnone wp-image-13391 \" src=\"https:\/\/help.tdoc.es\/wp-content\/uploads\/2021\/01\/Captura-5.png\" alt=\"\" width=\"691\" height=\"58\" srcset=\"https:\/\/help.tdoc.es\/wp-content\/uploads\/2021\/01\/Captura-5-200x17.png 200w, https:\/\/help.tdoc.es\/wp-content\/uploads\/2021\/01\/Captura-5-300x25.png 300w, https:\/\/help.tdoc.es\/wp-content\/uploads\/2021\/01\/Captura-5-400x33.png 400w, https:\/\/help.tdoc.es\/wp-content\/uploads\/2021\/01\/Captura-5-600x50.png 600w, https:\/\/help.tdoc.es\/wp-content\/uploads\/2021\/01\/Captura-5-768x64.png 768w, https:\/\/help.tdoc.es\/wp-content\/uploads\/2021\/01\/Captura-5-800x67.png 800w, https:\/\/help.tdoc.es\/wp-content\/uploads\/2021\/01\/Captura-5-1024x86.png 1024w, https:\/\/help.tdoc.es\/wp-content\/uploads\/2021\/01\/Captura-5-1200x100.png 1200w, https:\/\/help.tdoc.es\/wp-content\/uploads\/2021\/01\/Captura-5.png 1422w\" sizes=\"(max-width: 691px) 100vw, 691px\" \/><\/p>\n<\/div><style type=\"text\/css\"><\/style><div class=\"fusion-title title fusion-title-2 fusion-sep-none fusion-title-text fusion-title-size-two\" style=\"margin-top:0px;margin-right:0px;margin-bottom:31px;margin-left:0px;\"><h2 class=\"title-heading-left\" style=\"margin:0;\"><span style=\"color: #0375c9;\">1. Consulta \/ Correcci\u00f3n de un registro<\/span><\/h2><\/div><div class=\"fusion-text fusion-text-3\"><p>Para consultar un registro o corregir una validaci\u00f3n, debe seleccionar el icono &#8216;Ver toda la lista&#8217; y utilizando los filtros puede buscar el registro.<\/p>\n<p><img class=\"alignnone wp-image-13393 \" src=\"https:\/\/help.tdoc.es\/wp-content\/uploads\/2021\/01\/Captura-6.png\" alt=\"\" width=\"698\" height=\"48\" srcset=\"https:\/\/help.tdoc.es\/wp-content\/uploads\/2021\/01\/Captura-6-200x14.png 200w, https:\/\/help.tdoc.es\/wp-content\/uploads\/2021\/01\/Captura-6-300x21.png 300w, https:\/\/help.tdoc.es\/wp-content\/uploads\/2021\/01\/Captura-6-400x28.png 400w, https:\/\/help.tdoc.es\/wp-content\/uploads\/2021\/01\/Captura-6-600x41.png 600w, https:\/\/help.tdoc.es\/wp-content\/uploads\/2021\/01\/Captura-6-768x53.png 768w, https:\/\/help.tdoc.es\/wp-content\/uploads\/2021\/01\/Captura-6-800x55.png 800w, https:\/\/help.tdoc.es\/wp-content\/uploads\/2021\/01\/Captura-6-1024x70.png 1024w, https:\/\/help.tdoc.es\/wp-content\/uploads\/2021\/01\/Captura-6-1200x83.png 1200w, https:\/\/help.tdoc.es\/wp-content\/uploads\/2021\/01\/Captura-6.png 1425w\" sizes=\"(max-width: 698px) 100vw, 698px\" \/><\/p>\n<\/div><div class=\"fusion-clearfix\"><\/div><\/div><\/div><\/div><\/div>\n","protected":false},"excerpt":{"rendered":"","protected":false},"author":1,"featured_media":0,"parent":12485,"menu_order":0,"comment_status":"closed","ping_status":"closed","template":"","meta":[],"_links":{"self":[{"href":"https:\/\/help.tdoc.es\/index.php\/wp-json\/wp\/v2\/pages\/13347"}],"collection":[{"href":"https:\/\/help.tdoc.es\/index.php\/wp-json\/wp\/v2\/pages"}],"about":[{"href":"https:\/\/help.tdoc.es\/index.php\/wp-json\/wp\/v2\/types\/page"}],"author":[{"embeddable":true,"href":"https:\/\/help.tdoc.es\/index.php\/wp-json\/wp\/v2\/users\/1"}],"replies":[{"embeddable":true,"href":"https:\/\/help.tdoc.es\/index.php\/wp-json\/wp\/v2\/comments?post=13347"}],"version-history":[{"count":19,"href":"https:\/\/help.tdoc.es\/index.php\/wp-json\/wp\/v2\/pages\/13347\/revisions"}],"predecessor-version":[{"id":17664,"href":"https:\/\/help.tdoc.es\/index.php\/wp-json\/wp\/v2\/pages\/13347\/revisions\/17664"}],"up":[{"embeddable":true,"href":"https:\/\/help.tdoc.es\/index.php\/wp-json\/wp\/v2\/pages\/12485"}],"wp:attachment":[{"href":"https:\/\/help.tdoc.es\/index.php\/wp-json\/wp\/v2\/media?parent=13347"}],"curies":[{"name":"wp","href":"https:\/\/api.w.org\/{rel}","templated":true}]}}