{"id":13128,"date":"2020-11-06T13:30:17","date_gmt":"2020-11-06T13:30:17","guid":{"rendered":"https:\/\/help.tdoc.es\/?page_id=13128"},"modified":"2020-11-06T13:59:40","modified_gmt":"2020-11-06T13:59:40","slug":"informe","status":"publish","type":"page","link":"https:\/\/help.tdoc.es\/index.php\/tdoc-siniestralidad\/informe\/","title":{"rendered":"Informe"},"content":{"rendered":"<div class=\"fusion-fullwidth fullwidth-box fusion-builder-row-1 nonhundred-percent-fullwidth non-hundred-percent-height-scrolling\" style=\"background-color: rgba(255,255,255,0);background-position: center center;background-repeat: no-repeat;padding-top:20px;padding-right:0px;padding-bottom:20px;padding-left:0px;margin-bottom: 0px;margin-top: 0px;border-width: 0px 0px 0px 0px;border-color:#eae9e9;border-style:solid;\" ><div class=\"fusion-builder-row fusion-row\"><div class=\"fusion-layout-column fusion_builder_column fusion-builder-column-0 fusion_builder_column_1_1 1_1 fusion-one-full fusion-column-first fusion-column-last\" style=\"margin-top:0px;margin-bottom:20px;\"><div class=\"fusion-column-wrapper fusion-flex-column-wrapper-legacy\" style=\"background-position:left top;background-repeat:no-repeat;-webkit-background-size:cover;-moz-background-size:cover;-o-background-size:cover;background-size:cover;padding: 0px 0px 0px 0px;\"><style type=\"text\/css\"><\/style><div class=\"fusion-title title fusion-title-1 fusion-sep-none fusion-title-text fusion-title-size-one\" style=\"margin-top:0px;margin-right:0px;margin-bottom:31px;margin-left:0px;\"><h1 class=\"title-heading-left\" style=\"margin:0;\"><h1><span style=\"color: #0375c9;\">Manual tdoc Siniestralidad &#8211; Informe<\/span><\/h1><\/h1><\/div><div class=\"fusion-text fusion-text-1\"><p>Los datos del informe de siniestralidad son los siguientes:<\/p>\n<ul>\n<li><strong>Horas Trabajadas:<\/strong> Horas trabajadas reales. Descontar ausencias, bajas, vacaciones, etc. Incluir horas extraordinarias.<\/li>\n<li><strong>Numero promedio de trabajadores:<\/strong> N\u00famero de empleados en plantilla promediados del mes.<\/li>\n<li><strong>Cuasi-accidentes:<\/strong> N\u00famero de incidentes que no han cursado ninguna lesi\u00f3n o da\u00f1o<\/li>\n<li><strong>Accidentes con Da\u00f1os Materiales:<\/strong>\u00a0 N\u00famero de incidentes con Da\u00f1os Materiales.<\/li>\n<li><strong>Primeros Auxilios:<\/strong> Lesiones menores que no precisa de ning\u00fan tipo de asistencia o requiere de un tratamiento simple.<\/li>\n<li><strong>Trabajo restringido:<\/strong> Lesiones que no no producen perdida de jornadas laborales pero si alguna restricci\u00f3n en las tareas que realiza el trabajador habitualmente<\/li>\n<li><strong>Tratamientos m\u00e9dicos:<\/strong> Lesiones que requieren tratamiento por personal m\u00e9dico, no producen perdida de jornadas laborales ni restricciones en el trabajo habitual<\/li>\n<li><strong>Incidentes con p\u00e9rdida de trabajo:<\/strong> N\u00famero de incidentes con lesi\u00f3n que han ocasionado Baja Laboral.<\/li>\n<li><strong>Enfermedades profesionales:<\/strong> N\u00famero de enfermedades diagnosticadas oficialmente de origen laboral.<\/li>\n<li><strong>Jornadas perdidas por accidente o enfermedad:<\/strong> Jornadas perdidas por accidente o enfermedad laboral.<\/li>\n<li><strong>Accidentes in itinere:<\/strong> N\u00famero de accidentes de circulaci\u00f3n ocurridos desde casa al lugar de trabajo. Este n\u00famero no entra en los indicadores estad\u00edsticos de accidentalidad.<\/li>\n<li><strong>Accidentes en misi\u00f3n:<\/strong> N\u00famero de accidentes de circulaci\u00f3n ocurridos en el trabajo, con motivo de actividades propias del puesto de trabajo. Estos accidentes ya habr\u00e1n sido clasificados igualmente como \u00abPrimer auxilio\u00bb, \u00abTratamiento M\u00e9dico\u00bb, \u00abIncidente con Baja\u00bb, etc.<\/li>\n<li><strong>Accidentes mortales:<\/strong> N\u00famero de accidentes mortales.<\/li>\n<\/ul>\n<\/div><div class=\"fusion-clearfix\"><\/div><\/div><\/div><\/div><\/div>\n","protected":false},"excerpt":{"rendered":"","protected":false},"author":1,"featured_media":0,"parent":12181,"menu_order":0,"comment_status":"closed","ping_status":"closed","template":"","meta":[],"_links":{"self":[{"href":"https:\/\/help.tdoc.es\/index.php\/wp-json\/wp\/v2\/pages\/13128"}],"collection":[{"href":"https:\/\/help.tdoc.es\/index.php\/wp-json\/wp\/v2\/pages"}],"about":[{"href":"https:\/\/help.tdoc.es\/index.php\/wp-json\/wp\/v2\/types\/page"}],"author":[{"embeddable":true,"href":"https:\/\/help.tdoc.es\/index.php\/wp-json\/wp\/v2\/users\/1"}],"replies":[{"embeddable":true,"href":"https:\/\/help.tdoc.es\/index.php\/wp-json\/wp\/v2\/comments?post=13128"}],"version-history":[{"count":2,"href":"https:\/\/help.tdoc.es\/index.php\/wp-json\/wp\/v2\/pages\/13128\/revisions"}],"predecessor-version":[{"id":13132,"href":"https:\/\/help.tdoc.es\/index.php\/wp-json\/wp\/v2\/pages\/13128\/revisions\/13132"}],"up":[{"embeddable":true,"href":"https:\/\/help.tdoc.es\/index.php\/wp-json\/wp\/v2\/pages\/12181"}],"wp:attachment":[{"href":"https:\/\/help.tdoc.es\/index.php\/wp-json\/wp\/v2\/media?parent=13128"}],"curies":[{"name":"wp","href":"https:\/\/api.w.org\/{rel}","templated":true}]}}