{"id":13065,"date":"2020-10-27T11:54:33","date_gmt":"2020-10-27T11:54:33","guid":{"rendered":"https:\/\/help.tdoc.es\/?page_id=13065"},"modified":"2022-02-23T14:54:28","modified_gmt":"2022-02-23T14:54:28","slug":"web-access","status":"publish","type":"page","link":"https:\/\/help.tdoc.es\/index.php\/manual-tdoc-access\/web-access\/","title":{"rendered":"Web access"},"content":{"rendered":"<p><div class=\"fusion-fullwidth fullwidth-box fusion-builder-row-1 nonhundred-percent-fullwidth non-hundred-percent-height-scrolling\" style=\"background-color: rgba(255,255,255,0);background-position: center center;background-repeat: no-repeat;padding-top:20px;padding-right:0px;padding-bottom:20px;padding-left:0px;margin-bottom: 0px;margin-top: 0px;border-width: 0px 0px 0px 0px;border-color:#eae9e9;border-style:solid;\" ><div class=\"fusion-builder-row fusion-row\"><div class=\"fusion-layout-column fusion_builder_column fusion-builder-column-0 fusion_builder_column_1_1 1_1 fusion-one-full fusion-column-first fusion-column-last\" style=\"margin-top:0px;margin-bottom:20px;\"><div class=\"fusion-column-wrapper fusion-flex-column-wrapper-legacy\" style=\"background-position:left top;background-repeat:no-repeat;-webkit-background-size:cover;-moz-background-size:cover;-o-background-size:cover;background-size:cover;padding: 0px 0px 0px 0px;\"><style type=\"text\/css\"><\/style><div class=\"fusion-title title fusion-title-1 fusion-sep-none fusion-title-text fusion-title-size-one\" style=\"margin-top:0px;margin-right:0px;margin-bottom:31px;margin-left:0px;\"><h1 class=\"title-heading-left\" style=\"margin:0;\"><h1><span style=\"color: #0375c9;\">Manual tdoc Access &#8211; Web access<br \/>\n<\/span><\/h1><\/h1><\/div><style type=\"text\/css\"><\/style><div class=\"fusion-title title fusion-title-2 fusion-sep-none fusion-title-text fusion-title-size-one\" style=\"margin-top:0px;margin-right:0px;margin-bottom:31px;margin-left:0px;\"><h1 class=\"title-heading-left\" style=\"margin:0;\"><h2><span style=\"color: #0375c9;\">Acceso a la aplicaci\u00f3n web<br \/>\n<\/span><\/h2><\/h1><\/div><div class=\"fusion-text fusion-text-1\"><p>La aplicaci\u00f3n web de tdoc-Access es una aplicaci\u00f3n web ligada a tdoc que permite visualizar los accesos y el estado de la documentaci\u00f3n de trabajadores en centros de trabajo.<\/p>\n<p>Para acceder a la web hay que seguir este enlace: <a href=\"https:\/\/access.tdoc.es\">https:\/\/access.tdoc.es<\/a>.<\/p>\n<\/div><div class=\"imageframe-liftup fusion-image-frame-bottomshadow image-frame-shadow-1\"><style>.element-bottomshadow.imageframe-1:before, .element-bottomshadow.imageframe-1:after{-webkit-box-shadow: 0 17px 10px rgba(0,0,0,0.4);box-shadow: 0 17px 10px rgba(0,0,0,0.4);}<\/style><span class=\" fusion-imageframe imageframe-bottomshadow imageframe-1 element-bottomshadow\"><a href=\"https:\/\/help.tdoc.es\/wp-content\/uploads\/2020\/10\/tdocaccess-1024x424.png\" class=\"fusion-lightbox\" data-rel=\"iLightbox[6d5031bab6a68755a64]\"><img width=\"1024\" height=\"424\" alt=\"boton vista\" src=\"https:\/\/help.tdoc.es\/wp-content\/uploads\/2020\/10\/tdocaccess-1024x424.png\" class=\"img-responsive wp-image-13117\" srcset=\"https:\/\/help.tdoc.es\/wp-content\/uploads\/2020\/10\/tdocaccess-200x83.png 200w, https:\/\/help.tdoc.es\/wp-content\/uploads\/2020\/10\/tdocaccess-400x166.png 400w, https:\/\/help.tdoc.es\/wp-content\/uploads\/2020\/10\/tdocaccess-600x248.png 600w, https:\/\/help.tdoc.es\/wp-content\/uploads\/2020\/10\/tdocaccess-800x331.png 800w, https:\/\/help.tdoc.es\/wp-content\/uploads\/2020\/10\/tdocaccess-1200x497.png 1200w, https:\/\/help.tdoc.es\/wp-content\/uploads\/2020\/10\/tdocaccess.png 1247w\" sizes=\"(max-width: 800px) 100vw, 1200px\" \/><\/a><\/span><\/div><div class=\"fusion-text fusion-text-2\"><p>En la pantalla principal pulsar el bot\u00f3n INICIAR SESI\u00d3N que llevar\u00e1 al usuario a la pantalla de login. <strong>Los usuarios y contrase\u00f1as no son comunes a tdoc por lo que hay que tener un usuario espec\u00edfico para la plataforma tdoc-Access.<\/strong><\/p>\n<p>Una vez identificados en la plataforma se puede acceder al control de accesos desde la pesta\u00f1a en la parte superior<\/p>\n<\/div><div class=\"imageframe-liftup fusion-image-frame-bottomshadow image-frame-shadow-2\"><style>.element-bottomshadow.imageframe-2:before, .element-bottomshadow.imageframe-2:after{-webkit-box-shadow: 0 17px 10px rgba(0,0,0,0.4);box-shadow: 0 17px 10px rgba(0,0,0,0.4);}<\/style><span class=\" fusion-imageframe imageframe-bottomshadow imageframe-2 element-bottomshadow\"><a href=\"https:\/\/help.tdoc.es\/wp-content\/uploads\/2020\/10\/topbar-1024x145.png\" class=\"fusion-lightbox\" data-rel=\"iLightbox[c390e0bcf5bd31b79ae]\"><img width=\"1024\" height=\"145\" alt=\"boton vista\" src=\"https:\/\/help.tdoc.es\/wp-content\/uploads\/2020\/10\/topbar-1024x145.png\" class=\"img-responsive wp-image-13118\" srcset=\"https:\/\/help.tdoc.es\/wp-content\/uploads\/2020\/10\/topbar-200x28.png 200w, https:\/\/help.tdoc.es\/wp-content\/uploads\/2020\/10\/topbar-400x57.png 400w, https:\/\/help.tdoc.es\/wp-content\/uploads\/2020\/10\/topbar-600x85.png 600w, https:\/\/help.tdoc.es\/wp-content\/uploads\/2020\/10\/topbar-800x113.png 800w, https:\/\/help.tdoc.es\/wp-content\/uploads\/2020\/10\/topbar-1200x170.png 1200w, https:\/\/help.tdoc.es\/wp-content\/uploads\/2020\/10\/topbar.png 1253w\" sizes=\"(max-width: 800px) 100vw, 1200px\" \/><\/a><\/span><\/div><div class=\"fusion-text fusion-text-3\"><p>Cada usuario tiene accesos a una serie de centros espec\u00edficos por lo que si no aparecen todos los centros podr\u00eda ser que el usuario con el que se ha identificado no tuviera acceso a dichos centros.<\/p>\n<\/div><div class=\"fusion-clearfix\"><\/div><\/div><\/div><\/div><\/div><div class=\"fusion-fullwidth fullwidth-box fusion-builder-row-2 nonhundred-percent-fullwidth non-hundred-percent-height-scrolling\" style=\"background-color: rgba(255,255,255,0);background-position: center center;background-repeat: no-repeat;padding-top:0px;padding-right:0px;padding-bottom:0px;padding-left:0px;margin-bottom: 0px;margin-top: 0px;border-width: 0px 0px 0px 0px;border-color:#eae9e9;border-style:solid;\" ><div class=\"fusion-builder-row fusion-row\"><div class=\"fusion-layout-column fusion_builder_column fusion-builder-column-1 fusion_builder_column_1_1 1_1 fusion-one-full fusion-column-first fusion-column-last\" style=\"margin-top:0px;margin-bottom:20px;\"><div class=\"fusion-column-wrapper fusion-flex-column-wrapper-legacy\" style=\"background-position:left top;background-repeat:no-repeat;-webkit-background-size:cover;-moz-background-size:cover;-o-background-size:cover;background-size:cover;padding: 0px 0px 0px 0px;\"><style type=\"text\/css\"><\/style><div class=\"fusion-title title fusion-title-3 fusion-sep-none fusion-title-text fusion-title-size-one\" style=\"margin-top:0px;margin-right:0px;margin-bottom:31px;margin-left:0px;\"><h1 class=\"title-heading-left\" style=\"margin:0;\"><h2><span style=\"color: #0375c9;\">Centros de trabajo<br \/>\n<\/span><\/h2><\/h1><\/div><div class=\"fusion-text fusion-text-4\"><p>La pantalla principal de centros de trabajo muestra cada uno de los parques de los que el usuario puede consultar la informaci\u00f3n.<\/p>\n<\/div><div class=\"imageframe-liftup fusion-image-frame-bottomshadow image-frame-shadow-3\"><style>.element-bottomshadow.imageframe-3:before, .element-bottomshadow.imageframe-3:after{-webkit-box-shadow: 0 17px 10px rgba(0,0,0,0.4);box-shadow: 0 17px 10px rgba(0,0,0,0.4);}<\/style><span class=\" fusion-imageframe imageframe-bottomshadow imageframe-3 element-bottomshadow\"><a href=\"https:\/\/help.tdoc.es\/wp-content\/uploads\/2022\/02\/Captura-de-pantalla-2022-02-23-154838-1024x231.png\" class=\"fusion-lightbox\" data-rel=\"iLightbox[b4923f8925622f3bb39]\" data-title=\"Captura de pantalla 2022-02-23 154838\" title=\"Captura de pantalla 2022-02-23 154838\"><img width=\"1024\" height=\"231\" alt=\"boton vista\" src=\"https:\/\/help.tdoc.es\/wp-content\/uploads\/2022\/02\/Captura-de-pantalla-2022-02-23-154838-1024x231.png\" class=\"img-responsive wp-image-17046\" srcset=\"https:\/\/help.tdoc.es\/wp-content\/uploads\/2022\/02\/Captura-de-pantalla-2022-02-23-154838-200x45.png 200w, https:\/\/help.tdoc.es\/wp-content\/uploads\/2022\/02\/Captura-de-pantalla-2022-02-23-154838-400x90.png 400w, https:\/\/help.tdoc.es\/wp-content\/uploads\/2022\/02\/Captura-de-pantalla-2022-02-23-154838-600x135.png 600w, https:\/\/help.tdoc.es\/wp-content\/uploads\/2022\/02\/Captura-de-pantalla-2022-02-23-154838-800x180.png 800w, https:\/\/help.tdoc.es\/wp-content\/uploads\/2022\/02\/Captura-de-pantalla-2022-02-23-154838-1200x271.png 1200w, https:\/\/help.tdoc.es\/wp-content\/uploads\/2022\/02\/Captura-de-pantalla-2022-02-23-154838.png 1574w\" sizes=\"(max-width: 800px) 100vw, 1200px\" \/><\/a><\/span><\/div><div class=\"fusion-text fusion-text-5\"><p>Para cada centro se muestra el nombre y el n\u00famero de trabajadores que hay ahora mismo trabajando dentro de \u00e9l.<\/p>\n<\/div><div class=\"fusion-clearfix\"><\/div><\/div><\/div><\/div><\/div><div class=\"fusion-fullwidth fullwidth-box fusion-builder-row-3 nonhundred-percent-fullwidth non-hundred-percent-height-scrolling\" style=\"background-color: rgba(255,255,255,0);background-position: center center;background-repeat: no-repeat;padding-top:20px;padding-right:0px;padding-bottom:20px;padding-left:0px;margin-bottom: 0px;margin-top: 0px;border-width: 0px 0px 0px 0px;border-color:#eae9e9;border-style:solid;\" ><div class=\"fusion-builder-row fusion-row\"><div class=\"fusion-layout-column fusion_builder_column fusion-builder-column-2 fusion_builder_column_1_1 1_1 fusion-one-full fusion-column-first fusion-column-last\" style=\"margin-top:0px;margin-bottom:20px;\"><div class=\"fusion-column-wrapper fusion-flex-column-wrapper-legacy\" style=\"background-position:left top;background-repeat:no-repeat;-webkit-background-size:cover;-moz-background-size:cover;-o-background-size:cover;background-size:cover;padding: 0px 0px 0px 0px;\"><style type=\"text\/css\"><\/style><div class=\"fusion-title title fusion-title-4 fusion-sep-none fusion-title-text fusion-title-size-one\" style=\"margin-top:0px;margin-right:0px;margin-bottom:31px;margin-left:0px;\"><h1 class=\"title-heading-left\" style=\"margin:0;\"><h2><span style=\"color: #0375c9;\">Consultar listas de acceso para centro de trabajo<br \/>\n<\/span><\/h2><\/h1><\/div><div class=\"fusion-text fusion-text-6\"><p>Desde la aplicaci\u00f3n web se puede consultar el listado de todos los trabajadores y veh\u00edculos que tienen acceso al centro seleccionado.<\/p>\n<\/div><div class=\"imageframe-liftup fusion-image-frame-bottomshadow image-frame-shadow-4\"><style>.element-bottomshadow.imageframe-4:before, .element-bottomshadow.imageframe-4:after{-webkit-box-shadow: 0 17px 10px rgba(0,0,0,0.4);box-shadow: 0 17px 10px rgba(0,0,0,0.4);}<\/style><span class=\" fusion-imageframe imageframe-bottomshadow imageframe-4 element-bottomshadow\"><a href=\"https:\/\/help.tdoc.es\/wp-content\/uploads\/2022\/02\/Captura-de-pantalla-2022-02-23-154838-1-1024x444.png\" class=\"fusion-lightbox\" data-rel=\"iLightbox[6ef9cce792977cae9d4]\" data-title=\"Captura de pantalla 2022-02-23 154838\" title=\"Captura de pantalla 2022-02-23 154838\"><img width=\"1024\" height=\"444\" alt=\"boton vista\" src=\"https:\/\/help.tdoc.es\/wp-content\/uploads\/2022\/02\/Captura-de-pantalla-2022-02-23-154838-1-1024x444.png\" class=\"img-responsive wp-image-17047\" srcset=\"https:\/\/help.tdoc.es\/wp-content\/uploads\/2022\/02\/Captura-de-pantalla-2022-02-23-154838-1-200x87.png 200w, https:\/\/help.tdoc.es\/wp-content\/uploads\/2022\/02\/Captura-de-pantalla-2022-02-23-154838-1-400x173.png 400w, https:\/\/help.tdoc.es\/wp-content\/uploads\/2022\/02\/Captura-de-pantalla-2022-02-23-154838-1-600x260.png 600w, https:\/\/help.tdoc.es\/wp-content\/uploads\/2022\/02\/Captura-de-pantalla-2022-02-23-154838-1-800x347.png 800w, https:\/\/help.tdoc.es\/wp-content\/uploads\/2022\/02\/Captura-de-pantalla-2022-02-23-154838-1-1200x520.png 1200w, https:\/\/help.tdoc.es\/wp-content\/uploads\/2022\/02\/Captura-de-pantalla-2022-02-23-154838-1.png 1550w\" sizes=\"(max-width: 800px) 100vw, 1200px\" \/><\/a><\/span><\/div><div class=\"fusion-text fusion-text-7\"><p>Adem\u00e1s de la informaci\u00f3n b\u00e1sica del trabajador o veh\u00edculo, se muestra la siguiente informaci\u00f3n:<\/p>\n<ul>\n<li><strong>Tipo:<\/strong> Indica si es trabajador o veh\u00edculo.<\/li>\n<li><strong>Documentaci\u00f3n Correcta (S\u00ed\/No):<\/strong> Este campo muestra si la documentaci\u00f3n del trabajador en tdoc es correcta o no lo es.<\/li>\n<li><strong>Modo de acceso:<\/strong> El trabajador puede tener tres modos de calcular su acceso al centro:\n<ul>\n<li>Acceso por documentaci\u00f3n: El trabajador tendr\u00e1 acceso solo si su documentaci\u00f3n en tdoc es correcta<\/li>\n<li>Acceso bloqueado: El trabajador no tendr\u00e1 acceso al centro independientemente del estado de su documentaci\u00f3n en tdoc.<\/li>\n<li>Acceso forzado: El trabajador tendr\u00e1 acceso al centro independientemente del estado de la documentaci\u00f3n en tdoc.<\/li>\n<\/ul>\n<\/li>\n<li><strong>Acceso (SI\/NO):<\/strong> Indica si el trabajador tiene acceso o no al centro de trabajo.<\/li>\n<\/ul>\n<p><strong>\u00a0<\/strong><\/p>\n<p>Desde el bot\u00f3n global de Acciones situado arriba a la derecha se puede exportar a excel la tabla.<\/p>\n<p>Se pueden ver m\u00e1s detalles del acceso del trabajador desde el bot\u00f3n de acciones de cada uno de los trabajadores en la operaci\u00f3n de Detalles.<\/p>\n<p>Desde esta pantalla el usuario podr\u00e1 <a href=\"#Bloquear\">bloquear<\/a> o <a href=\"#Forzar\">forzar<\/a> la entrada de cualquier trabajador al centro. Todos los accesos modificados solo afectar\u00e1n al trabajador y al centro espec\u00edfico. Si el operario tiene acceso a otros centros, estos accesos no se ver\u00e1n afectados por los cambios realizados desde esta pantalla. Habr\u00e1 que hacerlo uno a uno para todos los centros.<\/p>\n<p>Una vez modificado un registro en la aplicaci\u00f3n web y para que esta sea efectiva en la aplicaci\u00f3n m\u00f3vil, habr\u00e1 que hacer una sincronizaci\u00f3n de la aplicaci\u00f3n m\u00f3vil.<\/p>\n<\/div><div class=\"fusion-menu-anchor\" id=\"Bloquear\"><\/div><style type=\"text\/css\"><\/style><div class=\"fusion-title title fusion-title-5 fusion-sep-none fusion-title-text fusion-title-size-one\" style=\"margin-top:0px;margin-right:0px;margin-bottom:31px;margin-left:0px;\"><h1 class=\"title-heading-left\" style=\"margin:0;\"><h3><span style=\"color: #0375c9;\">1. Bloquear acceso a trabajador\/veh\u00edculo<br \/>\n<\/span><\/h3><\/h1><\/div><div class=\"fusion-text fusion-text-8\"><p>Bloquear el acceso a un trabajador implicar\u00e1 que el operario no tendr\u00e1 acceso al centro a pesar de que su documentaci\u00f3n en la aplicaci\u00f3n de tdoc sea correcta.<\/p>\n<p>Para bloquear el acceso a un trabajador o veh\u00edculo habr\u00e1 que buscarlo en la tabla y en el bot\u00f3n de acciones pulsar Bloquear acceso. Desde ese momento el trabajador dejar\u00e1 de tener acceso al centro.<\/p>\n<\/div><div class=\"fusion-menu-anchor\" id=\"Forzar\"><\/div><style type=\"text\/css\"><\/style><div class=\"fusion-title title fusion-title-6 fusion-sep-none fusion-title-text fusion-title-size-one\" style=\"margin-top:0px;margin-right:0px;margin-bottom:31px;margin-left:0px;\"><h1 class=\"title-heading-left\" style=\"margin:0;\"><h3><span style=\"color: #0375c9;\">2. Forzar acceso a trabajador\/veh\u00edculo<br \/>\n<\/span><\/h3><\/h1><\/div><div class=\"fusion-text fusion-text-9\"><p>Forzar el acceso del trabajador har\u00e1 que este tenga acceso al centro independientemente del estado de la documentaci\u00f3n en la aplicaci\u00f3n de tdoc.<\/p>\n<p>Para Forzar el acceso a un trabajador habr\u00e1 que buscarlo en la tabla y sobre el bot\u00f3n de acciones seleccionar Forzar acceso. A partir de ese momento el trabajador tendr\u00e1 acceso al centro.<\/p>\n<\/div><style type=\"text\/css\"><\/style><div class=\"fusion-title title fusion-title-7 fusion-sep-none fusion-title-text fusion-title-size-one\" style=\"margin-top:0px;margin-right:0px;margin-bottom:31px;margin-left:0px;\"><h1 class=\"title-heading-left\" style=\"margin:0;\"><h3><span style=\"color: #0375c9;\">3. Modificar acceso a acceso por defecto<br \/>\n<\/span><\/h3><\/h1><\/div><div class=\"fusion-text fusion-text-10\"><p>Por defecto la aplicaci\u00f3n usa el acceso por documentaci\u00f3n para indicar si un trabajador tiene o no acceso al centro. Si un trabajador o veh\u00edculo est\u00e1 en modo Acceso bloqueado o Forzar acceso, su acceso quedar\u00e1 bloqueado o forzado independientemente del estado de su documentaci\u00f3n en tdoc.<\/p>\n<p>Para poner el c\u00e1lculo de acceso por documentaci\u00f3n de nuevo habr\u00e1 que localizar en la tabla el trabajador y desde el men\u00fa de acciones seleccionar Acceso por documentaci\u00f3n.<\/p>\n<\/div><div class=\"fusion-clearfix\"><\/div><\/div><\/div><\/div><\/div><div class=\"fusion-fullwidth fullwidth-box fusion-builder-row-4 nonhundred-percent-fullwidth non-hundred-percent-height-scrolling\" style=\"background-color: rgba(255,255,255,0);background-position: center center;background-repeat: no-repeat;padding-top:20px;padding-right:0px;padding-bottom:20px;padding-left:0px;margin-bottom: 0px;margin-top: 0px;border-width: 0px 0px 0px 0px;border-color:#eae9e9;border-style:solid;\" ><div class=\"fusion-builder-row fusion-row\"><div class=\"fusion-layout-column fusion_builder_column fusion-builder-column-3 fusion_builder_column_1_1 1_1 fusion-one-full fusion-column-first fusion-column-last\" style=\"margin-top:0px;margin-bottom:20px;\"><div class=\"fusion-column-wrapper fusion-flex-column-wrapper-legacy\" style=\"background-position:left top;background-repeat:no-repeat;-webkit-background-size:cover;-moz-background-size:cover;-o-background-size:cover;background-size:cover;padding: 0px 0px 0px 0px;\"><style type=\"text\/css\"><\/style><div class=\"fusion-title title fusion-title-8 fusion-sep-none fusion-title-text fusion-title-size-one\" style=\"margin-top:0px;margin-right:0px;margin-bottom:31px;margin-left:0px;\"><h1 class=\"title-heading-left\" style=\"margin:0;\"><h2><span style=\"color: #0375c9;\">Consultar trabajadores trabajando en centro<br \/>\n<\/span><\/h2><\/h1><\/div><div class=\"fusion-text fusion-text-11\"><p>Desde la aplicaci\u00f3n m\u00f3vil se marcan las entradas y salidas de trabajadores en los centros de trabajo. Con la aplicaci\u00f3n web se puede consultar en cualquier momento los trabajadores que est\u00e1n operando en el centro en cualquier momento.<\/p>\n<p>Para realizar la consulta hay que acceder al men\u00fa de acciones desde la pantalla de centros de trabajo y pulsar en Detalles. Esto llevar\u00e1 a una pantalla donde se listan los trabajadores que est\u00e1n actualmente trabajando en el centro.<\/p>\n<\/div><div class=\"imageframe-liftup fusion-image-frame-bottomshadow image-frame-shadow-5\"><style>.element-bottomshadow.imageframe-5:before, .element-bottomshadow.imageframe-5:after{-webkit-box-shadow: 0 17px 10px rgba(0,0,0,0.4);box-shadow: 0 17px 10px rgba(0,0,0,0.4);}<\/style><span class=\" fusion-imageframe imageframe-bottomshadow imageframe-5 element-bottomshadow\"><a href=\"https:\/\/help.tdoc.es\/wp-content\/uploads\/2022\/02\/Captura-de-pantalla-2022-02-23-154838-2-1024x293.png\" class=\"fusion-lightbox\" data-rel=\"iLightbox[bfd8171d846ff04a6ab]\" data-title=\"Captura de pantalla 2022-02-23 154838\" title=\"Captura de pantalla 2022-02-23 154838\"><img width=\"1024\" height=\"293\" alt=\"boton vista\" src=\"https:\/\/help.tdoc.es\/wp-content\/uploads\/2022\/02\/Captura-de-pantalla-2022-02-23-154838-2-1024x293.png\" class=\"img-responsive wp-image-17048\" srcset=\"https:\/\/help.tdoc.es\/wp-content\/uploads\/2022\/02\/Captura-de-pantalla-2022-02-23-154838-2-200x57.png 200w, https:\/\/help.tdoc.es\/wp-content\/uploads\/2022\/02\/Captura-de-pantalla-2022-02-23-154838-2-400x114.png 400w, https:\/\/help.tdoc.es\/wp-content\/uploads\/2022\/02\/Captura-de-pantalla-2022-02-23-154838-2-600x171.png 600w, https:\/\/help.tdoc.es\/wp-content\/uploads\/2022\/02\/Captura-de-pantalla-2022-02-23-154838-2-800x229.png 800w, https:\/\/help.tdoc.es\/wp-content\/uploads\/2022\/02\/Captura-de-pantalla-2022-02-23-154838-2-1200x343.png 1200w, https:\/\/help.tdoc.es\/wp-content\/uploads\/2022\/02\/Captura-de-pantalla-2022-02-23-154838-2.png 1564w\" sizes=\"(max-width: 800px) 100vw, 1200px\" \/><\/a><\/span><\/div><div class=\"fusion-text fusion-text-12\"><p>Desde esta pantalla se puede desde el bot\u00f3n de acciones Sacar empleado marcar la salida de un trabajador. Esto quitar\u00e1 al trabajador de la lista de trabajadores en centro y pasar\u00e1 a aparecer en el hist\u00f3rico.<\/p>\n<p>Es importante indicar que desde que se le marca el acceso o salida de un trabajador desde la aplicaci\u00f3n m\u00f3vil, no aparece inmediatamente en la web, para que se vea en la pantalla el operario del tel\u00e9fono m\u00f3vil tiene que sincronizar los datos<\/p>\n<\/div><div class=\"fusion-clearfix\"><\/div><\/div><\/div><\/div><\/div><div class=\"fusion-fullwidth fullwidth-box fusion-builder-row-5 nonhundred-percent-fullwidth non-hundred-percent-height-scrolling\" style=\"background-color: rgba(255,255,255,0);background-position: center center;background-repeat: no-repeat;padding-top:20px;padding-right:0px;padding-bottom:20px;padding-left:0px;margin-bottom: 0px;margin-top: 0px;border-width: 0px 0px 0px 0px;border-color:#eae9e9;border-style:solid;\" ><div class=\"fusion-builder-row fusion-row\"><div class=\"fusion-layout-column fusion_builder_column fusion-builder-column-4 fusion_builder_column_1_1 1_1 fusion-one-full fusion-column-first fusion-column-last\" style=\"margin-top:0px;margin-bottom:20px;\"><div class=\"fusion-column-wrapper fusion-flex-column-wrapper-legacy\" style=\"background-position:left top;background-repeat:no-repeat;-webkit-background-size:cover;-moz-background-size:cover;-o-background-size:cover;background-size:cover;padding: 0px 0px 0px 0px;\"><style type=\"text\/css\"><\/style><div class=\"fusion-title title fusion-title-9 fusion-sep-none fusion-title-text fusion-title-size-one\" style=\"margin-top:0px;margin-right:0px;margin-bottom:31px;margin-left:0px;\"><h1 class=\"title-heading-left\" style=\"margin:0;\"><h2><span style=\"color: #0375c9;\">Consulta de hist\u00f3rico de accesos de trabajadores al centro<br \/>\n<\/span><\/h2><\/h1><\/div><div class=\"fusion-text fusion-text-13\"><p>Igual que se puede ver los trabajadores que est\u00e1n actualmente trabajando en el centro, se puede consultar el hist\u00f3rico de los trabajadores que han accedido al centro.<\/p>\n<p>Para ver el listado de los accesos de los trabajadores hay que pulsar sobre la opci\u00f3n Hist\u00f3rico en el men\u00fa de acciones del centro de trabajo.<\/p>\n<p>El listado muestra por defecto el listado de los accesos de la \u00faltima semana. Si se quiere se puede modificar estas fechas y pulsar en Buscar para ver el nuevo listado.<\/p>\n<\/div><div class=\"imageframe-liftup fusion-image-frame-bottomshadow image-frame-shadow-6\"><style>.element-bottomshadow.imageframe-6:before, .element-bottomshadow.imageframe-6:after{-webkit-box-shadow: 0 17px 10px rgba(0,0,0,0.4);box-shadow: 0 17px 10px rgba(0,0,0,0.4);}<\/style><span class=\" fusion-imageframe imageframe-bottomshadow imageframe-6 element-bottomshadow\"><a href=\"https:\/\/help.tdoc.es\/wp-content\/uploads\/2022\/02\/Captura-de-pantalla-2022-02-23-154838-3-1024x490.png\" class=\"fusion-lightbox\" data-rel=\"iLightbox[738eaf0de08d16a4b9f]\" data-title=\"Captura de pantalla 2022-02-23 154838\" title=\"Captura de pantalla 2022-02-23 154838\"><img width=\"1024\" height=\"490\" alt=\"boton vista\" src=\"https:\/\/help.tdoc.es\/wp-content\/uploads\/2022\/02\/Captura-de-pantalla-2022-02-23-154838-3-1024x490.png\" class=\"img-responsive wp-image-17049\" srcset=\"https:\/\/help.tdoc.es\/wp-content\/uploads\/2022\/02\/Captura-de-pantalla-2022-02-23-154838-3-200x96.png 200w, https:\/\/help.tdoc.es\/wp-content\/uploads\/2022\/02\/Captura-de-pantalla-2022-02-23-154838-3-400x192.png 400w, https:\/\/help.tdoc.es\/wp-content\/uploads\/2022\/02\/Captura-de-pantalla-2022-02-23-154838-3-600x287.png 600w, https:\/\/help.tdoc.es\/wp-content\/uploads\/2022\/02\/Captura-de-pantalla-2022-02-23-154838-3-800x383.png 800w, https:\/\/help.tdoc.es\/wp-content\/uploads\/2022\/02\/Captura-de-pantalla-2022-02-23-154838-3-1200x575.png 1200w, https:\/\/help.tdoc.es\/wp-content\/uploads\/2022\/02\/Captura-de-pantalla-2022-02-23-154838-3.png 1568w\" sizes=\"(max-width: 800px) 100vw, 1200px\" \/><\/a><\/span><\/div><div class=\"fusion-text fusion-text-14\"><p>Igual que se puede ver los trabajadores que est\u00e1n actualmente trabajando en el centro, se puede consultar el hist\u00f3rico de los trabajadores que han accedido al centro.<\/p>\n<p>Para ver el listado de los accesos de los trabajadores hay que pulsar sobre la opci\u00f3n Hist\u00f3rico en el men\u00fa de acciones del centro de trabajo.<\/p>\n<p>El listado muestra por defecto el listado de los accesos de la \u00faltima semana. Si se quiere se puede modificar estas fechas y pulsar en Buscar para ver el nuevo listado.<\/p>\n<\/div><div class=\"fusion-text fusion-text-15\"><p>Se puede ver m\u00e1s detalles de cada acceso buscando el acceso y seleccionando en la columna acciones la opci\u00f3n de Detalles.<\/p>\n<p>Desde el men\u00fa global de acciones arriba a la derecha se puede exportar la tabla a un Excel.<\/p>\n<\/div><div class=\"fusion-clearfix\"><\/div><\/div><\/div><\/div><\/div><\/p>\n","protected":false},"excerpt":{"rendered":"","protected":false},"author":1,"featured_media":0,"parent":12177,"menu_order":0,"comment_status":"closed","ping_status":"closed","template":"","meta":[],"_links":{"self":[{"href":"https:\/\/help.tdoc.es\/index.php\/wp-json\/wp\/v2\/pages\/13065"}],"collection":[{"href":"https:\/\/help.tdoc.es\/index.php\/wp-json\/wp\/v2\/pages"}],"about":[{"href":"https:\/\/help.tdoc.es\/index.php\/wp-json\/wp\/v2\/types\/page"}],"author":[{"embeddable":true,"href":"https:\/\/help.tdoc.es\/index.php\/wp-json\/wp\/v2\/users\/1"}],"replies":[{"embeddable":true,"href":"https:\/\/help.tdoc.es\/index.php\/wp-json\/wp\/v2\/comments?post=13065"}],"version-history":[{"count":9,"href":"https:\/\/help.tdoc.es\/index.php\/wp-json\/wp\/v2\/pages\/13065\/revisions"}],"predecessor-version":[{"id":17051,"href":"https:\/\/help.tdoc.es\/index.php\/wp-json\/wp\/v2\/pages\/13065\/revisions\/17051"}],"up":[{"embeddable":true,"href":"https:\/\/help.tdoc.es\/index.php\/wp-json\/wp\/v2\/pages\/12177"}],"wp:attachment":[{"href":"https:\/\/help.tdoc.es\/index.php\/wp-json\/wp\/v2\/media?parent=13065"}],"curies":[{"name":"wp","href":"https:\/\/api.w.org\/{rel}","templated":true}]}}