{"id":13029,"date":"2020-08-30T13:55:03","date_gmt":"2020-08-30T13:55:03","guid":{"rendered":"https:\/\/help.tdoc.es\/?page_id=13029"},"modified":"2022-02-22T14:35:45","modified_gmt":"2022-02-22T14:35:45","slug":"fichas-de-control","status":"publish","type":"page","link":"https:\/\/help.tdoc.es\/index.php\/manual-tdoc\/12922-2\/fichas-de-control\/","title":{"rendered":"Fichas de control"},"content":{"rendered":"<div class=\"fusion-fullwidth fullwidth-box fusion-builder-row-1 nonhundred-percent-fullwidth non-hundred-percent-height-scrolling\" style=\"background-color: rgba(255,255,255,0);background-position: center center;background-repeat: no-repeat;padding-top:20px;padding-right:0px;padding-bottom:20px;padding-left:0px;margin-bottom: 0px;margin-top: 0px;border-width: 0px 0px 0px 0px;border-color:#eae9e9;border-style:solid;\" ><div class=\"fusion-builder-row fusion-row\"><div class=\"fusion-layout-column fusion_builder_column fusion-builder-column-0 fusion_builder_column_1_1 1_1 fusion-one-full fusion-column-first fusion-column-last\" style=\"margin-top:0px;margin-bottom:20px;\"><div class=\"fusion-column-wrapper fusion-flex-column-wrapper-legacy\" style=\"background-position:left top;background-repeat:no-repeat;-webkit-background-size:cover;-moz-background-size:cover;-o-background-size:cover;background-size:cover;padding: 0px 0px 0px 0px;\"><style type=\"text\/css\"><\/style><div class=\"fusion-title title fusion-title-1 fusion-sep-none fusion-title-text fusion-title-size-one\" style=\"margin-top:0px;margin-right:0px;margin-bottom:31px;margin-left:0px;\"><h1 class=\"title-heading-left\" style=\"margin:0;\"><p><span style=\"color: #0375c9;\"><strong><span style=\"color: #ff0000;\">* <\/span><\/strong>Fichas de control<br \/>\n<\/span><\/p><\/h1><\/div><div class=\"fusion-text fusion-text-1\"><p>Permite realizar o enviar (al propio gestor de contrata) fichas de control \u201cficticias\u201d. Con esta opci\u00f3n solo informa de como estar\u00eda la documentaci\u00f3n.<\/p>\n<p>Es importante recordar que es necesario que en las tareas se deben asociar trabajadores y veh\u00edculos, para que el propio cliente pueda verlo, desde la propia tdoc.<\/p>\n<p><img class=\"alignnone size-large wp-image-13030\" src=\"https:\/\/help.tdoc.es\/wp-content\/uploads\/2020\/08\/1-17-1024x382.png\" alt=\"\" width=\"1024\" height=\"382\" srcset=\"https:\/\/help.tdoc.es\/wp-content\/uploads\/2020\/08\/1-17-200x75.png 200w, https:\/\/help.tdoc.es\/wp-content\/uploads\/2020\/08\/1-17-300x112.png 300w, https:\/\/help.tdoc.es\/wp-content\/uploads\/2020\/08\/1-17-400x149.png 400w, https:\/\/help.tdoc.es\/wp-content\/uploads\/2020\/08\/1-17-600x224.png 600w, https:\/\/help.tdoc.es\/wp-content\/uploads\/2020\/08\/1-17-768x286.png 768w, https:\/\/help.tdoc.es\/wp-content\/uploads\/2020\/08\/1-17-800x298.png 800w, https:\/\/help.tdoc.es\/wp-content\/uploads\/2020\/08\/1-17-1024x382.png 1024w, https:\/\/help.tdoc.es\/wp-content\/uploads\/2020\/08\/1-17-1200x448.png 1200w, https:\/\/help.tdoc.es\/wp-content\/uploads\/2020\/08\/1-17-1536x573.png 1536w, https:\/\/help.tdoc.es\/wp-content\/uploads\/2020\/08\/1-17.png 1890w\" sizes=\"(max-width: 1024px) 100vw, 1024px\" \/><\/p>\n<\/div>\n<div class=\"table-1\">\n<table width=\"100%\">\n<tbody>\n<tr>\n<td align=\"left\"><img class=\" wp-image-17006 aligncenter\" src=\"https:\/\/help.tdoc.es\/wp-content\/uploads\/2022\/02\/Tabla-1_1-5.png\" alt=\"\" width=\"122\" height=\"30\" \/><\/td>\n<td align=\"left\">Permite recuperar el proceso de ficha de control \u00abficticia\u00bb anteriormente guardado.<\/td>\n<\/tr>\n<tr>\n<td align=\"left\"><img class=\" wp-image-17007 aligncenter\" src=\"https:\/\/help.tdoc.es\/wp-content\/uploads\/2022\/02\/Tabla-1_2-5.png\" alt=\"\" width=\"120\" height=\"25\" \/><\/td>\n<td align=\"left\">Permite guardar el proceso de ficha de control \u00abficticia\u00bb. Debe incluir un nombre.<\/p>\n<p><img class=\"wp-image-17010 alignleft\" src=\"https:\/\/help.tdoc.es\/wp-content\/uploads\/2022\/02\/Tabla-1_5-3-300x115.png\" alt=\"\" width=\"313\" height=\"120\" srcset=\"https:\/\/help.tdoc.es\/wp-content\/uploads\/2022\/02\/Tabla-1_5-3-200x76.png 200w, https:\/\/help.tdoc.es\/wp-content\/uploads\/2022\/02\/Tabla-1_5-3-300x115.png 300w, https:\/\/help.tdoc.es\/wp-content\/uploads\/2022\/02\/Tabla-1_5-3-400x153.png 400w, https:\/\/help.tdoc.es\/wp-content\/uploads\/2022\/02\/Tabla-1_5-3.png 502w\" sizes=\"(max-width: 313px) 100vw, 313px\" \/><\/td>\n<\/tr>\n<tr>\n<td align=\"left\"><img class=\" wp-image-17008 aligncenter\" src=\"https:\/\/help.tdoc.es\/wp-content\/uploads\/2022\/02\/Tabla-1_3-4.png\" alt=\"\" width=\"97\" height=\"26\" \/><\/td>\n<td align=\"left\">Permite generar en el momento una ficha de control \u00abficticia\u00bb.<\/td>\n<\/tr>\n<tr>\n<td align=\"left\"><img class=\" wp-image-17009 aligncenter\" src=\"https:\/\/help.tdoc.es\/wp-content\/uploads\/2022\/02\/Tabla-1_4-4.png\" alt=\"\" width=\"97\" height=\"25\" \/><\/td>\n<td align=\"left\">Permite enviar al propio gestor de contrata una ficha de control \u00abficticia\u00bb.<\/td>\n<\/tr>\n<\/tbody>\n<\/table>\n<\/div>\n<div class=\"fusion-text fusion-text-2\"><p>1. Seleccionar empresa.<\/p>\n<p><img class=\"alignnone size-large wp-image-13032\" src=\"https:\/\/help.tdoc.es\/wp-content\/uploads\/2020\/08\/3-7-1024x405.png\" alt=\"\" width=\"1024\" height=\"405\" srcset=\"https:\/\/help.tdoc.es\/wp-content\/uploads\/2020\/08\/3-7-200x79.png 200w, https:\/\/help.tdoc.es\/wp-content\/uploads\/2020\/08\/3-7-300x119.png 300w, https:\/\/help.tdoc.es\/wp-content\/uploads\/2020\/08\/3-7-400x158.png 400w, https:\/\/help.tdoc.es\/wp-content\/uploads\/2020\/08\/3-7-600x238.png 600w, https:\/\/help.tdoc.es\/wp-content\/uploads\/2020\/08\/3-7-768x304.png 768w, https:\/\/help.tdoc.es\/wp-content\/uploads\/2020\/08\/3-7-800x317.png 800w, https:\/\/help.tdoc.es\/wp-content\/uploads\/2020\/08\/3-7-1024x405.png 1024w, https:\/\/help.tdoc.es\/wp-content\/uploads\/2020\/08\/3-7-1200x475.png 1200w, https:\/\/help.tdoc.es\/wp-content\/uploads\/2020\/08\/3-7-1536x608.png 1536w, https:\/\/help.tdoc.es\/wp-content\/uploads\/2020\/08\/3-7.png 1887w\" sizes=\"(max-width: 1024px) 100vw, 1024px\" \/><\/p>\n<p>2. Seleccionar el centro que quieres que aplique en esa ficha de control.<\/p>\n<p><img class=\"alignnone size-large wp-image-13033\" src=\"https:\/\/help.tdoc.es\/wp-content\/uploads\/2020\/08\/4-7-1024x407.png\" alt=\"\" width=\"1024\" height=\"407\" srcset=\"https:\/\/help.tdoc.es\/wp-content\/uploads\/2020\/08\/4-7-200x79.png 200w, https:\/\/help.tdoc.es\/wp-content\/uploads\/2020\/08\/4-7-300x119.png 300w, https:\/\/help.tdoc.es\/wp-content\/uploads\/2020\/08\/4-7-400x159.png 400w, https:\/\/help.tdoc.es\/wp-content\/uploads\/2020\/08\/4-7-600x238.png 600w, https:\/\/help.tdoc.es\/wp-content\/uploads\/2020\/08\/4-7-768x305.png 768w, https:\/\/help.tdoc.es\/wp-content\/uploads\/2020\/08\/4-7-800x318.png 800w, https:\/\/help.tdoc.es\/wp-content\/uploads\/2020\/08\/4-7-1024x407.png 1024w, https:\/\/help.tdoc.es\/wp-content\/uploads\/2020\/08\/4-7-1200x477.png 1200w, https:\/\/help.tdoc.es\/wp-content\/uploads\/2020\/08\/4-7-1536x610.png 1536w, https:\/\/help.tdoc.es\/wp-content\/uploads\/2020\/08\/4-7.png 1887w\" sizes=\"(max-width: 1024px) 100vw, 1024px\" \/><\/p>\n<p>3. Seleccionar trabajadores que quieres que aplique en esa ficha de control.<\/p>\n<p><img class=\"alignnone size-large wp-image-13034\" src=\"https:\/\/help.tdoc.es\/wp-content\/uploads\/2020\/08\/5-5-1024x418.png\" alt=\"\" width=\"1024\" height=\"418\" srcset=\"https:\/\/help.tdoc.es\/wp-content\/uploads\/2020\/08\/5-5-200x82.png 200w, https:\/\/help.tdoc.es\/wp-content\/uploads\/2020\/08\/5-5-300x122.png 300w, https:\/\/help.tdoc.es\/wp-content\/uploads\/2020\/08\/5-5-400x163.png 400w, https:\/\/help.tdoc.es\/wp-content\/uploads\/2020\/08\/5-5-600x245.png 600w, https:\/\/help.tdoc.es\/wp-content\/uploads\/2020\/08\/5-5-669x272.png 669w, https:\/\/help.tdoc.es\/wp-content\/uploads\/2020\/08\/5-5-768x313.png 768w, https:\/\/help.tdoc.es\/wp-content\/uploads\/2020\/08\/5-5-800x327.png 800w, https:\/\/help.tdoc.es\/wp-content\/uploads\/2020\/08\/5-5-1024x418.png 1024w, https:\/\/help.tdoc.es\/wp-content\/uploads\/2020\/08\/5-5-1200x490.png 1200w, https:\/\/help.tdoc.es\/wp-content\/uploads\/2020\/08\/5-5-1536x627.png 1536w, https:\/\/help.tdoc.es\/wp-content\/uploads\/2020\/08\/5-5.png 1889w\" sizes=\"(max-width: 1024px) 100vw, 1024px\" \/><\/p>\n<p>4. Seleccionar Capacitaciones que quieres que aplique en esa ficha de control.<\/p>\n<p><img class=\"alignnone size-large wp-image-13035\" src=\"https:\/\/help.tdoc.es\/wp-content\/uploads\/2020\/08\/6-4-1024x409.png\" alt=\"\" width=\"1024\" height=\"409\" srcset=\"https:\/\/help.tdoc.es\/wp-content\/uploads\/2020\/08\/6-4-200x80.png 200w, https:\/\/help.tdoc.es\/wp-content\/uploads\/2020\/08\/6-4-300x120.png 300w, https:\/\/help.tdoc.es\/wp-content\/uploads\/2020\/08\/6-4-400x160.png 400w, https:\/\/help.tdoc.es\/wp-content\/uploads\/2020\/08\/6-4-600x240.png 600w, https:\/\/help.tdoc.es\/wp-content\/uploads\/2020\/08\/6-4-768x307.png 768w, https:\/\/help.tdoc.es\/wp-content\/uploads\/2020\/08\/6-4-800x320.png 800w, https:\/\/help.tdoc.es\/wp-content\/uploads\/2020\/08\/6-4-1024x409.png 1024w, https:\/\/help.tdoc.es\/wp-content\/uploads\/2020\/08\/6-4-1200x479.png 1200w, https:\/\/help.tdoc.es\/wp-content\/uploads\/2020\/08\/6-4-1536x614.png 1536w, https:\/\/help.tdoc.es\/wp-content\/uploads\/2020\/08\/6-4.png 1885w\" sizes=\"(max-width: 1024px) 100vw, 1024px\" \/><\/p>\n<p>5. Seleccionar veh\u00edculos y maquinaria pesada que quieres que aplique en esa ficha de control.<\/p>\n<p><img class=\"alignnone size-large wp-image-13036\" src=\"https:\/\/help.tdoc.es\/wp-content\/uploads\/2020\/08\/7-4-1024x415.png\" alt=\"\" width=\"1024\" height=\"415\" srcset=\"https:\/\/help.tdoc.es\/wp-content\/uploads\/2020\/08\/7-4-200x81.png 200w, https:\/\/help.tdoc.es\/wp-content\/uploads\/2020\/08\/7-4-300x121.png 300w, https:\/\/help.tdoc.es\/wp-content\/uploads\/2020\/08\/7-4-400x162.png 400w, https:\/\/help.tdoc.es\/wp-content\/uploads\/2020\/08\/7-4-600x243.png 600w, https:\/\/help.tdoc.es\/wp-content\/uploads\/2020\/08\/7-4-669x272.png 669w, https:\/\/help.tdoc.es\/wp-content\/uploads\/2020\/08\/7-4-768x311.png 768w, https:\/\/help.tdoc.es\/wp-content\/uploads\/2020\/08\/7-4-800x324.png 800w, https:\/\/help.tdoc.es\/wp-content\/uploads\/2020\/08\/7-4-1024x415.png 1024w, https:\/\/help.tdoc.es\/wp-content\/uploads\/2020\/08\/7-4-1200x486.png 1200w, https:\/\/help.tdoc.es\/wp-content\/uploads\/2020\/08\/7-4-1536x622.png 1536w, https:\/\/help.tdoc.es\/wp-content\/uploads\/2020\/08\/7-4.png 1887w\" sizes=\"(max-width: 1024px) 100vw, 1024px\" \/><\/p>\n<p>6. Generar ficha \/Enviar por mail.<\/p>\n<\/div><div class=\"fusion-clearfix\"><\/div><\/div><\/div><\/div><\/div>\n","protected":false},"excerpt":{"rendered":"","protected":false},"author":1,"featured_media":0,"parent":12922,"menu_order":0,"comment_status":"closed","ping_status":"closed","template":"","meta":[],"_links":{"self":[{"href":"https:\/\/help.tdoc.es\/index.php\/wp-json\/wp\/v2\/pages\/13029"}],"collection":[{"href":"https:\/\/help.tdoc.es\/index.php\/wp-json\/wp\/v2\/pages"}],"about":[{"href":"https:\/\/help.tdoc.es\/index.php\/wp-json\/wp\/v2\/types\/page"}],"author":[{"embeddable":true,"href":"https:\/\/help.tdoc.es\/index.php\/wp-json\/wp\/v2\/users\/1"}],"replies":[{"embeddable":true,"href":"https:\/\/help.tdoc.es\/index.php\/wp-json\/wp\/v2\/comments?post=13029"}],"version-history":[{"count":4,"href":"https:\/\/help.tdoc.es\/index.php\/wp-json\/wp\/v2\/pages\/13029\/revisions"}],"predecessor-version":[{"id":17012,"href":"https:\/\/help.tdoc.es\/index.php\/wp-json\/wp\/v2\/pages\/13029\/revisions\/17012"}],"up":[{"embeddable":true,"href":"https:\/\/help.tdoc.es\/index.php\/wp-json\/wp\/v2\/pages\/12922"}],"wp:attachment":[{"href":"https:\/\/help.tdoc.es\/index.php\/wp-json\/wp\/v2\/media?parent=13029"}],"curies":[{"name":"wp","href":"https:\/\/api.w.org\/{rel}","templated":true}]}}