{"id":13015,"date":"2020-08-30T13:44:01","date_gmt":"2020-08-30T13:44:01","guid":{"rendered":"https:\/\/help.tdoc.es\/?page_id=13015"},"modified":"2022-02-22T07:56:18","modified_gmt":"2022-02-22T07:56:18","slug":"peticion-de-alta-de-subcontrata","status":"publish","type":"page","link":"https:\/\/help.tdoc.es\/index.php\/manual-tdoc\/12922-2\/peticion-de-alta-de-subcontrata\/","title":{"rendered":"Petici\u00f3n de alta de subcontrata"},"content":{"rendered":"<p><div class=\"fusion-fullwidth fullwidth-box fusion-builder-row-1 nonhundred-percent-fullwidth non-hundred-percent-height-scrolling\" style=\"background-color: rgba(255,255,255,0);background-position: center center;background-repeat: no-repeat;padding-top:20px;padding-right:0px;padding-bottom:20px;padding-left:0px;margin-bottom: 0px;margin-top: 0px;border-width: 0px 0px 0px 0px;border-color:#eae9e9;border-style:solid;\" ><div class=\"fusion-builder-row fusion-row\"><div class=\"fusion-layout-column fusion_builder_column fusion-builder-column-0 fusion_builder_column_1_1 1_1 fusion-one-full fusion-column-first fusion-column-last\" style=\"margin-top:0px;margin-bottom:20px;\"><div class=\"fusion-column-wrapper fusion-flex-column-wrapper-legacy\" style=\"background-position:left top;background-repeat:no-repeat;-webkit-background-size:cover;-moz-background-size:cover;-o-background-size:cover;background-size:cover;padding: 0px 0px 0px 0px;\"><style type=\"text\/css\"><\/style><div class=\"fusion-title title fusion-title-1 fusion-sep-none fusion-title-text fusion-title-size-one\" style=\"margin-top:0px;margin-right:0px;margin-bottom:31px;margin-left:0px;\"><h1 class=\"title-heading-left\" style=\"margin:0;\"><p><span style=\"color: #0375c9;\">Petici\u00f3n de alta de subcontratas<br \/>\n<\/span><\/p><\/h1><\/div><div class=\"fusion-text fusion-text-1\"><p>Como gestor de empresa debe solicitar un alta de subcontrata cuando la tarea o parte de ella vaya a subcontratarlo con otra empresa.<strong>\u00a0<\/strong><\/p>\n<p>Aparece el listado de peticiones de subcontratas, por defecto solo aparecen las que est\u00e1n en estado <span style=\"color: #ffcc00;\"><strong>Sin Procesar<\/strong>.<\/span><\/p>\n<p><img class=\"alignnone size-full wp-image-13024\" src=\"https:\/\/help.tdoc.es\/wp-content\/uploads\/2020\/08\/1-16.png\" alt=\"\" width=\"876\" height=\"328\" srcset=\"https:\/\/help.tdoc.es\/wp-content\/uploads\/2020\/08\/1-16-200x75.png 200w, https:\/\/help.tdoc.es\/wp-content\/uploads\/2020\/08\/1-16-300x112.png 300w, https:\/\/help.tdoc.es\/wp-content\/uploads\/2020\/08\/1-16-400x150.png 400w, https:\/\/help.tdoc.es\/wp-content\/uploads\/2020\/08\/1-16-600x225.png 600w, https:\/\/help.tdoc.es\/wp-content\/uploads\/2020\/08\/1-16-768x288.png 768w, https:\/\/help.tdoc.es\/wp-content\/uploads\/2020\/08\/1-16-800x300.png 800w, https:\/\/help.tdoc.es\/wp-content\/uploads\/2020\/08\/1-16.png 876w\" sizes=\"(max-width: 876px) 100vw, 876px\" \/><\/p>\n<\/div>\n<div class=\"table-1\">\n<table width=\"100%\">\n<tbody>\n<tr>\n<td align=\"left\"><img class=\"alignnone wp-image-17000 aligncenter\" src=\"https:\/\/help.tdoc.es\/wp-content\/uploads\/2022\/02\/Tabla-1_1-4.png\" alt=\"\" width=\"33\" height=\"33\" \/><\/td>\n<td align=\"left\">Permite crear una solicitud de subcontrataci\u00f3n.<\/td>\n<\/tr>\n<tr>\n<td align=\"left\"><img class=\"wp-image-17001 aligncenter\" src=\"https:\/\/help.tdoc.es\/wp-content\/uploads\/2022\/02\/Tabla-1_2-4.png\" alt=\"\" width=\"27\" height=\"34\" \/><\/td>\n<td align=\"left\">Permite cancelar una solicitud de petici\u00f3n de alta.<\/td>\n<\/tr>\n<tr>\n<td align=\"left\"><img class=\"wp-image-17002 aligncenter\" src=\"https:\/\/help.tdoc.es\/wp-content\/uploads\/2022\/02\/Tabla-1_3-3.png\" alt=\"\" width=\"34\" height=\"33\" \/><\/td>\n<td align=\"left\">Permite ver todas las peticiones realizadas por el usuario.<\/td>\n<\/tr>\n<tr>\n<td align=\"left\"><img class=\"wp-image-17003 aligncenter\" src=\"https:\/\/help.tdoc.es\/wp-content\/uploads\/2022\/02\/Tabla-1_4-3.png\" alt=\"\" width=\"35\" height=\"31\" \/><\/td>\n<td align=\"left\">Genera un informe en formato Excel con el listado de peticiones.<\/td>\n<\/tr>\n<\/tbody>\n<\/table>\n<\/div>\n<style type=\"text\/css\"><\/style><div class=\"fusion-title title fusion-title-2 fusion-sep-none fusion-title-text fusion-title-size-two\" style=\"margin-top:0px;margin-right:0px;margin-bottom:31px;margin-left:0px;\"><h2 class=\"title-heading-left\" style=\"margin:0;\"><span style=\"color: #0375c9;\">1. Solicitud de alta de subcontrata <\/span><\/h2><\/div><div class=\"fusion-text fusion-text-2\"><p>Para solicitar un alta de subcontrata debe pulsar \u00a0<img class=\"alignnone size-full wp-image-13016\" src=\"https:\/\/help.tdoc.es\/wp-content\/uploads\/2020\/08\/3.jpg\" alt=\"\" width=\"45\" height=\"39\" \/>\u00a0\u00a0acto seguido comenzar\u00e1 el tutorial de petici\u00f3n de alta de subcontrata.<\/p>\n<p>1. Buscar empresa que quiere subcontratar.<\/p>\n<p><img class=\"alignnone size-large wp-image-13017\" src=\"https:\/\/help.tdoc.es\/wp-content\/uploads\/2020\/08\/3-6-1024x188.png\" alt=\"\" width=\"1024\" height=\"188\" srcset=\"https:\/\/help.tdoc.es\/wp-content\/uploads\/2020\/08\/3-6-200x37.png 200w, https:\/\/help.tdoc.es\/wp-content\/uploads\/2020\/08\/3-6-300x55.png 300w, https:\/\/help.tdoc.es\/wp-content\/uploads\/2020\/08\/3-6-400x73.png 400w, https:\/\/help.tdoc.es\/wp-content\/uploads\/2020\/08\/3-6-600x110.png 600w, https:\/\/help.tdoc.es\/wp-content\/uploads\/2020\/08\/3-6-768x141.png 768w, https:\/\/help.tdoc.es\/wp-content\/uploads\/2020\/08\/3-6-800x147.png 800w, https:\/\/help.tdoc.es\/wp-content\/uploads\/2020\/08\/3-6-1024x188.png 1024w, https:\/\/help.tdoc.es\/wp-content\/uploads\/2020\/08\/3-6-1200x220.png 1200w, https:\/\/help.tdoc.es\/wp-content\/uploads\/2020\/08\/3-6.png 1304w\" sizes=\"(max-width: 1024px) 100vw, 1024px\" \/><\/p>\n<p>2. Selecci\u00f3n de la empresa a subcontratar.<\/p>\n<p>Si ya la ha subcontratado en otras ocasiones se muestra en la lista de empresas.<\/p>\n<p>Si es la primera vez que va a subcontratar a esa empresa deber\u00e1 pulsar el bot\u00f3n <strong>A\u00f1adir.<\/strong><\/p>\n<p><img class=\"alignnone size-full wp-image-13018\" src=\"https:\/\/help.tdoc.es\/wp-content\/uploads\/2020\/08\/4-6.png\" alt=\"\" width=\"887\" height=\"279\" srcset=\"https:\/\/help.tdoc.es\/wp-content\/uploads\/2020\/08\/4-6-200x63.png 200w, https:\/\/help.tdoc.es\/wp-content\/uploads\/2020\/08\/4-6-300x94.png 300w, https:\/\/help.tdoc.es\/wp-content\/uploads\/2020\/08\/4-6-400x126.png 400w, https:\/\/help.tdoc.es\/wp-content\/uploads\/2020\/08\/4-6-600x189.png 600w, https:\/\/help.tdoc.es\/wp-content\/uploads\/2020\/08\/4-6-768x242.png 768w, https:\/\/help.tdoc.es\/wp-content\/uploads\/2020\/08\/4-6-800x252.png 800w, https:\/\/help.tdoc.es\/wp-content\/uploads\/2020\/08\/4-6.png 887w\" sizes=\"(max-width: 887px) 100vw, 887px\" \/><\/p>\n<p>2.1. Solo si en el caso anterior, pulsando <strong>A\u00f1adir<\/strong>, le pedir\u00e1 adem\u00e1s informaci\u00f3n sobre la subcontrata como el nombre, CIF y pa\u00eds de la empresa.<\/p>\n<p><img class=\"alignnone size-large wp-image-13019\" src=\"https:\/\/help.tdoc.es\/wp-content\/uploads\/2020\/08\/5-4-1024x155.png\" alt=\"\" width=\"1024\" height=\"155\" srcset=\"https:\/\/help.tdoc.es\/wp-content\/uploads\/2020\/08\/5-4-200x30.png 200w, https:\/\/help.tdoc.es\/wp-content\/uploads\/2020\/08\/5-4-300x45.png 300w, https:\/\/help.tdoc.es\/wp-content\/uploads\/2020\/08\/5-4-400x61.png 400w, https:\/\/help.tdoc.es\/wp-content\/uploads\/2020\/08\/5-4-600x91.png 600w, https:\/\/help.tdoc.es\/wp-content\/uploads\/2020\/08\/5-4-768x116.png 768w, https:\/\/help.tdoc.es\/wp-content\/uploads\/2020\/08\/5-4-800x121.png 800w, https:\/\/help.tdoc.es\/wp-content\/uploads\/2020\/08\/5-4-1024x155.png 1024w, https:\/\/help.tdoc.es\/wp-content\/uploads\/2020\/08\/5-4-1200x182.png 1200w, https:\/\/help.tdoc.es\/wp-content\/uploads\/2020\/08\/5-4-1536x233.png 1536w, https:\/\/help.tdoc.es\/wp-content\/uploads\/2020\/08\/5-4.png 1908w\" sizes=\"(max-width: 1024px) 100vw, 1024px\" \/><\/p>\n<p>3. Datos del gestor de la empresa<\/p>\n<p>Debe haber al menos un gestor para esta nueva empresa.<\/p>\n<p>Si usted va a gestionar esta empresa pulse el bot\u00f3n <strong>Voy a gestionar esta empresa yo mismo.<\/strong><\/p>\n<p>Si la empresa ya dispone de alg\u00fan gestor, permite omitir este paso.<\/p>\n<p>Si quiere a\u00f1adir m\u00e1s de un gestor, complete los datos y pulse el bot\u00f3n <strong>A\u00f1adir gestor<\/strong>. Repita este paso tantas veces como gestores desee crear.<\/p>\n<p>Cuando termine pulse el bot\u00f3n <strong>Siguiente.<\/strong><\/p>\n<p><img class=\"alignnone size-large wp-image-13020\" src=\"https:\/\/help.tdoc.es\/wp-content\/uploads\/2020\/08\/6-3-1024x237.png\" alt=\"\" width=\"1024\" height=\"237\" srcset=\"https:\/\/help.tdoc.es\/wp-content\/uploads\/2020\/08\/6-3-200x46.png 200w, https:\/\/help.tdoc.es\/wp-content\/uploads\/2020\/08\/6-3-300x69.png 300w, https:\/\/help.tdoc.es\/wp-content\/uploads\/2020\/08\/6-3-400x93.png 400w, https:\/\/help.tdoc.es\/wp-content\/uploads\/2020\/08\/6-3-600x139.png 600w, https:\/\/help.tdoc.es\/wp-content\/uploads\/2020\/08\/6-3-768x178.png 768w, https:\/\/help.tdoc.es\/wp-content\/uploads\/2020\/08\/6-3-800x185.png 800w, https:\/\/help.tdoc.es\/wp-content\/uploads\/2020\/08\/6-3-1024x237.png 1024w, https:\/\/help.tdoc.es\/wp-content\/uploads\/2020\/08\/6-3-1200x278.png 1200w, https:\/\/help.tdoc.es\/wp-content\/uploads\/2020\/08\/6-3-1536x356.png 1536w, https:\/\/help.tdoc.es\/wp-content\/uploads\/2020\/08\/6-3.png 1896w\" sizes=\"(max-width: 1024px) 100vw, 1024px\" \/><\/p>\n<p>4. Selecci\u00f3n de tarea \/ tareas en las que va a subcontratar<\/p>\n<p>Deber\u00e1 seleccionar sobre qu\u00e9 tareas va a actuar la empresa como subcontrata. Si va a subcontratar esta empresa en varias tareas puede seleccionar varias a la vez. Una vez seleccionadas pulse el bot\u00f3n <strong>Siguiente.<\/strong><\/p>\n<p><img class=\"alignnone size-large wp-image-13021\" src=\"https:\/\/help.tdoc.es\/wp-content\/uploads\/2020\/08\/7-3-1024x359.png\" alt=\"\" width=\"1024\" height=\"359\" srcset=\"https:\/\/help.tdoc.es\/wp-content\/uploads\/2020\/08\/7-3-200x70.png 200w, https:\/\/help.tdoc.es\/wp-content\/uploads\/2020\/08\/7-3-300x105.png 300w, https:\/\/help.tdoc.es\/wp-content\/uploads\/2020\/08\/7-3-400x140.png 400w, https:\/\/help.tdoc.es\/wp-content\/uploads\/2020\/08\/7-3-600x210.png 600w, https:\/\/help.tdoc.es\/wp-content\/uploads\/2020\/08\/7-3-768x269.png 768w, https:\/\/help.tdoc.es\/wp-content\/uploads\/2020\/08\/7-3-800x281.png 800w, https:\/\/help.tdoc.es\/wp-content\/uploads\/2020\/08\/7-3-1024x359.png 1024w, https:\/\/help.tdoc.es\/wp-content\/uploads\/2020\/08\/7-3-1200x421.png 1200w, https:\/\/help.tdoc.es\/wp-content\/uploads\/2020\/08\/7-3-1536x539.png 1536w, https:\/\/help.tdoc.es\/wp-content\/uploads\/2020\/08\/7-3.png 1885w\" sizes=\"(max-width: 1024px) 100vw, 1024px\" \/><\/p>\n<p>5. Resumen de la petici\u00f3n<\/p>\n<p>El \u00faltimo paso es un resumen de la petici\u00f3n donde se indican los datos que se han ido introduciendo a lo largo del tutorial.<\/p>\n<p>Deber\u00e1 pulsar el bot\u00f3n <strong>Guardar<\/strong> para enviar la petici\u00f3n.<\/p>\n<p><img class=\"alignnone size-large wp-image-13022\" src=\"https:\/\/help.tdoc.es\/wp-content\/uploads\/2020\/08\/8-3-1024x276.png\" alt=\"\" width=\"1024\" height=\"276\" srcset=\"https:\/\/help.tdoc.es\/wp-content\/uploads\/2020\/08\/8-3-200x54.png 200w, https:\/\/help.tdoc.es\/wp-content\/uploads\/2020\/08\/8-3-300x81.png 300w, https:\/\/help.tdoc.es\/wp-content\/uploads\/2020\/08\/8-3-400x108.png 400w, https:\/\/help.tdoc.es\/wp-content\/uploads\/2020\/08\/8-3-600x162.png 600w, https:\/\/help.tdoc.es\/wp-content\/uploads\/2020\/08\/8-3-768x207.png 768w, https:\/\/help.tdoc.es\/wp-content\/uploads\/2020\/08\/8-3-800x216.png 800w, https:\/\/help.tdoc.es\/wp-content\/uploads\/2020\/08\/8-3-1024x276.png 1024w, https:\/\/help.tdoc.es\/wp-content\/uploads\/2020\/08\/8-3-1200x323.png 1200w, https:\/\/help.tdoc.es\/wp-content\/uploads\/2020\/08\/8-3-1536x414.png 1536w, https:\/\/help.tdoc.es\/wp-content\/uploads\/2020\/08\/8-3.png 1908w\" sizes=\"(max-width: 1024px) 100vw, 1024px\" \/><\/p>\n<p>La petici\u00f3n de alta de subcontrata implica el env\u00edo de un e-mail tanto al gestor de contrata que lo realiza como a los propios gestores de la contrata a subcontratar.<\/p>\n<p>En determinados clientes adem\u00e1s se les env\u00eda a los propios responsables del centro.<\/p>\n<p>Hasta que no reciba un segundo correo con la confirmaci\u00f3n de que la petici\u00f3n se ha <span style=\"color: #339966;\"><strong>Procesado<\/strong><\/span>, esta solicitud no est\u00e1 en producci\u00f3n.<\/p>\n<p>Una vez solicitado la petici\u00f3n de alta, se registra en el listado de altas de subcontrataciones.<\/p>\n<\/div><style type=\"text\/css\"><\/style><div class=\"fusion-title title fusion-title-3 fusion-sep-none fusion-title-text fusion-title-size-two\" style=\"margin-top:0px;margin-right:0px;margin-bottom:31px;margin-left:0px;\"><h2 class=\"title-heading-left\" style=\"margin:0;\"><span style=\"color: #0375c9;\">2. Cancelar solicitud de petici\u00f3n <\/span><\/h2><\/div><div class=\"fusion-text fusion-text-3\"><p>Permite cancelar las solicitudes de alta que a\u00fan est\u00e9n <span style=\"color: #ffcc00;\"><strong>Sin procesar<\/strong><\/span>, debes seleccionar previamente la petici\u00f3n a cancelar.<\/p>\n<p>Usted puede tambi\u00e9n cancelar una solicitud de alta, seleccionando la(s) que desee de las disponibles y pulsando el correspondiente bot\u00f3n en la barra de tareas.<\/p>\n<p><img class=\"alignnone size-large wp-image-14241\" src=\"https:\/\/help.tdoc.es\/wp-content\/uploads\/2021\/04\/cancelarPeticionContrata-1024x210.png\" alt=\"\" width=\"1024\" height=\"210\" srcset=\"https:\/\/help.tdoc.es\/wp-content\/uploads\/2021\/04\/cancelarPeticionContrata-200x41.png 200w, https:\/\/help.tdoc.es\/wp-content\/uploads\/2021\/04\/cancelarPeticionContrata-300x62.png 300w, https:\/\/help.tdoc.es\/wp-content\/uploads\/2021\/04\/cancelarPeticionContrata-400x82.png 400w, https:\/\/help.tdoc.es\/wp-content\/uploads\/2021\/04\/cancelarPeticionContrata-600x123.png 600w, https:\/\/help.tdoc.es\/wp-content\/uploads\/2021\/04\/cancelarPeticionContrata-768x158.png 768w, https:\/\/help.tdoc.es\/wp-content\/uploads\/2021\/04\/cancelarPeticionContrata-800x164.png 800w, https:\/\/help.tdoc.es\/wp-content\/uploads\/2021\/04\/cancelarPeticionContrata-1024x210.png 1024w, https:\/\/help.tdoc.es\/wp-content\/uploads\/2021\/04\/cancelarPeticionContrata-1200x246.png 1200w, https:\/\/help.tdoc.es\/wp-content\/uploads\/2021\/04\/cancelarPeticionContrata-1536x315.png 1536w, https:\/\/help.tdoc.es\/wp-content\/uploads\/2021\/04\/cancelarPeticionContrata.png 1901w\" sizes=\"(max-width: 1024px) 100vw, 1024px\" \/><\/p>\n<\/div><style type=\"text\/css\"><\/style><div class=\"fusion-title title fusion-title-4 fusion-sep-none fusion-title-text fusion-title-size-two\" style=\"margin-top:0px;margin-right:0px;margin-bottom:31px;margin-left:0px;\"><h2 class=\"title-heading-left\" style=\"margin:0;\"><span style=\"color: #0375c9;\">3. Mostrar todas las peticiones <\/span><\/h2><\/div><div class=\"fusion-text fusion-text-4\"><p>Permite ver todas las peticiones realizada por el usuario.<\/p>\n<\/div><div class=\"fusion-clearfix\"><\/div><\/div><\/div><\/div><\/div><div class=\"fusion-fullwidth fullwidth-box fusion-builder-row-2 nonhundred-percent-fullwidth non-hundred-percent-height-scrolling\" style=\"background-color: rgba(255,255,255,0);background-position: center center;background-repeat: no-repeat;padding-top:20px;padding-right:0px;padding-bottom:20px;padding-left:0px;margin-bottom: 0px;margin-top: 0px;border-width: 0px 0px 0px 0px;border-color:#eae9e9;border-style:solid;\" ><div class=\"fusion-builder-row fusion-row\"><div class=\"fusion-layout-column fusion_builder_column fusion-builder-column-1 fusion_builder_column_1_1 1_1 fusion-one-full fusion-column-first fusion-column-last\" style=\"margin-top:0px;margin-bottom:20px;\"><div class=\"fusion-column-wrapper fusion-flex-column-wrapper-legacy\" style=\"background-position:left top;background-repeat:no-repeat;-webkit-background-size:cover;-moz-background-size:cover;-o-background-size:cover;background-size:cover;padding: 0px 0px 0px 0px;\"><div class=\"fusion-clearfix\"><\/div><\/div><\/div><\/div><\/div><div class=\"fusion-fullwidth fullwidth-box fusion-builder-row-3 nonhundred-percent-fullwidth non-hundred-percent-height-scrolling\" style=\"background-color: rgba(255,255,255,0);background-position: center center;background-repeat: no-repeat;padding-top:20px;padding-right:0px;padding-bottom:20px;padding-left:0px;margin-bottom: 0px;margin-top: 0px;border-width: 0px 0px 0px 0px;border-color:#eae9e9;border-style:solid;\" ><div class=\"fusion-builder-row fusion-row\"><div class=\"fusion-layout-column fusion_builder_column fusion-builder-column-2 fusion_builder_column_1_1 1_1 fusion-one-full fusion-column-first fusion-column-last\" style=\"margin-top:0px;margin-bottom:20px;\"><div class=\"fusion-column-wrapper fusion-flex-column-wrapper-legacy\" style=\"background-position:left top;background-repeat:no-repeat;-webkit-background-size:cover;-moz-background-size:cover;-o-background-size:cover;background-size:cover;padding: 0px 0px 0px 0px;\"><div class=\"fusion-clearfix\"><\/div><\/div><\/div><\/div><\/div><\/p>\n","protected":false},"excerpt":{"rendered":"","protected":false},"author":1,"featured_media":0,"parent":12922,"menu_order":0,"comment_status":"closed","ping_status":"closed","template":"","meta":[],"_links":{"self":[{"href":"https:\/\/help.tdoc.es\/index.php\/wp-json\/wp\/v2\/pages\/13015"}],"collection":[{"href":"https:\/\/help.tdoc.es\/index.php\/wp-json\/wp\/v2\/pages"}],"about":[{"href":"https:\/\/help.tdoc.es\/index.php\/wp-json\/wp\/v2\/types\/page"}],"author":[{"embeddable":true,"href":"https:\/\/help.tdoc.es\/index.php\/wp-json\/wp\/v2\/users\/1"}],"replies":[{"embeddable":true,"href":"https:\/\/help.tdoc.es\/index.php\/wp-json\/wp\/v2\/comments?post=13015"}],"version-history":[{"count":7,"href":"https:\/\/help.tdoc.es\/index.php\/wp-json\/wp\/v2\/pages\/13015\/revisions"}],"predecessor-version":[{"id":17005,"href":"https:\/\/help.tdoc.es\/index.php\/wp-json\/wp\/v2\/pages\/13015\/revisions\/17005"}],"up":[{"embeddable":true,"href":"https:\/\/help.tdoc.es\/index.php\/wp-json\/wp\/v2\/pages\/12922"}],"wp:attachment":[{"href":"https:\/\/help.tdoc.es\/index.php\/wp-json\/wp\/v2\/media?parent=13015"}],"curies":[{"name":"wp","href":"https:\/\/api.w.org\/{rel}","templated":true}]}}