{"id":13007,"date":"2020-08-30T12:38:16","date_gmt":"2020-08-30T12:38:16","guid":{"rendered":"https:\/\/help.tdoc.es\/?page_id=13007"},"modified":"2021-05-04T14:15:11","modified_gmt":"2021-05-04T14:15:11","slug":"arbol-de-subcontratacion","status":"publish","type":"page","link":"https:\/\/help.tdoc.es\/index.php\/manual-tdoc\/12922-2\/arbol-de-subcontratacion\/","title":{"rendered":"\u00c1rbol de subcontrataci\u00f3n"},"content":{"rendered":"<p><div class=\"fusion-fullwidth fullwidth-box fusion-builder-row-1 nonhundred-percent-fullwidth non-hundred-percent-height-scrolling\" style=\"background-color: rgba(255,255,255,0);background-position: center center;background-repeat: no-repeat;padding-top:20px;padding-right:0px;padding-bottom:20px;padding-left:0px;margin-bottom: 0px;margin-top: 0px;border-width: 0px 0px 0px 0px;border-color:#eae9e9;border-style:solid;\" ><div class=\"fusion-builder-row fusion-row\"><div class=\"fusion-layout-column fusion_builder_column fusion-builder-column-0 fusion_builder_column_1_1 1_1 fusion-one-full fusion-column-first fusion-column-last\" style=\"margin-top:0px;margin-bottom:20px;\"><div class=\"fusion-column-wrapper fusion-flex-column-wrapper-legacy\" style=\"background-position:left top;background-repeat:no-repeat;-webkit-background-size:cover;-moz-background-size:cover;-o-background-size:cover;background-size:cover;padding: 0px 0px 0px 0px;\"><style type=\"text\/css\"><\/style><div class=\"fusion-title title fusion-title-1 fusion-sep-none fusion-title-text fusion-title-size-one\" style=\"margin-top:0px;margin-right:0px;margin-bottom:31px;margin-left:0px;\"><h1 class=\"title-heading-left\" style=\"margin:0;\"><p><span style=\"color: #0375c9;\">\u00c1rbol de subcontrataci\u00f3n<br \/>\n<\/span><\/p><\/h1><\/div><div class=\"fusion-text fusion-text-1\"><p>Acceso a la documentaci\u00f3n de las tareas de sus subcontratas. Usted como gestor de empresa tiene acceso al \u00e1rbol de subcontrataci\u00f3n de las empresas que gestiona.<\/p>\n<p>Para ver el \u00e1rbol de contrataci\u00f3n de un centro previamente debe seleccionarlo.<\/p>\n<p><img class=\"alignnone size-large wp-image-13012\" src=\"https:\/\/help.tdoc.es\/wp-content\/uploads\/2020\/08\/1-15-1024x170.png\" alt=\"\" width=\"1024\" height=\"170\" srcset=\"https:\/\/help.tdoc.es\/wp-content\/uploads\/2020\/08\/1-15-200x33.png 200w, https:\/\/help.tdoc.es\/wp-content\/uploads\/2020\/08\/1-15-300x50.png 300w, https:\/\/help.tdoc.es\/wp-content\/uploads\/2020\/08\/1-15-400x66.png 400w, https:\/\/help.tdoc.es\/wp-content\/uploads\/2020\/08\/1-15-600x100.png 600w, https:\/\/help.tdoc.es\/wp-content\/uploads\/2020\/08\/1-15-768x128.png 768w, https:\/\/help.tdoc.es\/wp-content\/uploads\/2020\/08\/1-15-800x133.png 800w, https:\/\/help.tdoc.es\/wp-content\/uploads\/2020\/08\/1-15-1024x170.png 1024w, https:\/\/help.tdoc.es\/wp-content\/uploads\/2020\/08\/1-15-1200x199.png 1200w, https:\/\/help.tdoc.es\/wp-content\/uploads\/2020\/08\/1-15.png 1522w\" sizes=\"(max-width: 1024px) 100vw, 1024px\" \/><\/p>\n<p>Al seleccionar el centro de trabajo se mostrar\u00e1 el \u00e1rbol de contrataci\u00f3n. Al seleccionar la contrata del \u00e1rbol de subcontrataci\u00f3n se mostrar\u00e1n las tareas de esa subcontrata. Cuando no hay ninguno seleccionado se muestran todas las tareas del \u00e1rbol.<\/p>\n<p><img class=\"alignnone size-large wp-image-13009\" src=\"https:\/\/help.tdoc.es\/wp-content\/uploads\/2020\/08\/2-10-1024x230.png\" alt=\"\" width=\"1024\" height=\"230\" srcset=\"https:\/\/help.tdoc.es\/wp-content\/uploads\/2020\/08\/2-10-200x45.png 200w, https:\/\/help.tdoc.es\/wp-content\/uploads\/2020\/08\/2-10-300x68.png 300w, https:\/\/help.tdoc.es\/wp-content\/uploads\/2020\/08\/2-10-400x90.png 400w, https:\/\/help.tdoc.es\/wp-content\/uploads\/2020\/08\/2-10-600x135.png 600w, https:\/\/help.tdoc.es\/wp-content\/uploads\/2020\/08\/2-10-768x173.png 768w, https:\/\/help.tdoc.es\/wp-content\/uploads\/2020\/08\/2-10-800x180.png 800w, https:\/\/help.tdoc.es\/wp-content\/uploads\/2020\/08\/2-10-1024x230.png 1024w, https:\/\/help.tdoc.es\/wp-content\/uploads\/2020\/08\/2-10-1200x270.png 1200w, https:\/\/help.tdoc.es\/wp-content\/uploads\/2020\/08\/2-10-1536x346.png 1536w, https:\/\/help.tdoc.es\/wp-content\/uploads\/2020\/08\/2-10.png 1875w\" sizes=\"(max-width: 1024px) 100vw, 1024px\" \/><\/p>\n<p>Puede ver el detalle de cualquier tarea haciendo clic sobre el icono seleccionar <img class=\"alignnone size-full wp-image-13010\" src=\"https:\/\/help.tdoc.es\/wp-content\/uploads\/2020\/08\/3-5.png\" alt=\"\" width=\"18\" height=\"18\" \/>. Se mostrar\u00e1n los datos de la tarea, as\u00ed como una vista previa de su documentaci\u00f3n.<\/p>\n<p>Es posible editar tanto el estado de la tarea como el responsable la empresa para los trabajos.<\/p>\n<p><img class=\"alignnone size-large wp-image-13011\" src=\"https:\/\/help.tdoc.es\/wp-content\/uploads\/2020\/08\/4-5-1024x470.png\" alt=\"\" width=\"1024\" height=\"470\" srcset=\"https:\/\/help.tdoc.es\/wp-content\/uploads\/2020\/08\/4-5-200x92.png 200w, https:\/\/help.tdoc.es\/wp-content\/uploads\/2020\/08\/4-5-300x138.png 300w, https:\/\/help.tdoc.es\/wp-content\/uploads\/2020\/08\/4-5-400x184.png 400w, https:\/\/help.tdoc.es\/wp-content\/uploads\/2020\/08\/4-5-600x275.png 600w, https:\/\/help.tdoc.es\/wp-content\/uploads\/2020\/08\/4-5-768x353.png 768w, https:\/\/help.tdoc.es\/wp-content\/uploads\/2020\/08\/4-5-800x367.png 800w, https:\/\/help.tdoc.es\/wp-content\/uploads\/2020\/08\/4-5-1024x470.png 1024w, https:\/\/help.tdoc.es\/wp-content\/uploads\/2020\/08\/4-5-1200x551.png 1200w, https:\/\/help.tdoc.es\/wp-content\/uploads\/2020\/08\/4-5-1536x705.png 1536w, https:\/\/help.tdoc.es\/wp-content\/uploads\/2020\/08\/4-5.png 1858w\" sizes=\"(max-width: 1024px) 100vw, 1024px\" \/><\/p>\n<\/div><div class=\"fusion-clearfix\"><\/div><\/div><\/div><\/div><\/div><div class=\"fusion-fullwidth fullwidth-box fusion-builder-row-2 nonhundred-percent-fullwidth non-hundred-percent-height-scrolling\" style=\"background-color: rgba(255,255,255,0);background-position: center center;background-repeat: no-repeat;padding-top:20px;padding-right:0px;padding-bottom:20px;padding-left:0px;margin-bottom: 0px;margin-top: 0px;border-width: 0px 0px 0px 0px;border-color:#eae9e9;border-style:solid;\" ><div class=\"fusion-builder-row fusion-row\"><div class=\"fusion-layout-column fusion_builder_column fusion-builder-column-1 fusion_builder_column_1_1 1_1 fusion-one-full fusion-column-first fusion-column-last\" style=\"margin-top:0px;margin-bottom:20px;\"><div class=\"fusion-column-wrapper fusion-flex-column-wrapper-legacy\" style=\"background-position:left top;background-repeat:no-repeat;-webkit-background-size:cover;-moz-background-size:cover;-o-background-size:cover;background-size:cover;padding: 0px 0px 0px 0px;\"><div class=\"fusion-clearfix\"><\/div><\/div><\/div><\/div><\/div><div class=\"fusion-fullwidth fullwidth-box fusion-builder-row-3 nonhundred-percent-fullwidth non-hundred-percent-height-scrolling\" style=\"background-color: rgba(255,255,255,0);background-position: center center;background-repeat: no-repeat;padding-top:20px;padding-right:0px;padding-bottom:20px;padding-left:0px;margin-bottom: 0px;margin-top: 0px;border-width: 0px 0px 0px 0px;border-color:#eae9e9;border-style:solid;\" ><div class=\"fusion-builder-row fusion-row\"><div class=\"fusion-layout-column fusion_builder_column fusion-builder-column-2 fusion_builder_column_1_1 1_1 fusion-one-full fusion-column-first fusion-column-last\" style=\"margin-top:0px;margin-bottom:20px;\"><div class=\"fusion-column-wrapper fusion-flex-column-wrapper-legacy\" style=\"background-position:left top;background-repeat:no-repeat;-webkit-background-size:cover;-moz-background-size:cover;-o-background-size:cover;background-size:cover;padding: 0px 0px 0px 0px;\"><div class=\"fusion-clearfix\"><\/div><\/div><\/div><\/div><\/div><\/p>\n","protected":false},"excerpt":{"rendered":"","protected":false},"author":1,"featured_media":0,"parent":12922,"menu_order":0,"comment_status":"closed","ping_status":"closed","template":"","meta":[],"_links":{"self":[{"href":"https:\/\/help.tdoc.es\/index.php\/wp-json\/wp\/v2\/pages\/13007"}],"collection":[{"href":"https:\/\/help.tdoc.es\/index.php\/wp-json\/wp\/v2\/pages"}],"about":[{"href":"https:\/\/help.tdoc.es\/index.php\/wp-json\/wp\/v2\/types\/page"}],"author":[{"embeddable":true,"href":"https:\/\/help.tdoc.es\/index.php\/wp-json\/wp\/v2\/users\/1"}],"replies":[{"embeddable":true,"href":"https:\/\/help.tdoc.es\/index.php\/wp-json\/wp\/v2\/comments?post=13007"}],"version-history":[{"count":3,"href":"https:\/\/help.tdoc.es\/index.php\/wp-json\/wp\/v2\/pages\/13007\/revisions"}],"predecessor-version":[{"id":14785,"href":"https:\/\/help.tdoc.es\/index.php\/wp-json\/wp\/v2\/pages\/13007\/revisions\/14785"}],"up":[{"embeddable":true,"href":"https:\/\/help.tdoc.es\/index.php\/wp-json\/wp\/v2\/pages\/12922"}],"wp:attachment":[{"href":"https:\/\/help.tdoc.es\/index.php\/wp-json\/wp\/v2\/media?parent=13007"}],"curies":[{"name":"wp","href":"https:\/\/api.w.org\/{rel}","templated":true}]}}