{"id":12916,"date":"2020-08-26T08:34:31","date_gmt":"2020-08-26T08:34:31","guid":{"rendered":"https:\/\/help.tdoc.es\/?page_id=12916"},"modified":"2021-05-04T13:43:49","modified_gmt":"2021-05-04T13:43:49","slug":"gestion-administrativa-2","status":"publish","type":"page","link":"https:\/\/help.tdoc.es\/index.php\/manual-tdoc\/gestion-administrativa-2\/","title":{"rendered":"GESTI\u00d3N ADMINISTRATIVA"},"content":{"rendered":"<p><div class=\"fusion-fullwidth fullwidth-box fusion-builder-row-1 nonhundred-percent-fullwidth non-hundred-percent-height-scrolling\" style=\"background-color: rgba(255,255,255,0);background-position: center center;background-repeat: no-repeat;padding-top:20px;padding-right:0px;padding-bottom:20px;padding-left:0px;margin-bottom: 0px;margin-top: 0px;border-width: 0px 0px 0px 0px;border-color:#eae9e9;border-style:solid;\" ><div class=\"fusion-builder-row fusion-row\"><div class=\"fusion-layout-column fusion_builder_column fusion-builder-column-0 fusion_builder_column_1_1 1_1 fusion-one-full fusion-column-first fusion-column-last\" style=\"margin-top:0px;margin-bottom:20px;\"><div class=\"fusion-column-wrapper fusion-flex-column-wrapper-legacy\" style=\"background-position:left top;background-repeat:no-repeat;-webkit-background-size:cover;-moz-background-size:cover;-o-background-size:cover;background-size:cover;padding: 0px 0px 0px 0px;\"><style type=\"text\/css\"><\/style><div class=\"fusion-title title fusion-title-1 fusion-sep-none fusion-title-text fusion-title-size-one\" style=\"margin-top:0px;margin-right:0px;margin-bottom:31px;margin-left:0px;\"><h1 class=\"title-heading-left\" style=\"margin:0;\"><p><span style=\"color: #0375c9;\">GESTI\u00d3N ADMINISTRATIVA<br \/>\n<\/span><\/p><\/h1><\/div><style type=\"text\/css\"><\/style><div class=\"fusion-title title fusion-title-2 fusion-sep-none fusion-title-text fusion-title-size-two\" style=\"margin-top:0px;margin-right:0px;margin-bottom:31px;margin-left:0px;\"><h2 class=\"title-heading-left\" style=\"margin:0;\"><strong><span style=\"color: #0375c9;\">1. Gesti\u00f3n de administradores de contrata<\/span><\/strong><\/h2><\/div><div class=\"fusion-text fusion-text-1\"><p>El gestor de una contrata puede gestionar el resto de los gestores que disponga la empresa.<\/p>\n<p><img class=\"alignnone size-large wp-image-12857\" src=\"https:\/\/help.tdoc.es\/wp-content\/uploads\/2020\/08\/1-1-1024x183.png\" alt=\"\" width=\"1024\" height=\"183\" srcset=\"https:\/\/help.tdoc.es\/wp-content\/uploads\/2020\/08\/1-1-200x36.png 200w, https:\/\/help.tdoc.es\/wp-content\/uploads\/2020\/08\/1-1-300x54.png 300w, https:\/\/help.tdoc.es\/wp-content\/uploads\/2020\/08\/1-1-400x71.png 400w, https:\/\/help.tdoc.es\/wp-content\/uploads\/2020\/08\/1-1-600x107.png 600w, https:\/\/help.tdoc.es\/wp-content\/uploads\/2020\/08\/1-1-768x137.png 768w, https:\/\/help.tdoc.es\/wp-content\/uploads\/2020\/08\/1-1-800x143.png 800w, https:\/\/help.tdoc.es\/wp-content\/uploads\/2020\/08\/1-1-1024x183.png 1024w, https:\/\/help.tdoc.es\/wp-content\/uploads\/2020\/08\/1-1-1200x214.png 1200w, https:\/\/help.tdoc.es\/wp-content\/uploads\/2020\/08\/1-1.png 1250w\" sizes=\"(max-width: 1024px) 100vw, 1024px\" \/><\/p>\n<\/div><style type=\"text\/css\"><\/style><div class=\"fusion-title title fusion-title-3 fusion-sep-none fusion-title-text fusion-title-size-two\" style=\"margin-top:0px;margin-right:0px;margin-bottom:31px;margin-left:0px;\"><h2 class=\"title-heading-left\" style=\"margin:0;\"><span style=\"color: #0375c9;\">1.1. <span style=\"color: #ffcc00;\"><strong>*** <\/strong><\/span>Gestores de contrata. Gestiona los gestores de contrata<\/span><\/h2><\/div><div class=\"fusion-text fusion-text-2\"><p>Permite ver el resto de los gestores que pudiera tener la contrata y tambi\u00e9n permite crear nuevos gestores para la contrata si es necesario.<\/p>\n<p>Permite ver el listado de los gestores de contrata de la empresa.<\/p>\n<p><img class=\"alignnone size-large wp-image-12853\" src=\"https:\/\/help.tdoc.es\/wp-content\/uploads\/2020\/08\/2-1-1024x186.png\" alt=\"\" width=\"1024\" height=\"186\" srcset=\"https:\/\/help.tdoc.es\/wp-content\/uploads\/2020\/08\/2-1-200x36.png 200w, https:\/\/help.tdoc.es\/wp-content\/uploads\/2020\/08\/2-1-300x54.png 300w, https:\/\/help.tdoc.es\/wp-content\/uploads\/2020\/08\/2-1-400x73.png 400w, https:\/\/help.tdoc.es\/wp-content\/uploads\/2020\/08\/2-1-600x109.png 600w, https:\/\/help.tdoc.es\/wp-content\/uploads\/2020\/08\/2-1-768x139.png 768w, https:\/\/help.tdoc.es\/wp-content\/uploads\/2020\/08\/2-1-800x145.png 800w, https:\/\/help.tdoc.es\/wp-content\/uploads\/2020\/08\/2-1-1024x186.png 1024w, https:\/\/help.tdoc.es\/wp-content\/uploads\/2020\/08\/2-1-1200x218.png 1200w, https:\/\/help.tdoc.es\/wp-content\/uploads\/2020\/08\/2-1-1536x278.png 1536w, https:\/\/help.tdoc.es\/wp-content\/uploads\/2020\/08\/2-1.png 1826w\" sizes=\"(max-width: 1024px) 100vw, 1024px\" \/><\/p>\n<p>Permite crear nuevos gestores para la contrata si es necesario pulsando <img class=\"alignnone wp-image-12854\" src=\"https:\/\/help.tdoc.es\/wp-content\/uploads\/2020\/08\/3-1.png\" alt=\"\" width=\"26\" height=\"26\" \/><\/p>\n<p>Solicita los datos necesarios para el nuevo gestor de contrata, as\u00ed como la empresa a la que se le dar\u00e1 acceso. Pulsar guardar para finalizar la operaci\u00f3n.<\/p>\n<p><img class=\"alignnone size-large wp-image-12855\" src=\"https:\/\/help.tdoc.es\/wp-content\/uploads\/2020\/08\/4-1-1024x362.png\" alt=\"\" width=\"1024\" height=\"362\" srcset=\"https:\/\/help.tdoc.es\/wp-content\/uploads\/2020\/08\/4-1-200x71.png 200w, https:\/\/help.tdoc.es\/wp-content\/uploads\/2020\/08\/4-1-300x106.png 300w, https:\/\/help.tdoc.es\/wp-content\/uploads\/2020\/08\/4-1-400x141.png 400w, https:\/\/help.tdoc.es\/wp-content\/uploads\/2020\/08\/4-1-600x212.png 600w, https:\/\/help.tdoc.es\/wp-content\/uploads\/2020\/08\/4-1-768x272.png 768w, https:\/\/help.tdoc.es\/wp-content\/uploads\/2020\/08\/4-1-800x283.png 800w, https:\/\/help.tdoc.es\/wp-content\/uploads\/2020\/08\/4-1-1024x362.png 1024w, https:\/\/help.tdoc.es\/wp-content\/uploads\/2020\/08\/4-1-1200x424.png 1200w, https:\/\/help.tdoc.es\/wp-content\/uploads\/2020\/08\/4-1-1536x543.png 1536w, https:\/\/help.tdoc.es\/wp-content\/uploads\/2020\/08\/4-1.png 1847w\" sizes=\"(max-width: 1024px) 100vw, 1024px\" \/><\/p>\n<\/div><style type=\"text\/css\"><\/style><div class=\"fusion-title title fusion-title-4 fusion-sep-none fusion-title-text fusion-title-size-two\" style=\"margin-top:0px;margin-right:0px;margin-bottom:31px;margin-left:0px;\"><h2 class=\"title-heading-left\" style=\"margin:0;\"><span style=\"color: #0375c9;\">1.2. Darse de baja como gestor de contrata<\/span><\/h2><\/div><div class=\"fusion-text fusion-text-3\"><p>Un administrador puede darse de baja a s\u00ed mismo con la opci\u00f3n Darse de baja como gestor de contrata. Si gestiona m\u00e1s de una empresa debe indicar de cu\u00e1l desea darse de baja (seleccionar del listado de empresas que aparecen en el desplegable).<\/p>\n<p><img class=\"alignnone wp-image-14759\" src=\"https:\/\/help.tdoc.es\/wp-content\/uploads\/2021\/05\/5.1-1.png\" alt=\"\" width=\"466\" height=\"140\" srcset=\"https:\/\/help.tdoc.es\/wp-content\/uploads\/2021\/05\/5.1-1-200x60.png 200w, https:\/\/help.tdoc.es\/wp-content\/uploads\/2021\/05\/5.1-1-300x90.png 300w, https:\/\/help.tdoc.es\/wp-content\/uploads\/2021\/05\/5.1-1-400x120.png 400w, https:\/\/help.tdoc.es\/wp-content\/uploads\/2021\/05\/5.1-1-600x180.png 600w, https:\/\/help.tdoc.es\/wp-content\/uploads\/2021\/05\/5.1-1.png 666w\" sizes=\"(max-width: 466px) 100vw, 466px\" \/><\/p>\n<p>Para finalizar la operaci\u00f3n, pulsar sobre el bot\u00f3n Eliminar.<\/p>\n<p>S\u00f3lo es posible darse de baja como administrador de una empresa si existe otro usuario que administre la empresa. Si la empresa no dispone de otro gestor, debe dar de alta primero al nuevo gestor, para poder darse de baja.<\/p>\n<\/div><div class=\"fusion-clearfix\"><\/div><\/div><\/div><\/div><\/div><div class=\"fusion-fullwidth fullwidth-box fusion-builder-row-2 nonhundred-percent-fullwidth non-hundred-percent-height-scrolling\" style=\"background-color: rgba(255,255,255,0);background-position: center center;background-repeat: no-repeat;padding-top:20px;padding-right:0px;padding-bottom:20px;padding-left:0px;margin-bottom: 0px;margin-top: 0px;border-width: 0px 0px 0px 0px;border-color:#eae9e9;border-style:solid;\" ><div class=\"fusion-builder-row fusion-row\"><div class=\"fusion-layout-column fusion_builder_column fusion-builder-column-1 fusion_builder_column_1_1 1_1 fusion-one-full fusion-column-first fusion-column-last\" style=\"margin-top:0px;margin-bottom:20px;\"><div class=\"fusion-column-wrapper fusion-flex-column-wrapper-legacy\" style=\"background-position:left top;background-repeat:no-repeat;-webkit-background-size:cover;-moz-background-size:cover;-o-background-size:cover;background-size:cover;padding: 0px 0px 0px 0px;\"><div class=\"fusion-clearfix\"><\/div><\/div><\/div><\/div><\/div><div class=\"fusion-fullwidth fullwidth-box fusion-builder-row-3 nonhundred-percent-fullwidth non-hundred-percent-height-scrolling\" style=\"background-color: rgba(255,255,255,0);background-position: center center;background-repeat: no-repeat;padding-top:20px;padding-right:0px;padding-bottom:20px;padding-left:0px;margin-bottom: 0px;margin-top: 0px;border-width: 0px 0px 0px 0px;border-color:#eae9e9;border-style:solid;\" ><div class=\"fusion-builder-row fusion-row\"><div class=\"fusion-layout-column fusion_builder_column fusion-builder-column-2 fusion_builder_column_1_1 1_1 fusion-one-full fusion-column-first fusion-column-last\" style=\"margin-top:0px;margin-bottom:20px;\"><div class=\"fusion-column-wrapper fusion-flex-column-wrapper-legacy\" style=\"background-position:left top;background-repeat:no-repeat;-webkit-background-size:cover;-moz-background-size:cover;-o-background-size:cover;background-size:cover;padding: 0px 0px 0px 0px;\"><div class=\"fusion-clearfix\"><\/div><\/div><\/div><\/div><\/div><\/p>\n","protected":false},"excerpt":{"rendered":"","protected":false},"author":1,"featured_media":0,"parent":12165,"menu_order":0,"comment_status":"closed","ping_status":"closed","template":"","meta":[],"_links":{"self":[{"href":"https:\/\/help.tdoc.es\/index.php\/wp-json\/wp\/v2\/pages\/12916"}],"collection":[{"href":"https:\/\/help.tdoc.es\/index.php\/wp-json\/wp\/v2\/pages"}],"about":[{"href":"https:\/\/help.tdoc.es\/index.php\/wp-json\/wp\/v2\/types\/page"}],"author":[{"embeddable":true,"href":"https:\/\/help.tdoc.es\/index.php\/wp-json\/wp\/v2\/users\/1"}],"replies":[{"embeddable":true,"href":"https:\/\/help.tdoc.es\/index.php\/wp-json\/wp\/v2\/comments?post=12916"}],"version-history":[{"count":3,"href":"https:\/\/help.tdoc.es\/index.php\/wp-json\/wp\/v2\/pages\/12916\/revisions"}],"predecessor-version":[{"id":14761,"href":"https:\/\/help.tdoc.es\/index.php\/wp-json\/wp\/v2\/pages\/12916\/revisions\/14761"}],"up":[{"embeddable":true,"href":"https:\/\/help.tdoc.es\/index.php\/wp-json\/wp\/v2\/pages\/12165"}],"wp:attachment":[{"href":"https:\/\/help.tdoc.es\/index.php\/wp-json\/wp\/v2\/media?parent=12916"}],"curies":[{"name":"wp","href":"https:\/\/api.w.org\/{rel}","templated":true}]}}