{"id":12880,"date":"2020-08-25T15:06:38","date_gmt":"2020-08-25T15:06:38","guid":{"rendered":"https:\/\/help.tdoc.es\/?page_id=12880"},"modified":"2022-06-01T12:38:26","modified_gmt":"2022-06-01T12:38:26","slug":"rgpd","status":"publish","type":"page","link":"https:\/\/help.tdoc.es\/index.php\/manual-tdoc\/rgpd\/","title":{"rendered":"RGPD"},"content":{"rendered":"<p><div class=\"fusion-fullwidth fullwidth-box fusion-builder-row-1 nonhundred-percent-fullwidth non-hundred-percent-height-scrolling\" style=\"background-color: rgba(255,255,255,0);background-position: center center;background-repeat: no-repeat;padding-top:20px;padding-right:0px;padding-bottom:20px;padding-left:0px;margin-bottom: 0px;margin-top: 0px;border-width: 0px 0px 0px 0px;border-color:#eae9e9;border-style:solid;\" ><div class=\"fusion-builder-row fusion-row\"><div class=\"fusion-layout-column fusion_builder_column fusion-builder-column-0 fusion_builder_column_1_1 1_1 fusion-one-full fusion-column-first fusion-column-last\" style=\"margin-top:0px;margin-bottom:20px;\"><div class=\"fusion-column-wrapper fusion-flex-column-wrapper-legacy\" style=\"background-position:left top;background-repeat:no-repeat;-webkit-background-size:cover;-moz-background-size:cover;-o-background-size:cover;background-size:cover;padding: 0px 0px 0px 0px;\"><style type=\"text\/css\"><\/style><div class=\"fusion-title title fusion-title-1 fusion-sep-none fusion-title-text fusion-title-size-one\" style=\"margin-top:0px;margin-right:0px;margin-bottom:31px;margin-left:0px;\"><h1 class=\"title-heading-left\" style=\"margin:0;\"><span style=\"color: #0375c9;\">Reglamento General de Protecci\u00f3n de Datos (RGPD)<\/span><\/h1><\/div><style type=\"text\/css\"><\/style><div class=\"fusion-title title fusion-title-2 fusion-sep-none fusion-title-text fusion-title-size-two\" style=\"margin-top:0px;margin-right:0px;margin-bottom:31px;margin-left:0px;\"><h2 class=\"title-heading-left\" style=\"margin:0;\"><span style=\"color: #0375c9;\">1. Autorizaci\u00f3n por la empresa<\/span><\/h2><\/div><div class=\"fusion-text fusion-text-1\"><p>Los gestores de las empresas deben estar autorizados por la misma para hacer las tramitaciones con la herramienta, siendo necesario a\u00f1adir un archivo (ver plantilla) en el cual la empresa a gestionar le autoriza para dicha gesti\u00f3n.<\/p>\n<p>Si gestiona m\u00e1s de una empresa, deber\u00e1 a\u00f1adir tantos archivos como empresas gestione (cada uno rellenado con los datos de la empresa correspondiente).<\/p>\n<p>Este archivo es necesario para completar el registro, aunque si no lo ha subido o el documento subido est\u00e1 pendiente de validaci\u00f3n o es incorrecto, podr\u00e1 usted continuar utilizando la aplicaci\u00f3n (de manera restringida), pulsando en el bot\u00f3n continuar, en la parte inferior.<\/p>\n<p>Las restricciones se deben principalmente a datos no permitidos, como puede ser el no tener acceso a archivos que no haya subido usted, restricci\u00f3n de ciertos datos o el no poder eliminar trabajadores.<\/p>\n<\/div><style type=\"text\/css\"><\/style><div class=\"fusion-title title fusion-title-3 fusion-sep-none fusion-title-text fusion-title-size-two\" style=\"margin-top:0px;margin-right:0px;margin-bottom:31px;margin-left:0px;\"><h2 class=\"title-heading-left\" style=\"margin:0;\"><span style=\"color: #0375c9;\">1.1. (<strong><span style=\"color: #ff0000;\">*<\/span><\/strong>) Autorizaci\u00f3n del RGPD\u00a0<\/span><\/h2><\/div><div class=\"fusion-text fusion-text-2\"><p>Dependiendo de los requisitos legales de los pa\u00edses respecto de la protecci\u00f3n de datos, puede ser necesario cargar una autorizaci\u00f3n del administrador de la empresa por parte de \u00e9sta.<\/p>\n<p><img class=\"alignnone size-large wp-image-12882\" src=\"https:\/\/help.tdoc.es\/wp-content\/uploads\/2020\/08\/1-5-1024x293.png\" alt=\"\" width=\"1024\" height=\"293\" srcset=\"https:\/\/help.tdoc.es\/wp-content\/uploads\/2020\/08\/1-5-200x57.png 200w, https:\/\/help.tdoc.es\/wp-content\/uploads\/2020\/08\/1-5-300x86.png 300w, https:\/\/help.tdoc.es\/wp-content\/uploads\/2020\/08\/1-5-400x115.png 400w, https:\/\/help.tdoc.es\/wp-content\/uploads\/2020\/08\/1-5-600x172.png 600w, https:\/\/help.tdoc.es\/wp-content\/uploads\/2020\/08\/1-5-768x220.png 768w, https:\/\/help.tdoc.es\/wp-content\/uploads\/2020\/08\/1-5-800x229.png 800w, https:\/\/help.tdoc.es\/wp-content\/uploads\/2020\/08\/1-5-1024x293.png 1024w, https:\/\/help.tdoc.es\/wp-content\/uploads\/2020\/08\/1-5-1200x344.png 1200w, https:\/\/help.tdoc.es\/wp-content\/uploads\/2020\/08\/1-5-1536x440.png 1536w, https:\/\/help.tdoc.es\/wp-content\/uploads\/2020\/08\/1-5.png 1895w\" sizes=\"(max-width: 1024px) 100vw, 1024px\" \/><\/p>\n<p>Cada vez que se accede la aplicaci\u00f3n solicita la carga de la autorizaci\u00f3n, si corresponde y est\u00e1 pendiente, y ofrece la posibilidad de descargar la plantilla de la autorizaci\u00f3n (Descargar plantilla).<\/p>\n<p>Una vez cumplimentada y escaneada se carga seleccionado la opci\u00f3n de \u201cSubir Archivo\u201d. Es posible acceder a la aplicaci\u00f3n sin la carga de la autorizaci\u00f3n pulsando en \u201cContinuar\u201d, pero se aplicar\u00e1n limitaciones en ciertas funciones (indicadas como <span style=\"color: #ffcc00;\"><strong>***<\/strong><\/span>). Una vez cargado este debe ser validado y ya no ser\u00e1 solicitado en los siguientes accesos por la herramienta, mostr\u00e1ndose hasta entonces la siguiente pantalla.<\/p>\n<p><img class=\"alignnone size-large wp-image-12881\" src=\"https:\/\/help.tdoc.es\/wp-content\/uploads\/2020\/08\/2-4-1024x227.png\" alt=\"\" width=\"1024\" height=\"227\" srcset=\"https:\/\/help.tdoc.es\/wp-content\/uploads\/2020\/08\/2-4-200x44.png 200w, https:\/\/help.tdoc.es\/wp-content\/uploads\/2020\/08\/2-4-300x67.png 300w, https:\/\/help.tdoc.es\/wp-content\/uploads\/2020\/08\/2-4-400x89.png 400w, https:\/\/help.tdoc.es\/wp-content\/uploads\/2020\/08\/2-4-600x133.png 600w, https:\/\/help.tdoc.es\/wp-content\/uploads\/2020\/08\/2-4-768x170.png 768w, https:\/\/help.tdoc.es\/wp-content\/uploads\/2020\/08\/2-4-800x178.png 800w, https:\/\/help.tdoc.es\/wp-content\/uploads\/2020\/08\/2-4-1024x227.png 1024w, https:\/\/help.tdoc.es\/wp-content\/uploads\/2020\/08\/2-4-1200x266.png 1200w, https:\/\/help.tdoc.es\/wp-content\/uploads\/2020\/08\/2-4-1536x341.png 1536w, https:\/\/help.tdoc.es\/wp-content\/uploads\/2020\/08\/2-4.png 1906w\" sizes=\"(max-width: 1024px) 100vw, 1024px\" \/><\/p>\n<\/div><div class=\"fusion-clearfix\"><\/div><\/div><\/div><\/div><\/div><div class=\"fusion-fullwidth fullwidth-box fusion-builder-row-2 nonhundred-percent-fullwidth non-hundred-percent-height-scrolling\" style=\"background-color: rgba(255,255,255,0);background-position: center center;background-repeat: no-repeat;padding-top:20px;padding-right:0px;padding-bottom:20px;padding-left:0px;margin-bottom: 0px;margin-top: 0px;border-width: 0px 0px 0px 0px;border-color:#eae9e9;border-style:solid;\" ><div class=\"fusion-builder-row fusion-row\"><div class=\"fusion-layout-column fusion_builder_column fusion-builder-column-1 fusion_builder_column_1_1 1_1 fusion-one-full fusion-column-first fusion-column-last\" style=\"margin-top:0px;margin-bottom:20px;\"><div class=\"fusion-column-wrapper fusion-flex-column-wrapper-legacy\" style=\"background-position:left top;background-repeat:no-repeat;-webkit-background-size:cover;-moz-background-size:cover;-o-background-size:cover;background-size:cover;padding: 0px 0px 0px 0px;\"><div class=\"fusion-clearfix\"><\/div><\/div><\/div><\/div><\/div><div class=\"fusion-fullwidth fullwidth-box fusion-builder-row-3 nonhundred-percent-fullwidth non-hundred-percent-height-scrolling\" style=\"background-color: rgba(255,255,255,0);background-position: center center;background-repeat: no-repeat;padding-top:20px;padding-right:0px;padding-bottom:20px;padding-left:0px;margin-bottom: 0px;margin-top: 0px;border-width: 0px 0px 0px 0px;border-color:#eae9e9;border-style:solid;\" ><div class=\"fusion-builder-row fusion-row\"><div class=\"fusion-layout-column fusion_builder_column fusion-builder-column-2 fusion_builder_column_1_1 1_1 fusion-one-full fusion-column-first fusion-column-last\" style=\"margin-top:0px;margin-bottom:20px;\"><div class=\"fusion-column-wrapper fusion-flex-column-wrapper-legacy\" style=\"background-position:left top;background-repeat:no-repeat;-webkit-background-size:cover;-moz-background-size:cover;-o-background-size:cover;background-size:cover;padding: 0px 0px 0px 0px;\"><div class=\"fusion-clearfix\"><\/div><\/div><\/div><\/div><\/div><\/p>\n","protected":false},"excerpt":{"rendered":"","protected":false},"author":1,"featured_media":0,"parent":12165,"menu_order":0,"comment_status":"closed","ping_status":"closed","template":"","meta":[],"_links":{"self":[{"href":"https:\/\/help.tdoc.es\/index.php\/wp-json\/wp\/v2\/pages\/12880"}],"collection":[{"href":"https:\/\/help.tdoc.es\/index.php\/wp-json\/wp\/v2\/pages"}],"about":[{"href":"https:\/\/help.tdoc.es\/index.php\/wp-json\/wp\/v2\/types\/page"}],"author":[{"embeddable":true,"href":"https:\/\/help.tdoc.es\/index.php\/wp-json\/wp\/v2\/users\/1"}],"replies":[{"embeddable":true,"href":"https:\/\/help.tdoc.es\/index.php\/wp-json\/wp\/v2\/comments?post=12880"}],"version-history":[{"count":3,"href":"https:\/\/help.tdoc.es\/index.php\/wp-json\/wp\/v2\/pages\/12880\/revisions"}],"predecessor-version":[{"id":18608,"href":"https:\/\/help.tdoc.es\/index.php\/wp-json\/wp\/v2\/pages\/12880\/revisions\/18608"}],"up":[{"embeddable":true,"href":"https:\/\/help.tdoc.es\/index.php\/wp-json\/wp\/v2\/pages\/12165"}],"wp:attachment":[{"href":"https:\/\/help.tdoc.es\/index.php\/wp-json\/wp\/v2\/media?parent=12880"}],"curies":[{"name":"wp","href":"https:\/\/api.w.org\/{rel}","templated":true}]}}