{"id":12679,"date":"2020-06-11T13:03:24","date_gmt":"2020-06-11T13:03:24","guid":{"rendered":"https:\/\/help.tdoc.es\/?page_id=12679"},"modified":"2021-12-22T10:52:24","modified_gmt":"2021-12-22T10:52:24","slug":"key-user-induccion","status":"publish","type":"page","link":"https:\/\/help.tdoc.es\/index.php\/manual-tdoc-key-user\/key-user-induccion\/","title":{"rendered":"Key user &#8211; Inducci\u00f3n"},"content":{"rendered":"<p><div class=\"fusion-fullwidth fullwidth-box fusion-builder-row-1 nonhundred-percent-fullwidth non-hundred-percent-height-scrolling\" style=\"background-color: rgba(255,255,255,0);background-position: center center;background-repeat: no-repeat;padding-top:20px;padding-right:0px;padding-bottom:20px;padding-left:0px;margin-bottom: 0px;margin-top: 0px;border-width: 0px 0px 0px 0px;border-color:#eae9e9;border-style:solid;\" ><div class=\"fusion-builder-row fusion-row\"><div class=\"fusion-layout-column fusion_builder_column fusion-builder-column-0 fusion_builder_column_1_1 1_1 fusion-one-full fusion-column-first fusion-column-last\" style=\"margin-top:0px;margin-bottom:20px;\"><div class=\"fusion-column-wrapper fusion-flex-column-wrapper-legacy\" style=\"background-position:left top;background-repeat:no-repeat;-webkit-background-size:cover;-moz-background-size:cover;-o-background-size:cover;background-size:cover;padding: 0px 0px 0px 0px;\"><style type=\"text\/css\"><\/style><div class=\"fusion-title title fusion-title-1 fusion-sep-none fusion-title-text fusion-title-size-one\" style=\"margin-top:0px;margin-right:0px;margin-bottom:31px;margin-left:0px;\"><h1 class=\"title-heading-left\" style=\"margin:0;\"><p><span style=\"color: #0375c9;\">tdoc<br \/>\n<\/span><\/p><\/h1><\/div><style type=\"text\/css\"><\/style><div class=\"fusion-title title fusion-title-2 fusion-sep-none fusion-title-text fusion-title-size-two\" style=\"margin-top:0px;margin-right:0px;margin-bottom:31px;margin-left:0px;\"><h2 class=\"title-heading-left\" style=\"margin:0;\"><span style=\"color: #0375c9;\">Configuraci\u00f3n de inducci\u00f3n<\/span><\/h2><\/div><div class=\"fusion-text fusion-text-1\"><p>El m\u00f3dulo de inducci\u00f3n se puede habilitar por cliente, como una configuraci\u00f3n en tdoc. Avisar a DEV para habilitar inducci\u00f3n en tdoc.<\/p>\n<p>Se debe decidir si los centros de trabajo afectados son \u00fanicamente los de un propietario concreto o todos (campo Propietario de centros de trabajo ).<\/p>\n<p>Tambi\u00e9n hay que crear un requisito en el que se cargar\u00e1n autom\u00e1ticamente los certificados generados desde la aplicaci\u00f3n de inducci\u00f3n. Ese requisito se seleccionar\u00e1 en la creaci\u00f3n de los cursos de scorm.<\/p>\n<\/div><div class=\"fusion-clearfix\"><\/div><\/div><\/div><\/div><\/div><div class=\"fusion-fullwidth fullwidth-box fusion-builder-row-2 nonhundred-percent-fullwidth non-hundred-percent-height-scrolling\" style=\"background-color: rgba(255,255,255,0);background-position: center center;background-repeat: no-repeat;padding-top:20px;padding-right:0px;padding-bottom:20px;padding-left:0px;margin-bottom: 0px;margin-top: 0px;border-width: 0px 0px 0px 0px;border-color:#eae9e9;border-style:solid;\" ><div class=\"fusion-builder-row fusion-row\"><div class=\"fusion-layout-column fusion_builder_column fusion-builder-column-1 fusion_builder_column_1_1 1_1 fusion-one-full fusion-column-first fusion-column-last\" style=\"margin-top:0px;margin-bottom:20px;\"><div class=\"fusion-column-wrapper fusion-flex-column-wrapper-legacy\" style=\"background-position:left top;background-repeat:no-repeat;-webkit-background-size:cover;-moz-background-size:cover;-o-background-size:cover;background-size:cover;padding: 0px 0px 0px 0px;\"><style type=\"text\/css\"><\/style><div class=\"fusion-title title fusion-title-3 fusion-sep-none fusion-title-text fusion-title-size-one\" style=\"margin-top:0px;margin-right:0px;margin-bottom:31px;margin-left:0px;\"><h1 class=\"title-heading-left\" style=\"margin:0;\"><p><span style=\"color: #0375c9;\">M\u00f3dulo de inducci\u00f3n<br \/>\n<\/span><\/p><\/h1><\/div><style type=\"text\/css\"><\/style><div class=\"fusion-title title fusion-title-4 fusion-sep-none fusion-title-text fusion-title-size-two\" style=\"margin-top:0px;margin-right:0px;margin-bottom:31px;margin-left:0px;\"><h2 class=\"title-heading-left\" style=\"margin:0;\"><span style=\"color: #0375c9;\">Configuraci\u00f3n de SCORMs<\/span><\/h2><\/div><div class=\"fusion-text fusion-text-2\"><p>El equipo de dise\u00f1o se encarga de generar la formaciones en formato Scorm y subirlo a la plataforma de cursos ScormCloud.<\/p>\n<p>Una vez ah\u00ed, se debe linkar el curso con el cliente de inducci\u00f3n correspondiente.<\/p>\n<\/div><div class=\"fusion-text fusion-text-3\"><p>Acceder a la operaci\u00f3n INDUCCI\u00d3N -&gt;\u00a0 CLIENTE -&gt; CONFIGURAR SCORMS.<\/p>\n<\/div><div class=\"imageframe-liftup fusion-image-frame-bottomshadow image-frame-shadow-1\"><style>.element-bottomshadow.imageframe-1:before, .element-bottomshadow.imageframe-1:after{-webkit-box-shadow: 0 17px 10px rgba(0,0,0,0.4);box-shadow: 0 17px 10px rgba(0,0,0,0.4);}<\/style><span class=\" fusion-imageframe imageframe-bottomshadow imageframe-1 element-bottomshadow\"><a href=\"https:\/\/help.tdoc.es\/wp-content\/uploads\/2020\/06\/OP-300x83.jpg\" class=\"fusion-lightbox\" data-rel=\"iLightbox[d6ff1c08fd2ebec2f99]\" data-title=\"OPConfScorms\" title=\"OPConfScorms\"><img width=\"300\" height=\"83\" src=\"https:\/\/help.tdoc.es\/wp-content\/uploads\/2020\/06\/OP-300x83.jpg\" class=\"img-responsive wp-image-12696\" srcset=\"https:\/\/help.tdoc.es\/wp-content\/uploads\/2020\/06\/OP-200x55.jpg 200w, https:\/\/help.tdoc.es\/wp-content\/uploads\/2020\/06\/OP.jpg 359w\" sizes=\"(max-width: 800px) 100vw, 300px\" \/><\/a><\/span><\/div><div class=\"fusion-text fusion-text-4\"><p>En esta operaci\u00f3n se puede ver el listado de SCORMS cargados.<\/p>\n<\/div><div class=\"fusion-text fusion-text-5\"><p>Para crear un nuevo SCORM en este cliente, elegir la opci\u00f3n \u00abCrear nuevo scorm\u00bb.<\/p>\n<p>Hay que seleccionar uno de los Scorms disponibles en la plataforma Scorm Cloud del desplegable (deber\u00eda tener un nombre identificable asignado por el equipo de dise\u00f1o), y a\u00f1adirle un nombre y una descripci\u00f3n.<\/p>\n<\/div><div class=\"imageframe-liftup fusion-image-frame-bottomshadow image-frame-shadow-2\"><style>.element-bottomshadow.imageframe-2:before, .element-bottomshadow.imageframe-2:after{-webkit-box-shadow: 0 17px 10px rgba(0,0,0,0.4);box-shadow: 0 17px 10px rgba(0,0,0,0.4);}<\/style><span class=\" fusion-imageframe imageframe-bottomshadow imageframe-2 element-bottomshadow\"><img width=\"1269\" height=\"352\" title=\"newscorms\" src=\"https:\/\/help.tdoc.es\/wp-content\/uploads\/2020\/06\/newscorms.jpg\" class=\"img-responsive wp-image-12742\" srcset=\"https:\/\/help.tdoc.es\/wp-content\/uploads\/2020\/06\/newscorms-200x55.jpg 200w, https:\/\/help.tdoc.es\/wp-content\/uploads\/2020\/06\/newscorms-400x111.jpg 400w, https:\/\/help.tdoc.es\/wp-content\/uploads\/2020\/06\/newscorms-600x166.jpg 600w, https:\/\/help.tdoc.es\/wp-content\/uploads\/2020\/06\/newscorms-800x222.jpg 800w, https:\/\/help.tdoc.es\/wp-content\/uploads\/2020\/06\/newscorms-1200x333.jpg 1200w, https:\/\/help.tdoc.es\/wp-content\/uploads\/2020\/06\/newscorms.jpg 1269w\" sizes=\"(max-width: 800px) 100vw, 1200px\" \/><\/span><\/div><style type=\"text\/css\"><\/style><div class=\"fusion-title title fusion-title-5 fusion-sep-none fusion-title-text fusion-title-size-two\" style=\"margin-top:0px;margin-right:0px;margin-bottom:31px;margin-left:0px;\"><h2 class=\"title-heading-left\" style=\"margin:0;\"><span style=\"color: #0375c9;\">Configuraci\u00f3n de cursos<\/span><\/h2><\/div><div class=\"fusion-text fusion-text-6\"><p>Los Scorms se deben configurar como cursos, asoci\u00e1ndolos a centros de trabajo de tdoc, asign\u00e1ndoles una caducidad y asoci\u00e1ndolos a un requisito en tdoc.<\/p>\n<p>Una vez configurado, el cliente podr\u00e1 utilizarlo para enviar formaciones a contratas<\/p>\n<\/div><div class=\"fusion-text fusion-text-7\"><p>Acceder a la operaci\u00f3n INDUCCI\u00d3N -&gt;\u00a0 CLIENTE -&gt; CREAR NUEVO CURSO<\/p>\n<\/div><div class=\"imageframe-liftup fusion-image-frame-bottomshadow image-frame-shadow-3\"><style>.element-bottomshadow.imageframe-3:before, .element-bottomshadow.imageframe-3:after{-webkit-box-shadow: 0 17px 10px rgba(0,0,0,0.4);box-shadow: 0 17px 10px rgba(0,0,0,0.4);}<\/style><span class=\" fusion-imageframe imageframe-bottomshadow imageframe-3 element-bottomshadow\"><a href=\"https:\/\/help.tdoc.es\/wp-content\/uploads\/2020\/06\/OpConfcursos-300x106.jpg\" class=\"fusion-lightbox\" data-rel=\"iLightbox[92d99bd6b721e4ea43b]\" data-title=\"OpConfcursos\" title=\"OpConfcursos\"><img width=\"300\" height=\"106\" src=\"https:\/\/help.tdoc.es\/wp-content\/uploads\/2020\/06\/OpConfcursos-300x106.jpg\" class=\"img-responsive wp-image-12709\" srcset=\"https:\/\/help.tdoc.es\/wp-content\/uploads\/2020\/06\/OpConfcursos-200x71.jpg 200w, https:\/\/help.tdoc.es\/wp-content\/uploads\/2020\/06\/OpConfcursos.jpg 345w\" sizes=\"(max-width: 800px) 100vw, 300px\" \/><\/a><\/span><\/div><div class=\"fusion-text fusion-text-8\"><p>En esta operaci\u00f3n se puede ver el listado de cursos creados. Si un curso ya ha tenido alguna formaci\u00f3n, no se puede eliminar.<\/p>\n<\/div><div class=\"imageframe-liftup fusion-image-frame-bottomshadow image-frame-shadow-4\"><style>.element-bottomshadow.imageframe-4:before, .element-bottomshadow.imageframe-4:after{-webkit-box-shadow: 0 17px 10px rgba(0,0,0,0.4);box-shadow: 0 17px 10px rgba(0,0,0,0.4);}<\/style><span class=\" fusion-imageframe imageframe-bottomshadow imageframe-4 element-bottomshadow\"><a href=\"https:\/\/help.tdoc.es\/wp-content\/uploads\/2020\/06\/listcourse.jpg\" class=\"fusion-lightbox\" data-rel=\"iLightbox[028acd324666cb42840]\" data-title=\"listcourse\" title=\"listcourse\"><img width=\"1886\" height=\"382\" src=\"https:\/\/help.tdoc.es\/wp-content\/uploads\/2020\/06\/listcourse.jpg\" class=\"img-responsive wp-image-12737\" srcset=\"https:\/\/help.tdoc.es\/wp-content\/uploads\/2020\/06\/listcourse-200x41.jpg 200w, https:\/\/help.tdoc.es\/wp-content\/uploads\/2020\/06\/listcourse-400x81.jpg 400w, https:\/\/help.tdoc.es\/wp-content\/uploads\/2020\/06\/listcourse-600x122.jpg 600w, https:\/\/help.tdoc.es\/wp-content\/uploads\/2020\/06\/listcourse-800x162.jpg 800w, https:\/\/help.tdoc.es\/wp-content\/uploads\/2020\/06\/listcourse-1200x243.jpg 1200w, https:\/\/help.tdoc.es\/wp-content\/uploads\/2020\/06\/listcourse.jpg 1886w\" sizes=\"(max-width: 800px) 100vw, 1200px\" \/><\/a><\/span><\/div><div class=\"fusion-text fusion-text-9\"><p>Para crear un nuevo curso, pulsar CREAR NUEVO CURSO.<\/p>\n<\/div><div class=\"imageframe-liftup fusion-image-frame-bottomshadow image-frame-shadow-5\"><style>.element-bottomshadow.imageframe-5:before, .element-bottomshadow.imageframe-5:after{-webkit-box-shadow: 0 17px 10px rgba(0,0,0,0.4);box-shadow: 0 17px 10px rgba(0,0,0,0.4);}<\/style><span class=\" fusion-imageframe imageframe-bottomshadow imageframe-5 element-bottomshadow\"><img width=\"1288\" height=\"1019\" title=\"NuevoCurso1\" src=\"https:\/\/help.tdoc.es\/wp-content\/uploads\/2020\/06\/NuevoCurso1.jpg\" class=\"img-responsive wp-image-12725\" srcset=\"https:\/\/help.tdoc.es\/wp-content\/uploads\/2020\/06\/NuevoCurso1-200x158.jpg 200w, https:\/\/help.tdoc.es\/wp-content\/uploads\/2020\/06\/NuevoCurso1-400x316.jpg 400w, https:\/\/help.tdoc.es\/wp-content\/uploads\/2020\/06\/NuevoCurso1-600x475.jpg 600w, https:\/\/help.tdoc.es\/wp-content\/uploads\/2020\/06\/NuevoCurso1-800x633.jpg 800w, https:\/\/help.tdoc.es\/wp-content\/uploads\/2020\/06\/NuevoCurso1-1200x949.jpg 1200w, https:\/\/help.tdoc.es\/wp-content\/uploads\/2020\/06\/NuevoCurso1.jpg 1288w\" sizes=\"(max-width: 800px) 100vw, 1200px\" \/><\/span><\/div><div class=\"fusion-text fusion-text-10\"><h2><\/h2>\n<h2>1- Seleccionar el Scorm<\/h2>\n<p>Elegir el SCORM creado anteriormente.<\/p>\n<h2>2- Seleccionar el tipo de curso<\/h2>\n<p>Los cursos pueden ser generales o asociados a uno o m\u00e1s centros. Los cursos definidos como generales se consideran como aplicando a todos los centros.<\/p>\n<p>Si se elige la opci\u00f3n \u00abCurso por centro\u00bb a continuaci\u00f3n hay que elegir de la tabla uno o m\u00e1s centros a los que va a aplicar el curso.<\/p>\n<h2>3- Seleccionar la caducidad<\/h2>\n<p>Esta caducidad estar\u00e1 indicada en el certificado y tambi\u00e9n ser\u00e1 la que tendr\u00e1 el requisito de tdoc del certificado de los alumnos.<\/p>\n<h2>4-Seleccionar tipo de entrega (opcional)<\/h2>\n<p>Si la formaci\u00f3n se quiere relacionar con un requisito en tdoc, indicarlo aqu\u00ed. Si no se indica un tipo de entrega, los certificados no se enviar\u00e1n autom\u00e1ticamente a tdoc.<\/p>\n<\/div><div class=\"fusion-clearfix\"><\/div><\/div><\/div><\/div><\/div><\/p>\n","protected":false},"excerpt":{"rendered":"","protected":false},"author":1,"featured_media":0,"parent":12495,"menu_order":0,"comment_status":"closed","ping_status":"closed","template":"","meta":[],"_links":{"self":[{"href":"https:\/\/help.tdoc.es\/index.php\/wp-json\/wp\/v2\/pages\/12679"}],"collection":[{"href":"https:\/\/help.tdoc.es\/index.php\/wp-json\/wp\/v2\/pages"}],"about":[{"href":"https:\/\/help.tdoc.es\/index.php\/wp-json\/wp\/v2\/types\/page"}],"author":[{"embeddable":true,"href":"https:\/\/help.tdoc.es\/index.php\/wp-json\/wp\/v2\/users\/1"}],"replies":[{"embeddable":true,"href":"https:\/\/help.tdoc.es\/index.php\/wp-json\/wp\/v2\/comments?post=12679"}],"version-history":[{"count":35,"href":"https:\/\/help.tdoc.es\/index.php\/wp-json\/wp\/v2\/pages\/12679\/revisions"}],"predecessor-version":[{"id":16602,"href":"https:\/\/help.tdoc.es\/index.php\/wp-json\/wp\/v2\/pages\/12679\/revisions\/16602"}],"up":[{"embeddable":true,"href":"https:\/\/help.tdoc.es\/index.php\/wp-json\/wp\/v2\/pages\/12495"}],"wp:attachment":[{"href":"https:\/\/help.tdoc.es\/index.php\/wp-json\/wp\/v2\/media?parent=12679"}],"curies":[{"name":"wp","href":"https:\/\/api.w.org\/{rel}","templated":true}]}}