{"id":12672,"date":"2020-05-13T14:37:04","date_gmt":"2020-05-13T14:37:04","guid":{"rendered":"https:\/\/help.tdoc.es\/?page_id=12672"},"modified":"2020-05-13T14:37:04","modified_gmt":"2020-05-13T14:37:04","slug":"politica-de-privacidad","status":"publish","type":"page","link":"https:\/\/help.tdoc.es\/index.php\/politica-de-privacidad\/","title":{"rendered":"Pol\u00edtica de privacidad"},"content":{"rendered":"<div class=\"fusion-fullwidth fullwidth-box fusion-builder-row-1 nonhundred-percent-fullwidth non-hundred-percent-height-scrolling\" style=\"background-color: rgba(255,255,255,0);background-position: center center;background-repeat: no-repeat;padding-top:0px;padding-right:0px;padding-bottom:0px;padding-left:0px;margin-bottom: 0px;margin-top: 0px;border-width: 0px 0px 0px 0px;border-color:#eae9e9;border-style:solid;\" ><div class=\"fusion-builder-row fusion-row\"><div class=\"fusion-layout-column fusion_builder_column fusion-builder-column-0 fusion_builder_column_1_1 1_1 fusion-one-full fusion-column-first fusion-column-last\" style=\"margin-top:0px;margin-bottom:20px;\"><div class=\"fusion-column-wrapper fusion-flex-column-wrapper-legacy\" style=\"background-position:left top;background-repeat:no-repeat;-webkit-background-size:cover;-moz-background-size:cover;-o-background-size:cover;background-size:cover;padding: 0px 0px 0px 0px;\"><div class=\"fusion-text fusion-text-1\"><p>Los datos personales que usted nos facilite por cualesquiera de los medios habilitados al efecto ser\u00e1n tratados de conformidad con la siguiente pol\u00edtica de privacidad.<\/p>\n<\/div><div class=\"fusion-clearfix\"><\/div><\/div><\/div><div class=\"fusion-layout-column fusion_builder_column fusion-builder-column-1 fusion_builder_column_1_1 1_1 fusion-one-full fusion-column-first fusion-column-last\" style=\"margin-top:0px;margin-bottom:20px;\"><div class=\"fusion-column-wrapper fusion-flex-column-wrapper-legacy\" style=\"background-position:left top;background-repeat:no-repeat;-webkit-background-size:cover;-moz-background-size:cover;-o-background-size:cover;background-size:cover;padding: 0px 0px 0px 0px;\"><div class=\"fusion-text fusion-text-2\"><h2>1. Identidad del responsable:<\/h2>\n<p><strong><u>Identidad<\/u>:<\/strong> TESICNOR (T\u00e9cnicas y Servicios de Ingenier\u00eda y Control del Norte S.L.) (en adelante, el Responsable).<\/p>\n<p><strong><u>Direcci\u00f3n postal<\/u>:<\/strong> Pol\u00edgono Industrial Mochol\u00ed, Nave 13 E, Calle R\u00edo Elorz \u00b7 31110, No\u00e1in (Navarra)<\/p>\n<p><strong><u>N.I.F.:<\/u><\/strong> B31763899<\/p>\n<p><strong><u>Tel\u00e9fono<\/u>:<\/strong> 948 214 040<\/p>\n<p><strong><u>Email<\/u>:<\/strong> contacto@tesicnor.com<\/p>\n<\/div><div class=\"fusion-clearfix\"><\/div><\/div><\/div><div class=\"fusion-layout-column fusion_builder_column fusion-builder-column-2 fusion_builder_column_1_1 1_1 fusion-one-full fusion-column-first fusion-column-last\" style=\"margin-top:0px;margin-bottom:20px;\"><div class=\"fusion-column-wrapper fusion-flex-column-wrapper-legacy\" style=\"background-position:left top;background-repeat:no-repeat;-webkit-background-size:cover;-moz-background-size:cover;-o-background-size:cover;background-size:cover;padding: 0px 0px 0px 0px;\"><div class=\"fusion-text fusion-text-3\"><h2>2. Tratamientos:<\/h2>\n<table width=\"1000\">\n<tbody>\n<tr>\n<td style=\"background: #0375c9;\" width=\"274\">\n<p style=\"text-align: center; color: #fff;\"><strong>Tratamiento<\/strong><\/p>\n<\/td>\n<td style=\"background: #0375c9;\" width=\"150\">\n<p style=\"text-align: center; color: #ffffff;\"><strong>Base legal<\/strong><\/p>\n<\/td>\n<td style=\"background: #0375c9;\" width=\"142\">\n<p style=\"text-align: center; color: #fff;\"><strong>Plazo conservaci\u00f3n <\/strong><\/p>\n<\/td>\n<\/tr>\n<tr style=\"background: #d0d0d0;\">\n<td colspan=\"3\" width=\"566\"><strong>Prestaci\u00f3n de servicios.<\/strong><\/td>\n<\/tr>\n<tr>\n<td width=\"274\">Gesti\u00f3n y tramitaci\u00f3n de los trabajos y servicios que usted nos haya encomendado. Cumplimiento de las obligaciones fiscales, administrativas y legales derivadas de la misma.<\/td>\n<td width=\"150\">6.1.b) El tratamiento es necesario para la ejecuci\u00f3n de un contrato en el que el interesado es parte.<\/p>\n<p>6.1.c) Cumplimiento de una obligaci\u00f3n legal: normativa mercantil, fiscal, blanqueo de capitales.<\/td>\n<td width=\"142\">Sus datos se conservar\u00e1n mientras se prolongue la relaci\u00f3n y\/o el servicio, y una vez finalizado \u00e9ste mientras exista responsabilidad legal para Responsable.<\/td>\n<\/tr>\n<tr style=\"background: #d0d0d0;\">\n<td colspan=\"3\" width=\"566\"><strong>Solicitudes de informaci\u00f3n o consulta. Reclamaciones.<\/strong><\/td>\n<\/tr>\n<tr>\n<td width=\"274\">Atender las peticiones de informaci\u00f3n, consulta o reclamaciones que se puedan recibir, con la gesti\u00f3n y alcance que las mismas requieran.<\/td>\n<td width=\"150\">6.1.a) El interesado dio su consentimiento para el tratamiento.<\/td>\n<td width=\"142\">Trataremos sus datos durante el tiempo necesario para atender y gestionar su solicitud de informaci\u00f3n.<\/td>\n<\/tr>\n<tr>\n<td width=\"274\">Si su solicitud se refiere a la contrataci\u00f3n de nuestros servicios, sus datos se utilizar\u00e1n para la confecci\u00f3n de presupuestos y ofertas de servicios.<\/td>\n<td width=\"150\">6.1.b) El tratamiento es necesario para aplicaci\u00f3n a petici\u00f3n del interesado de medidas precontractuales.<\/td>\n<td width=\"142\">Trataremos los datos durante el periodo necesario, hasta la firma del contrato.<\/td>\n<\/tr>\n<tr style=\"background: #d0d0d0;\">\n<td colspan=\"3\" width=\"566\"><strong>RRHH: bolsa de empleo y procesos de selecci\u00f3n<\/strong><\/td>\n<\/tr>\n<tr>\n<td width=\"274\">Gesti\u00f3n de la bolsa de empleo y tratamiento de los datos de los candidatos incluidos en la misma para cubrir posibles vacantes, colaboraciones, pr\u00e1cticas o becas.<\/td>\n<td width=\"150\">6.1.a) El interesado dio su consentimiento para el tratamiento.<\/td>\n<td width=\"142\">Conservaremos los datos de la bolsa de empleo durante el plazo de dos a\u00f1os.<\/td>\n<\/tr>\n<tr style=\"background: #d0d0d0;\">\n<td colspan=\"3\" width=\"566\"><strong>Videovigilancia: <\/strong><\/td>\n<\/tr>\n<tr>\n<td width=\"274\">Mantenimiento de la seguridad de las personas, los bienes y las instalaciones.<\/td>\n<td width=\"150\">6.1.e) Cumplimiento de un inter\u00e9s p\u00fablico.<\/td>\n<td width=\"142\">Sus datos se conservar\u00e1n durante un plazo de 1 mes desde su captaci\u00f3n.<\/td>\n<\/tr>\n<tr style=\"background: #d0d0d0;\">\n<td colspan=\"3\" width=\"566\"><strong>Acciones formativas y eventos:<\/strong><\/td>\n<\/tr>\n<tr>\n<td width=\"274\">Tramitar su inscripci\u00f3n y\/o participaci\u00f3n en el evento o en la actividad formativa en la que se hubiera inscrito, as\u00ed como para remitirle la informaci\u00f3n sobre la misma (materiales, notificaciones o avisos de cambios\u2026).<\/td>\n<td width=\"150\">6.1.b) El tratamiento es necesario para la ejecuci\u00f3n de un contrato en el que el interesado es parte.<\/td>\n<td width=\"142\">Trataremos los datos durante el tiempo necesario para la gesti\u00f3n de la inscripci\u00f3n y desarrollo del evento.<\/td>\n<\/tr>\n<tr>\n<td width=\"274\">Env\u00edo de encuestas de satisfacci\u00f3n una vez finalizada una actividad organizada por TESICNOR.<\/td>\n<td width=\"150\">6.1.a) El interesado dio su consentimiento para el tratamiento.<\/td>\n<td width=\"142\">Durante el tiempo necesario para el an\u00e1lisis y evaluaci\u00f3n de los resultados de la encuesta, y una vez transcurrido este plazo, mientras exista responsabilidad legal para el Responsable<\/td>\n<\/tr>\n<tr style=\"background: #d0d0d0;\">\n<td colspan=\"3\" width=\"566\"><strong>Representantes\/ personas f\u00edsicas que prestan sus servicios en una persona jur\u00eddica:<\/strong> En el caso de que usted represente a una persona jur\u00eddica<\/td>\n<\/tr>\n<tr>\n<td width=\"274\">Gesti\u00f3n de la relaci\u00f3n con la persona jur\u00eddica.<\/td>\n<td width=\"150\">6.1.f) Inter\u00e9s leg\u00edtimo; sobre la base del art\u00edculo 19 LOPD<\/td>\n<td width=\"142\">Sus datos se conservar\u00e1n mientras dure la relaci\u00f3n y una vez finalizado \u00e9ste mientras exista responsabilidad legal para Responsable.<\/td>\n<\/tr>\n<tr style=\"background: #d0d0d0;\">\n<td colspan=\"3\" width=\"566\"><strong>Cookies: <\/strong>En el caso de que al iniciar la visita a esta p\u00e1gina web hayas aceptado recibir cookies, se te aplicar\u00e1 la pol\u00edtica de cookies del sitio web, los datos obtenidos durante la navegaci\u00f3n se usan con las siguientes finalidades.<\/td>\n<\/tr>\n<tr>\n<td width=\"274\">Recabar informaci\u00f3n con finalidad anal\u00edtica sobre usted, su navegaci\u00f3n y su comportamiento.<\/td>\n<td width=\"150\">6.1.a) El interesado dio su consentimiento para el tratamiento.<\/td>\n<td width=\"142\">De acuerdo con el tipo de cookies, expresado en la correspondiente pol\u00edtica.<\/td>\n<\/tr>\n<\/tbody>\n<\/table>\n<\/div><div class=\"fusion-text fusion-text-4\"><p>En el caso de que se le solicite en alg\u00fan momento su autorizaci\u00f3n para el tratamiento de una finalidad que requiere el consentimiento, su no otorgamiento (o su eventual retirada con posterioridad) no tendr\u00e1 consecuencias para usted en ning\u00fan caso.\u00a0 Tampoco tendr\u00e1 ning\u00fan tipo de consecuencia su oposici\u00f3n al tratamiento de sus datos para finalidades basadas en inter\u00e9s leg\u00edtimo (por ejemplo, el uso de sus datos como cliente para el env\u00edo de comunicaciones comerciales).<\/p>\n<p>En algunos formularios de recogida de datos podr\u00e1 ver claramente que algunos campos est\u00e1n marcados como obligatorios (con un asterisco) siendo el resto absolutamente voluntarios. As\u00ed las cosas, la no cumplimentaci\u00f3n de campos voluntarios no tendr\u00e1 ninguna consecuencia, pudiendo completarlos si estuviera interesado en ello.<\/p>\n<\/div><div class=\"fusion-clearfix\"><\/div><\/div><\/div><div class=\"fusion-layout-column fusion_builder_column fusion-builder-column-3 fusion_builder_column_1_1 1_1 fusion-one-full fusion-column-first fusion-column-last\" style=\"margin-top:0px;margin-bottom:20px;\"><div class=\"fusion-column-wrapper fusion-flex-column-wrapper-legacy\" style=\"background-position:left top;background-repeat:no-repeat;-webkit-background-size:cover;-moz-background-size:cover;-o-background-size:cover;background-size:cover;padding: 0px 0px 0px 0px;\"><div class=\"fusion-text fusion-text-5\"><h2>3. Destinatarios:<\/h2>\n<p><strong>\u00bfVan a comunicarse o transferirse mis datos a terceros?<\/strong><\/p>\n<p>Con car\u00e1cter general, salvo obligaci\u00f3n legal sus datos no ser\u00e1n comunicados ni transferidos a ning\u00fan tercero sin su consentimiento expreso. En todo caso, algunas comunicaciones y\/o transferencias de datos a terceros pueden venir impuestas por determinada normativa. Otras comunicaciones y\/o transferencias ser\u00e1n consecuencia necesaria de la prestaci\u00f3n del servicio en cuyo caso le manifestamos nuestro compromiso en formalizar con dichos terceros, en su caso, el preceptivo acuerdo de encargo de tratamiento que impone le legislaci\u00f3n vigente.<\/p>\n<\/div><div class=\"fusion-clearfix\"><\/div><\/div><\/div><div class=\"fusion-layout-column fusion_builder_column fusion-builder-column-4 fusion_builder_column_1_1 1_1 fusion-one-full fusion-column-first fusion-column-last\" style=\"margin-top:0px;margin-bottom:20px;\"><div class=\"fusion-column-wrapper fusion-flex-column-wrapper-legacy\" style=\"background-position:left top;background-repeat:no-repeat;-webkit-background-size:cover;-moz-background-size:cover;-o-background-size:cover;background-size:cover;padding: 0px 0px 0px 0px;\"><div class=\"fusion-text fusion-text-6\"><h2>4. Proveedores de servicios relacionados con las herramientas tecnol\u00f3gicas desarrolladas:<\/h2>\n<p><strong>Noe: <\/strong>__________________________<\/p>\n<p><strong>TDoc:\u00a0 <\/strong>__________________________<\/p>\n<p><strong>Tcheck: <\/strong>__________________________<\/p>\n<\/div><div class=\"fusion-clearfix\"><\/div><\/div><\/div><div class=\"fusion-layout-column fusion_builder_column fusion-builder-column-5 fusion_builder_column_1_1 1_1 fusion-one-full fusion-column-first fusion-column-last\" style=\"margin-top:0px;margin-bottom:20px;\"><div class=\"fusion-column-wrapper fusion-flex-column-wrapper-legacy\" style=\"background-position:left top;background-repeat:no-repeat;-webkit-background-size:cover;-moz-background-size:cover;-o-background-size:cover;background-size:cover;padding: 0px 0px 0px 0px;\"><div class=\"fusion-text fusion-text-7\"><h2>5. Derechos<\/h2>\n<p><strong>\u00bfQu\u00e9 derechos me asisten en materia de protecci\u00f3n de datos?\u00a0 Informaci\u00f3n general.<\/strong><\/p>\n<p>Respecto a los datos de car\u00e1cter personal recogidos para su tratamiento tiene la posibilidad de ejercitar los derechos de acceso, rectificaci\u00f3n, supresi\u00f3n y portabilidad. Asimismo, le informamos de que en determinadas circunstancias usted tendr\u00e1 derecho a solicitar la limitaci\u00f3n u oposici\u00f3n del tratamiento de sus datos en cuyo caso el Responsable cesar\u00e1 en su tratamiento y \u00fanicamente conservar\u00e1 los mismos en el caso de que exista alguna obligaci\u00f3n normativa que as\u00ed se lo imponga o hasta la prescripci\u00f3n de las acciones que pudieran concurrir.<\/p>\n<p>Si quiere m\u00e1s informaci\u00f3n sobre los mencionados derechos le invitamos a que siga leyendo o que visite <a href=\"https:\/\/www.aepd.es\/media\/infografias\/infografia-rgpd-derechos-ciudadanos-aepd.pdf\">la infograf\u00eda elaborada por la Agencia Espa\u00f1ola de Protecci\u00f3n<\/a> de datos accesible a trav\u00e9s del <a href=\"https:\/\/www.aepd.es\/media\/infografias\/infografia-rgpd-derechos-ciudadanos-aepd.pdf\">siguiente hiperv\u00ednculo.<\/a><\/p>\n<p><strong>\u00bfC\u00f3mo y d\u00f3nde puedo ejercitarlos?<\/strong><\/p>\n<p>Estaremos encantados de atender cuantas consultas o reclamaciones tenga en materia de protecci\u00f3n de datos. Asimismo, podr\u00e1 dirigir su reclamaci\u00f3n o ejercitar sus derechos a trav\u00e9s de cualquiera de las v\u00edas de contacto indicadas en el encabezamiento de la presente pol\u00edtica de protecci\u00f3n de datos.<\/p>\n<p>Del mismo modo puede dirigirse tambi\u00e9n ante la autoridad de control que considere oportuno para interponer su reclamaci\u00f3n (por ejemplo, en el pa\u00eds donde usted tenga su residencia habitual, lugar de trabajo o en el que considere que se ha producido la supuesta infracci\u00f3n). A los efectos oportunos, le informamos que en Espa\u00f1a la Autoridad de Control es la <a href=\"http:\/\/www.aepd.es\/\">Agencia Espa\u00f1ola de Protecci\u00f3n de Datos,<\/a> y puede ejercitar sus derechos a trav\u00e9s de los formularios que \u00e9sta entidad tiene habilitados al efecto y que est\u00e1n disponible en su <a href=\"https:\/\/sedeagpd.gob.es\/sede-electronica-web\/vistas\/formReclamacionDerechos\/reclamacionDerechos.jsf\">sede electr\u00f3nica<\/a>.<\/p>\n<\/div><div class=\"fusion-clearfix\"><\/div><\/div><\/div><\/div><\/div>\n","protected":false},"excerpt":{"rendered":"","protected":false},"author":1,"featured_media":0,"parent":0,"menu_order":0,"comment_status":"closed","ping_status":"closed","template":"","meta":[],"_links":{"self":[{"href":"https:\/\/help.tdoc.es\/index.php\/wp-json\/wp\/v2\/pages\/12672"}],"collection":[{"href":"https:\/\/help.tdoc.es\/index.php\/wp-json\/wp\/v2\/pages"}],"about":[{"href":"https:\/\/help.tdoc.es\/index.php\/wp-json\/wp\/v2\/types\/page"}],"author":[{"embeddable":true,"href":"https:\/\/help.tdoc.es\/index.php\/wp-json\/wp\/v2\/users\/1"}],"replies":[{"embeddable":true,"href":"https:\/\/help.tdoc.es\/index.php\/wp-json\/wp\/v2\/comments?post=12672"}],"version-history":[{"count":1,"href":"https:\/\/help.tdoc.es\/index.php\/wp-json\/wp\/v2\/pages\/12672\/revisions"}],"predecessor-version":[{"id":12673,"href":"https:\/\/help.tdoc.es\/index.php\/wp-json\/wp\/v2\/pages\/12672\/revisions\/12673"}],"wp:attachment":[{"href":"https:\/\/help.tdoc.es\/index.php\/wp-json\/wp\/v2\/media?parent=12672"}],"curies":[{"name":"wp","href":"https:\/\/api.w.org\/{rel}","templated":true}]}}