{"id":12429,"date":"2020-03-26T08:37:24","date_gmt":"2020-03-26T08:37:24","guid":{"rendered":"https:\/\/help.tdoc.es\/?page_id=12429"},"modified":"2020-12-15T10:11:53","modified_gmt":"2020-12-15T10:11:53","slug":"contrata","status":"publish","type":"page","link":"https:\/\/help.tdoc.es\/index.php\/tdoc-siniestralidad\/contrata\/","title":{"rendered":"Contrata"},"content":{"rendered":"<p><div class=\"fusion-fullwidth fullwidth-box fusion-builder-row-1 nonhundred-percent-fullwidth non-hundred-percent-height-scrolling\" style=\"background-color: rgba(255,255,255,0);background-position: center center;background-repeat: no-repeat;padding-top:20px;padding-right:0px;padding-bottom:20px;padding-left:0px;margin-bottom: 0px;margin-top: 0px;border-width: 0px 0px 0px 0px;border-color:#eae9e9;border-style:solid;\" ><div class=\"fusion-builder-row fusion-row\"><div class=\"fusion-layout-column fusion_builder_column fusion-builder-column-0 fusion_builder_column_1_1 1_1 fusion-one-full fusion-column-first fusion-column-last\" style=\"margin-top:0px;margin-bottom:20px;\"><div class=\"fusion-column-wrapper fusion-flex-column-wrapper-legacy\" style=\"background-position:left top;background-repeat:no-repeat;-webkit-background-size:cover;-moz-background-size:cover;-o-background-size:cover;background-size:cover;padding: 0px 0px 0px 0px;\"><style type=\"text\/css\"><\/style><div class=\"fusion-title title fusion-title-1 fusion-sep-none fusion-title-text fusion-title-size-one\" style=\"margin-top:0px;margin-right:0px;margin-bottom:31px;margin-left:0px;\"><h1 class=\"title-heading-left\" style=\"margin:0;\"><h1><span style=\"color: #0375c9;\">Manual tdoc Siniestralidad &#8211; Contratas<\/span><\/h1><\/h1><\/div><div class=\"fusion-text fusion-text-1\"><p>La aplicaci\u00f3n de siniestralidad es un m\u00f3dulo independiente de tdoc que se comunica con \u00e9l. En este m\u00f3dulo, se pueden cargar los datos de siniestralidad de los contratistas y generar informes anuales.<\/p>\n<\/div><style type=\"text\/css\"><\/style><div class=\"fusion-title title fusion-title-2 fusion-sep-none fusion-title-text fusion-title-size-one\" style=\"margin-top:0px;margin-right:0px;margin-bottom:31px;margin-left:0px;\"><h1 class=\"title-heading-left\" style=\"margin:0;\"><h2><span style=\"color: #0375c9;\">Acceder a la aplicaci\u00f3n de siniestralidad<\/span><\/h2><\/h1><\/div><div class=\"fusion-text fusion-text-2\"><p>Para acceder a la aplicaci\u00f3n de siniestralidad ir a Access.tdoc.es y pulsar Iniciar Sesi\u00f3n. Tambi\u00e9n se puede acceder desde el men\u00fa Siniestralidad en tdoc.<\/p>\n<p>Acceder con el usuario y contrase\u00f1a de tdoc. Si no tiene acceso, contacta con el administrador de la plataforma.<\/p>\n<\/div><div class=\"imageframe-liftup fusion-image-frame-bottomshadow image-frame-shadow-1\"><style>.element-bottomshadow.imageframe-1:before, .element-bottomshadow.imageframe-1:after{-webkit-box-shadow: 0 17px 10px rgba(0,0,0,0.4);box-shadow: 0 17px 10px rgba(0,0,0,0.4);}<\/style><span class=\" fusion-imageframe imageframe-bottomshadow imageframe-1 element-bottomshadow\"><a href=\"https:\/\/help.tdoc.es\/wp-content\/uploads\/2020\/05\/login-1024x373.jpg\" class=\"fusion-lightbox\" data-rel=\"iLightbox[fd919887f013c99eb41]\" data-title=\"login\" title=\"login\"><img width=\"1024\" height=\"373\" alt=\"boton vista\" src=\"https:\/\/help.tdoc.es\/wp-content\/uploads\/2020\/05\/login-1024x373.jpg\" class=\"img-responsive wp-image-12629\" srcset=\"https:\/\/help.tdoc.es\/wp-content\/uploads\/2020\/05\/login-200x73.jpg 200w, https:\/\/help.tdoc.es\/wp-content\/uploads\/2020\/05\/login-400x146.jpg 400w, https:\/\/help.tdoc.es\/wp-content\/uploads\/2020\/05\/login-600x218.jpg 600w, https:\/\/help.tdoc.es\/wp-content\/uploads\/2020\/05\/login-800x291.jpg 800w, https:\/\/help.tdoc.es\/wp-content\/uploads\/2020\/05\/login-1200x437.jpg 1200w, https:\/\/help.tdoc.es\/wp-content\/uploads\/2020\/05\/login.jpg 1920w\" sizes=\"(max-width: 800px) 100vw, 1200px\" \/><\/a><\/span><\/div><div class=\"fusion-clearfix\"><\/div><\/div><\/div><\/div><\/div><div class=\"fusion-fullwidth fullwidth-box fusion-builder-row-2 nonhundred-percent-fullwidth non-hundred-percent-height-scrolling\" style=\"background-color: rgba(255,255,255,0);background-position: center center;background-repeat: no-repeat;padding-top:0px;padding-right:0px;padding-bottom:0px;padding-left:0px;margin-bottom: 0px;margin-top: 0px;border-width: 0px 0px 0px 0px;border-color:#eae9e9;border-style:solid;\" ><div class=\"fusion-builder-row fusion-row\"><div class=\"fusion-layout-column fusion_builder_column fusion-builder-column-1 fusion_builder_column_1_1 1_1 fusion-one-full fusion-column-first fusion-column-last\" style=\"margin-top:0px;margin-bottom:20px;\"><div class=\"fusion-column-wrapper fusion-flex-column-wrapper-legacy\" style=\"background-position:left top;background-repeat:no-repeat;-webkit-background-size:cover;-moz-background-size:cover;-o-background-size:cover;background-size:cover;padding: 0px 0px 0px 0px;\"><div class=\"fusion-text fusion-text-3\"><p>Ver\u00e1s un men\u00fa en la barra superior que indica \u201cSiniestralidad\u201d. Al pasar con el rat\u00f3n por encima aparecer\u00e1 el nombre del cliente del que eres usuario.<\/p>\n<p>Las otras opciones permiten acceder a esta ayuda, cambiar el idioma y cerrar la sesi\u00f3n.<\/p>\n<\/div><div class=\"imageframe-liftup fusion-image-frame-bottomshadow image-frame-shadow-2\"><style>.element-bottomshadow.imageframe-2:before, .element-bottomshadow.imageframe-2:after{-webkit-box-shadow: 0 17px 10px rgba(0,0,0,0.4);box-shadow: 0 17px 10px rgba(0,0,0,0.4);}<\/style><span class=\" fusion-imageframe imageframe-bottomshadow imageframe-2 element-bottomshadow\"><a href=\"https:\/\/help.tdoc.es\/wp-content\/uploads\/2020\/05\/admin-navbar.jpg\" class=\"fusion-lightbox\" data-rel=\"iLightbox[6a287c9ac302097a35d]\" data-title=\"admin-navbar\" title=\"admin-navbar\"><img width=\"817\" height=\"152\" alt=\"boton vista\" src=\"https:\/\/help.tdoc.es\/wp-content\/uploads\/2020\/05\/admin-navbar.jpg\" class=\"img-responsive wp-image-12633\" srcset=\"https:\/\/help.tdoc.es\/wp-content\/uploads\/2020\/05\/admin-navbar-200x37.jpg 200w, https:\/\/help.tdoc.es\/wp-content\/uploads\/2020\/05\/admin-navbar-400x74.jpg 400w, https:\/\/help.tdoc.es\/wp-content\/uploads\/2020\/05\/admin-navbar-600x112.jpg 600w, https:\/\/help.tdoc.es\/wp-content\/uploads\/2020\/05\/admin-navbar-800x149.jpg 800w, https:\/\/help.tdoc.es\/wp-content\/uploads\/2020\/05\/admin-navbar.jpg 817w\" sizes=\"(max-width: 800px) 100vw, 817px\" \/><\/a><\/span><\/div><div class=\"fusion-clearfix\"><\/div><\/div><\/div><\/div><\/div><div class=\"fusion-fullwidth fullwidth-box fusion-builder-row-3 nonhundred-percent-fullwidth non-hundred-percent-height-scrolling\" style=\"background-color: rgba(255,255,255,0);background-position: center center;background-repeat: no-repeat;padding-top:20px;padding-right:0px;padding-bottom:20px;padding-left:0px;margin-bottom: 0px;margin-top: 0px;border-width: 0px 0px 0px 0px;border-color:#eae9e9;border-style:solid;\" ><div class=\"fusion-builder-row fusion-row\"><div class=\"fusion-layout-column fusion_builder_column fusion-builder-column-2 fusion_builder_column_1_1 1_1 fusion-one-full fusion-column-first fusion-column-last\" style=\"margin-top:0px;margin-bottom:20px;\"><div class=\"fusion-column-wrapper fusion-flex-column-wrapper-legacy\" style=\"background-position:left top;background-repeat:no-repeat;-webkit-background-size:cover;-moz-background-size:cover;-o-background-size:cover;background-size:cover;padding: 0px 0px 0px 0px;\"><style type=\"text\/css\"><\/style><div class=\"fusion-title title fusion-title-3 fusion-sep-none fusion-title-text fusion-title-size-one\" style=\"margin-top:0px;margin-right:0px;margin-bottom:31px;margin-left:0px;\"><h1 class=\"title-heading-left\" style=\"margin:0;\"><h2><span style=\"color: #0375c9;\">Contratas<\/span><\/h2><\/h1><\/div><div class=\"fusion-text fusion-text-4\"><p>Si gestionas m\u00e1s de una contrata que deba subir datos de siniestralidad, en la primera pantalla tendr\u00e1s que elegir una de ellas. Si \u00fanicamente gestionas una contrata, se omite este paso.<\/p>\n<\/div><div class=\"imageframe-liftup fusion-image-frame-bottomshadow image-frame-shadow-3\"><style>.element-bottomshadow.imageframe-3:before, .element-bottomshadow.imageframe-3:after{-webkit-box-shadow: 0 17px 10px rgba(0,0,0,0.4);box-shadow: 0 17px 10px rgba(0,0,0,0.4);}<\/style><span class=\" fusion-imageframe imageframe-bottomshadow imageframe-3 element-bottomshadow\"><a href=\"https:\/\/help.tdoc.es\/wp-content\/uploads\/2020\/05\/contrata-select-1024x202.jpg\" class=\"fusion-lightbox\" data-rel=\"iLightbox[d0e0cfa0111e6aa3a36]\" data-title=\"contrata-select\" title=\"contrata-select\"><img width=\"1024\" height=\"202\" alt=\"boton vista\" src=\"https:\/\/help.tdoc.es\/wp-content\/uploads\/2020\/05\/contrata-select-1024x202.jpg\" class=\"img-responsive wp-image-12639\" srcset=\"https:\/\/help.tdoc.es\/wp-content\/uploads\/2020\/05\/contrata-select-200x39.jpg 200w, https:\/\/help.tdoc.es\/wp-content\/uploads\/2020\/05\/contrata-select-400x79.jpg 400w, https:\/\/help.tdoc.es\/wp-content\/uploads\/2020\/05\/contrata-select-600x118.jpg 600w, https:\/\/help.tdoc.es\/wp-content\/uploads\/2020\/05\/contrata-select-800x158.jpg 800w, https:\/\/help.tdoc.es\/wp-content\/uploads\/2020\/05\/contrata-select-1200x236.jpg 1200w, https:\/\/help.tdoc.es\/wp-content\/uploads\/2020\/05\/contrata-select.jpg 1920w\" sizes=\"(max-width: 800px) 100vw, 1200px\" \/><\/a><\/span><\/div><div class=\"fusion-clearfix\"><\/div><\/div><\/div><\/div><\/div><div class=\"fusion-fullwidth fullwidth-box fusion-builder-row-4 nonhundred-percent-fullwidth non-hundred-percent-height-scrolling\" style=\"background-color: rgba(255,255,255,0);background-position: center center;background-repeat: no-repeat;padding-top:20px;padding-right:0px;padding-bottom:20px;padding-left:0px;margin-bottom: 0px;margin-top: 0px;border-width: 0px 0px 0px 0px;border-color:#eae9e9;border-style:solid;\" ><div class=\"fusion-builder-row fusion-row\"><div class=\"fusion-layout-column fusion_builder_column fusion-builder-column-3 fusion_builder_column_1_1 1_1 fusion-one-full fusion-column-first fusion-column-last\" style=\"margin-top:0px;margin-bottom:20px;\"><div class=\"fusion-column-wrapper fusion-flex-column-wrapper-legacy\" style=\"background-position:left top;background-repeat:no-repeat;-webkit-background-size:cover;-moz-background-size:cover;-o-background-size:cover;background-size:cover;padding: 0px 0px 0px 0px;\"><style type=\"text\/css\"><\/style><div class=\"fusion-title title fusion-title-4 fusion-sep-none fusion-title-text fusion-title-size-one\" style=\"margin-top:0px;margin-right:0px;margin-bottom:31px;margin-left:0px;\"><h1 class=\"title-heading-left\" style=\"margin:0;\"><h2><span style=\"color: #0375c9;\">Periodos<\/span><\/h2><\/h1><\/div><div class=\"fusion-text fusion-text-5\"><p>Aqu\u00ed aparecen los periodos disponibles en la aplicaci\u00f3n.<\/p>\n<p>El primer d\u00eda del mes se abre el periodo del mes correspondiente para datos provisionales. Tambi\u00e9n se reabre el mes anterior para datos definitivos.<\/p>\n<p>Durante el a\u00f1o de implantaci\u00f3n, se abrir\u00e1n todos los periodos del a\u00f1o actual.<\/p>\n<\/div><div class=\"imageframe-liftup fusion-image-frame-bottomshadow image-frame-shadow-4\"><style>.element-bottomshadow.imageframe-4:before, .element-bottomshadow.imageframe-4:after{-webkit-box-shadow: 0 17px 10px rgba(0,0,0,0.4);box-shadow: 0 17px 10px rgba(0,0,0,0.4);}<\/style><span class=\" fusion-imageframe imageframe-bottomshadow imageframe-4 element-bottomshadow\"><a href=\"https:\/\/help.tdoc.es\/wp-content\/uploads\/2020\/05\/contrata-periods-1024x292.jpg\" class=\"fusion-lightbox\" data-rel=\"iLightbox[0d25a9cc87fb5878361]\" data-title=\"contrata-periods\" title=\"contrata-periods\"><img width=\"1024\" height=\"292\" alt=\"boton vista\" src=\"https:\/\/help.tdoc.es\/wp-content\/uploads\/2020\/05\/contrata-periods-1024x292.jpg\" class=\"img-responsive wp-image-12638\" srcset=\"https:\/\/help.tdoc.es\/wp-content\/uploads\/2020\/05\/contrata-periods-200x57.jpg 200w, https:\/\/help.tdoc.es\/wp-content\/uploads\/2020\/05\/contrata-periods-400x114.jpg 400w, https:\/\/help.tdoc.es\/wp-content\/uploads\/2020\/05\/contrata-periods-600x171.jpg 600w, https:\/\/help.tdoc.es\/wp-content\/uploads\/2020\/05\/contrata-periods-800x229.jpg 800w, https:\/\/help.tdoc.es\/wp-content\/uploads\/2020\/05\/contrata-periods-1200x343.jpg 1200w, https:\/\/help.tdoc.es\/wp-content\/uploads\/2020\/05\/contrata-periods.jpg 1915w\" sizes=\"(max-width: 800px) 100vw, 1200px\" \/><\/a><\/span><\/div><div class=\"fusion-clearfix\"><\/div><\/div><\/div><\/div><\/div><div class=\"fusion-fullwidth fullwidth-box fusion-builder-row-5 nonhundred-percent-fullwidth non-hundred-percent-height-scrolling\" style=\"background-color: rgba(255,255,255,0);background-position: center center;background-repeat: no-repeat;padding-top:20px;padding-right:0px;padding-bottom:20px;padding-left:0px;margin-bottom: 0px;margin-top: 0px;border-width: 0px 0px 0px 0px;border-color:#eae9e9;border-style:solid;\" ><div class=\"fusion-builder-row fusion-row\"><div class=\"fusion-layout-column fusion_builder_column fusion-builder-column-4 fusion_builder_column_1_1 1_1 fusion-one-full fusion-column-first fusion-column-last\" style=\"margin-top:0px;margin-bottom:20px;\"><div class=\"fusion-column-wrapper fusion-flex-column-wrapper-legacy\" style=\"background-position:left top;background-repeat:no-repeat;-webkit-background-size:cover;-moz-background-size:cover;-o-background-size:cover;background-size:cover;padding: 0px 0px 0px 0px;\"><div class=\"fusion-text fusion-text-6\"><p>Se puede acceder a un periodo pulsando el bot\u00f3n \u201cIR\u201d o usar una de las acciones del men\u00fa de Acciones.<\/p>\n<\/div><div class=\"imageframe-liftup fusion-image-frame-bottomshadow image-frame-shadow-5\"><style>.element-bottomshadow.imageframe-5:before, .element-bottomshadow.imageframe-5:after{-webkit-box-shadow: 0 17px 10px rgba(0,0,0,0.4);box-shadow: 0 17px 10px rgba(0,0,0,0.4);}<\/style><span class=\" fusion-imageframe imageframe-bottomshadow imageframe-5 element-bottomshadow\"><a href=\"https:\/\/help.tdoc.es\/wp-content\/uploads\/2020\/06\/SiniestralidadInformes.jpg\" class=\"fusion-lightbox\" data-rel=\"iLightbox[74ca3e894ebc48da28c]\" data-title=\"SiniestralidadInformes\" title=\"SiniestralidadInformes\"><img width=\"341\" height=\"217\" alt=\"boton vista\" src=\"https:\/\/help.tdoc.es\/wp-content\/uploads\/2020\/06\/SiniestralidadInformes.jpg\" class=\"img-responsive wp-image-12745\" srcset=\"https:\/\/help.tdoc.es\/wp-content\/uploads\/2020\/06\/SiniestralidadInformes-200x127.jpg 200w, https:\/\/help.tdoc.es\/wp-content\/uploads\/2020\/06\/SiniestralidadInformes.jpg 341w\" sizes=\"(max-width: 800px) 100vw, 341px\" \/><\/a><\/span><\/div><div class=\"fusion-text fusion-text-7\"><ul>\n<li>Informe mensual acumulado: exporta el infome anual acumulando todas las subzonas de la organizaci\u00f3n. Suma todos los datos del a\u00f1o seleccionado. Aparecer\u00e1n los a\u00f1os de los periodos existentes en la aplicaci\u00f3n.<\/li>\n<li>Informe mensual contrata: exporta un informe con los datos subidos para la contrata en el a\u00f1o seleccionado. Aparecer\u00e1n los a\u00f1os de los periodos existentes en la aplicaci\u00f3n.<\/li>\n<\/ul>\n<\/div><div class=\"fusion-clearfix\"><\/div><\/div><\/div><\/div><\/div><div class=\"fusion-fullwidth fullwidth-box fusion-builder-row-6 nonhundred-percent-fullwidth non-hundred-percent-height-scrolling\" style=\"background-color: rgba(255,255,255,0);background-position: center center;background-repeat: no-repeat;padding-top:20px;padding-right:0px;padding-bottom:20px;padding-left:0px;margin-bottom: 0px;margin-top: 0px;border-width: 0px 0px 0px 0px;border-color:#eae9e9;border-style:solid;\" ><div class=\"fusion-builder-row fusion-row\"><div class=\"fusion-layout-column fusion_builder_column fusion-builder-column-5 fusion_builder_column_1_1 1_1 fusion-one-full fusion-column-first fusion-column-last\" style=\"margin-top:0px;margin-bottom:20px;\"><div class=\"fusion-column-wrapper fusion-flex-column-wrapper-legacy\" style=\"background-position:left top;background-repeat:no-repeat;-webkit-background-size:cover;-moz-background-size:cover;-o-background-size:cover;background-size:cover;padding: 0px 0px 0px 0px;\"><style type=\"text\/css\"><\/style><div class=\"fusion-title title fusion-title-5 fusion-sep-none fusion-title-text fusion-title-size-one\" style=\"margin-top:0px;margin-right:0px;margin-bottom:31px;margin-left:0px;\"><h1 class=\"title-heading-left\" style=\"margin:0;\"><h2><span style=\"color: #0375c9;\">Datos<\/span><\/h2><\/h1><\/div><div class=\"fusion-text fusion-text-8\"><p>Aqu\u00ed se pueden importar y exportar los datos de siniestralidad subidos.<\/p>\n<p>Los datos \u00fanicamente ser\u00e1n de la contrata y periodo especificados en la parte superior.<\/p>\n<p>Si el periodo est\u00e1 cerrado, aparecer\u00e1 un cartel indic\u00e1ndolo, por ejemplo:<\/p>\n<\/div><div class=\"imageframe-liftup fusion-image-frame-bottomshadow image-frame-shadow-6\"><style>.element-bottomshadow.imageframe-6:before, .element-bottomshadow.imageframe-6:after{-webkit-box-shadow: 0 17px 10px rgba(0,0,0,0.4);box-shadow: 0 17px 10px rgba(0,0,0,0.4);}<\/style><span class=\" fusion-imageframe imageframe-bottomshadow imageframe-6 element-bottomshadow\"><a href=\"https:\/\/help.tdoc.es\/wp-content\/uploads\/2020\/05\/closed_period.jpg\" class=\"fusion-lightbox\" data-rel=\"iLightbox[99cdb4d565cd23649f8]\" data-title=\"closed_period\" title=\"closed_period\"><img width=\"620\" height=\"71\" alt=\"boton vista\" src=\"https:\/\/help.tdoc.es\/wp-content\/uploads\/2020\/05\/closed_period.jpg\" class=\"img-responsive wp-image-12636\" srcset=\"https:\/\/help.tdoc.es\/wp-content\/uploads\/2020\/05\/closed_period-200x23.jpg 200w, https:\/\/help.tdoc.es\/wp-content\/uploads\/2020\/05\/closed_period-400x46.jpg 400w, https:\/\/help.tdoc.es\/wp-content\/uploads\/2020\/05\/closed_period-600x69.jpg 600w, https:\/\/help.tdoc.es\/wp-content\/uploads\/2020\/05\/closed_period.jpg 620w\" sizes=\"(max-width: 800px) 100vw, 620px\" \/><\/a><\/span><\/div><div class=\"imageframe-liftup fusion-image-frame-bottomshadow image-frame-shadow-7\"><style>.element-bottomshadow.imageframe-7:before, .element-bottomshadow.imageframe-7:after{-webkit-box-shadow: 0 17px 10px rgba(0,0,0,0.4);box-shadow: 0 17px 10px rgba(0,0,0,0.4);}<\/style><span class=\" fusion-imageframe imageframe-bottomshadow imageframe-7 element-bottomshadow\"><a href=\"https:\/\/help.tdoc.es\/wp-content\/uploads\/2020\/05\/DATA-1024x464.jpg\" class=\"fusion-lightbox\" data-rel=\"iLightbox[03a4259a9168ed0c6e4]\" data-title=\"DATA\" title=\"DATA\"><img width=\"1024\" height=\"464\" alt=\"boton vista\" src=\"https:\/\/help.tdoc.es\/wp-content\/uploads\/2020\/05\/DATA-1024x464.jpg\" class=\"img-responsive wp-image-12640\" srcset=\"https:\/\/help.tdoc.es\/wp-content\/uploads\/2020\/05\/DATA-200x91.jpg 200w, https:\/\/help.tdoc.es\/wp-content\/uploads\/2020\/05\/DATA-400x181.jpg 400w, https:\/\/help.tdoc.es\/wp-content\/uploads\/2020\/05\/DATA-600x272.jpg 600w, https:\/\/help.tdoc.es\/wp-content\/uploads\/2020\/05\/DATA-800x362.jpg 800w, https:\/\/help.tdoc.es\/wp-content\/uploads\/2020\/05\/DATA-1200x543.jpg 1200w, https:\/\/help.tdoc.es\/wp-content\/uploads\/2020\/05\/DATA.jpg 1917w\" sizes=\"(max-width: 800px) 100vw, 1200px\" \/><\/a><\/span><\/div><div class=\"fusion-clearfix\"><\/div><\/div><\/div><\/div><\/div><div class=\"fusion-fullwidth fullwidth-box fusion-builder-row-7 nonhundred-percent-fullwidth non-hundred-percent-height-scrolling\" style=\"background-color: rgba(255,255,255,0);background-position: center center;background-repeat: no-repeat;padding-top:0px;padding-right:0px;padding-bottom:0px;padding-left:0px;margin-bottom: 0px;margin-top: 0px;border-width: 0px 0px 0px 0px;border-color:#eae9e9;border-style:solid;\" ><div class=\"fusion-builder-row fusion-row\"><div class=\"fusion-layout-column fusion_builder_column fusion-builder-column-6 fusion_builder_column_1_1 1_1 fusion-one-full fusion-column-first fusion-column-last\" style=\"margin-top:0px;margin-bottom:20px;\"><div class=\"fusion-column-wrapper fusion-flex-column-wrapper-legacy\" style=\"background-position:left top;background-repeat:no-repeat;-webkit-background-size:cover;-moz-background-size:cover;-o-background-size:cover;background-size:cover;padding: 0px 0px 0px 0px;\"><div class=\"fusion-text fusion-text-9\"><p>El proceso para subir datos es el siguiente:<\/p>\n<p><strong>1-Seleccionar zonas<\/strong><\/p>\n<p>Las zonas elegidas aparecer\u00e1n a la izquierda como seleccionadas.<\/p>\n<p><strong>2-Descargar plantilla de seleccionados<\/strong><\/p>\n<p>Al pulsar el bot\u00f3n Descargar se descargar\u00e1 un documento Excel con los datos subidos por la contrata, o en blanco si a\u00fan no se han subido datos. Cumplimenta los datos del documento, teniendo en cuenta que \u00fanicamente se actualizar\u00e1n los datos del periodo seleccionado, indicado en la parte superior de la pantalla.<\/p>\n<p>La definici\u00f3n de cada campo del informe la puedes encontrar en <a href=\"https:\/\/help.tdoc.es\/index.php\/tdoc-siniestralidad\/informe\/\">este enlace<\/a>.<\/p>\n<p><strong>3-Subir datos<\/strong><\/p>\n<p>Al pulsar el bot\u00f3n Subir Datos, podr\u00e1s seleccionar el documento de tu equipo y subirlo. Se sobrescribir\u00e1n todos los datos subidos para esta contrata-periodo-zona.<\/p>\n<\/div><style type=\"text\/css\"><\/style><div class=\"fusion-title title fusion-title-6 fusion-sep-none fusion-title-text fusion-title-size-one\" style=\"margin-top:0px;margin-right:0px;margin-bottom:31px;margin-left:0px;\"><h1 class=\"title-heading-left\" style=\"margin:0;\"><h2><span style=\"color: #0375c9;\">Soporte<\/span><\/h2><\/h1><\/div><div class=\"fusion-text fusion-text-10\"><p>El email de soporte para errores de la herramienta es: support.siniestralidad[@]tdoc.es<\/p>\n<\/div><div class=\"fusion-clearfix\"><\/div><\/div><\/div><\/div><\/div><\/p>\n","protected":false},"excerpt":{"rendered":"","protected":false},"author":1,"featured_media":0,"parent":12181,"menu_order":0,"comment_status":"closed","ping_status":"closed","template":"","meta":[],"_links":{"self":[{"href":"https:\/\/help.tdoc.es\/index.php\/wp-json\/wp\/v2\/pages\/12429"}],"collection":[{"href":"https:\/\/help.tdoc.es\/index.php\/wp-json\/wp\/v2\/pages"}],"about":[{"href":"https:\/\/help.tdoc.es\/index.php\/wp-json\/wp\/v2\/types\/page"}],"author":[{"embeddable":true,"href":"https:\/\/help.tdoc.es\/index.php\/wp-json\/wp\/v2\/users\/1"}],"replies":[{"embeddable":true,"href":"https:\/\/help.tdoc.es\/index.php\/wp-json\/wp\/v2\/comments?post=12429"}],"version-history":[{"count":12,"href":"https:\/\/help.tdoc.es\/index.php\/wp-json\/wp\/v2\/pages\/12429\/revisions"}],"predecessor-version":[{"id":13136,"href":"https:\/\/help.tdoc.es\/index.php\/wp-json\/wp\/v2\/pages\/12429\/revisions\/13136"}],"up":[{"embeddable":true,"href":"https:\/\/help.tdoc.es\/index.php\/wp-json\/wp\/v2\/pages\/12181"}],"wp:attachment":[{"href":"https:\/\/help.tdoc.es\/index.php\/wp-json\/wp\/v2\/media?parent=12429"}],"curies":[{"name":"wp","href":"https:\/\/api.w.org\/{rel}","templated":true}]}}