{"id":12314,"date":"2020-03-23T10:58:27","date_gmt":"2020-03-23T10:58:27","guid":{"rendered":"https:\/\/help.tdoc.es\/?page_id=12314"},"modified":"2023-09-15T10:39:14","modified_gmt":"2023-09-15T10:39:14","slug":"contrata","status":"publish","type":"page","link":"https:\/\/help.tdoc.es\/index.php\/manual-tdoc-induccion\/contrata\/","title":{"rendered":"Contrata"},"content":{"rendered":"<p><div class=\"fusion-fullwidth fullwidth-box fusion-builder-row-1 nonhundred-percent-fullwidth non-hundred-percent-height-scrolling\" style=\"background-color: rgba(255,255,255,0);background-position: center center;background-repeat: no-repeat;padding-top:20px;padding-right:0px;padding-bottom:20px;padding-left:0px;margin-bottom: 0px;margin-top: 0px;border-width: 0px 0px 0px 0px;border-color:#eae9e9;border-style:solid;\" ><div class=\"fusion-builder-row fusion-row\"><div class=\"fusion-layout-column fusion_builder_column fusion-builder-column-0 fusion_builder_column_1_1 1_1 fusion-one-full fusion-column-first fusion-column-last\" style=\"margin-top:0px;margin-bottom:20px;\"><div class=\"fusion-column-wrapper fusion-flex-column-wrapper-legacy\" style=\"background-position:left top;background-repeat:no-repeat;-webkit-background-size:cover;-moz-background-size:cover;-o-background-size:cover;background-size:cover;padding: 0px 0px 0px 0px;\"><style type=\"text\/css\"><\/style><div class=\"fusion-title title fusion-title-1 fusion-sep-none fusion-title-text fusion-title-size-one\" style=\"margin-top:0px;margin-right:0px;margin-bottom:31px;margin-left:0px;\"><h1 class=\"title-heading-left\" style=\"margin:0;\"><h1><span style=\"color: #0375c9;\">Manual tdoc Inducci\u00f3n &#8211; Contrata<br \/>\n<\/span><\/h1><\/h1><\/div><div class=\"fusion-text fusion-text-1\"><p>Permite distribuir entre los trabajadores el enlace para que puedan completar la formaci\u00f3n on line. Recibir\u00e1s el enlace, para poder registrar a los trabajadores que deban realizarlo.<\/p>\n<p>Dependiendo de la formaci\u00f3n que reciba, el modo de registrarlo es un tanto distinto:<\/p>\n<\/div><style type=\"text\/css\"><\/style><div class=\"fusion-title title fusion-title-2 fusion-sep-none fusion-title-text fusion-title-size-two\" style=\"margin-top:0px;margin-right:0px;margin-bottom:31px;margin-left:0px;\"><h2 class=\"title-heading-left\" style=\"margin:0;\"><h2 style=\"background: white; margin: 0cm 0cm 13.2pt 0cm;\"><span style=\"font-size: 15.0pt; font-family: 'Antic Slab',serif; color: #0375c9; font-weight: normal;\">1.Registro de trabajadores en Formaci\u00f3n gen\u00e9rica <\/span><\/h2>\n<h2 style=\"background: white; margin: 0cm 0cm 13.2pt 0cm;\"><\/h2><\/h2><\/div><div class=\"fusion-text fusion-text-2\"><p>A trav\u00e9s del enlace, accede a la siguiente pantalla:<\/p>\n<p><img class=\"alignnone wp-image-19021\" src=\"https:\/\/help.tdoc.es\/wp-content\/uploads\/2023\/09\/manuales-300x128.png\" alt=\"\" width=\"600\" height=\"256\" srcset=\"https:\/\/help.tdoc.es\/wp-content\/uploads\/2023\/09\/manuales-200x85.png 200w, https:\/\/help.tdoc.es\/wp-content\/uploads\/2023\/09\/manuales-300x128.png 300w, https:\/\/help.tdoc.es\/wp-content\/uploads\/2023\/09\/manuales-400x171.png 400w, https:\/\/help.tdoc.es\/wp-content\/uploads\/2023\/09\/manuales.png 567w\" sizes=\"(max-width: 600px) 100vw, 600px\" \/><\/p>\n<p>1.1. Debe buscar el nombre de empresa a la que pertenece el trabajador.<\/p>\n<p>1.2. Debe buscar al trabajador, permitiendo registrar:<\/p>\n<p>TRABAJADOR NO DADO DE ALTA EN LA PLATAFORMA TDOC. Debe rellenar los datos que le solicita incluido el mail, donde recibir\u00e1 el enlace para hacer la formaci\u00f3n as\u00ed como el certificado una vez terminado el curso.<\/p>\n<p>TRABAJADOR DADO DE ALTA EN LA PLATAFORMA TDOC. \u00a0Al introducir el DNI del trabajador, se completar\u00e1 el resto de informaci\u00f3n salvo el mail. Este dato es imprescindible ya que es donde recibir\u00e1 el enlace para hacer la formaci\u00f3n as\u00ed como el certificado una vez terminado el curso.<\/p>\n<p>Desde esta opci\u00f3n el certificado del curso adem\u00e1s, se enviar\u00e1 autom\u00e1ticamente a la plataforma tdoc, quedando validado en el momento.<\/p>\n<\/div><style type=\"text\/css\"><\/style><div class=\"fusion-title title fusion-title-3 fusion-sep-none fusion-title-text fusion-title-size-two\" style=\"margin-top:0px;margin-right:0px;margin-bottom:31px;margin-left:0px;\"><h2 class=\"title-heading-left\" style=\"margin:0;\"><h2 style=\"background: white; margin: 0cm 0cm 13.2pt 0cm;\"><span style=\"font-size: 15.0pt; font-family: 'Antic Slab',serif; color: #0375c9; font-weight: normal;\">2.Registro de trabajadores en Formaci\u00f3n por empresa<\/span><\/h2>\n<h2 style=\"background: white; margin: 0cm 0cm 13.2pt 0cm;\"><\/h2><\/h2><\/div><div class=\"fusion-text fusion-text-3\"><p>A trav\u00e9s del enlace, debe buscar al trabajador, permitiendo registrar:<\/p>\n<p>TRABAJADOR NO DADO DE ALTA EN LA PLATAFORMA TDOC. Debe rellenar los datos que le solicita incluido el mail, donde recibir\u00e1 el enlace para hacer la formaci\u00f3n as\u00ed como el certificado una vez terminado el curso.<\/p>\n<p><img class=\"alignnone wp-image-19023\" src=\"https:\/\/help.tdoc.es\/wp-content\/uploads\/2023\/09\/Manual2-300x95.png\" alt=\"\" width=\"600\" height=\"190\" srcset=\"https:\/\/help.tdoc.es\/wp-content\/uploads\/2023\/09\/Manual2-200x63.png 200w, https:\/\/help.tdoc.es\/wp-content\/uploads\/2023\/09\/Manual2-300x95.png 300w, https:\/\/help.tdoc.es\/wp-content\/uploads\/2023\/09\/Manual2-400x126.png 400w, https:\/\/help.tdoc.es\/wp-content\/uploads\/2023\/09\/Manual2.png 567w\" sizes=\"(max-width: 600px) 100vw, 600px\" \/><\/p>\n<p>TRABAJADOR DADO DE ALTA EN LA PLATAFORMA TDOC. \u00a0Permite buscar al trabajador de un desplegable, que al seleccionar se rellena el resto de informaci\u00f3n, salvo el mail. Este dato es imprescindible ya que es donde recibir\u00e1 el enlace para hacer la formaci\u00f3n as\u00ed como el certificado una vez terminado el curso.<\/p>\n<p><img class=\"alignnone wp-image-19024\" src=\"https:\/\/help.tdoc.es\/wp-content\/uploads\/2023\/09\/MANUAL3-300x95.png\" alt=\"\" width=\"600\" height=\"190\" srcset=\"https:\/\/help.tdoc.es\/wp-content\/uploads\/2023\/09\/MANUAL3-200x63.png 200w, https:\/\/help.tdoc.es\/wp-content\/uploads\/2023\/09\/MANUAL3-300x95.png 300w, https:\/\/help.tdoc.es\/wp-content\/uploads\/2023\/09\/MANUAL3-400x126.png 400w, https:\/\/help.tdoc.es\/wp-content\/uploads\/2023\/09\/MANUAL3.png 567w\" sizes=\"(max-width: 600px) 100vw, 600px\" \/><\/p>\n<p>Desde esta opci\u00f3n el certificado del curso adem\u00e1s, se enviar\u00e1 autom\u00e1ticamente a la plataforma tdoc, quedando validado en el momento.<\/p>\n<\/div><style type=\"text\/css\"><\/style><div class=\"fusion-title title fusion-title-4 fusion-sep-none fusion-title-text fusion-title-size-three\" style=\"margin-top:0px;margin-right:0px;margin-bottom:31px;margin-left:0px;\"><h3 class=\"title-heading-left\" style=\"margin:0;\"><h2><span style=\"color: #0375c9;\">Recibir informe diario<\/span><\/h2><\/h3><\/div><div class=\"fusion-text fusion-text-4\"><p>Como contratista, recibir\u00e1s un email diario con las formaciones completadas el d\u00eda anterior y los certificados correspondientes adjuntos.<\/p>\n<p>Si el trabajador ha sido dado de alta a posteriori en la plataforma tdoc, puedes subir su documentaci\u00f3n a la plataforma tdoc. En caso de que se suba manualmente, la documentaci\u00f3n tendr\u00e1 que ser validada por los t\u00e9cnicos de la herramienta como cualquier otro tipo de documento. Si el trabajador ya estaba creado y se ha seleccionado, se omitir\u00e1 el proceso de validaci\u00f3n.<\/p>\n<p>En caso de que no se haya completado ninguna formaci\u00f3n, no recibir\u00e1s el email diario.<\/p>\n<\/div><style type=\"text\/css\"><\/style><div class=\"fusion-title title fusion-title-5 fusion-sep-none fusion-title-text fusion-title-size-three\" style=\"margin-top:0px;margin-right:0px;margin-bottom:31px;margin-left:0px;\"><h3 class=\"title-heading-left\" style=\"margin:0;\"><h2><span style=\"color: #0375c9;\">Soporte<\/span><\/h2><\/h3><\/div><div class=\"fusion-text fusion-text-5\"><p>Si te encuentras con alg\u00fan problema t\u00e9cnico, contacta con support.induccion@tdoc.es<\/p>\n<\/div><div class=\"fusion-clearfix\"><\/div><\/div><\/div><\/div><\/div><div class=\"fusion-fullwidth fullwidth-box fusion-builder-row-2 nonhundred-percent-fullwidth non-hundred-percent-height-scrolling\" style=\"background-color: rgba(255,255,255,0);background-position: center center;background-repeat: no-repeat;padding-top:0px;padding-right:0px;padding-bottom:0px;padding-left:0px;margin-bottom: 0px;margin-top: 0px;border-width: 0px 0px 0px 0px;border-color:#eae9e9;border-style:solid;\" ><div class=\"fusion-builder-row fusion-row\"><div class=\"fusion-layout-column fusion_builder_column fusion-builder-column-1 fusion_builder_column_1_1 1_1 fusion-one-full fusion-column-first fusion-column-last\" style=\"margin-top:0px;margin-bottom:20px;\"><div class=\"fusion-column-wrapper fusion-flex-column-wrapper-legacy\" style=\"background-position:left top;background-repeat:no-repeat;-webkit-background-size:cover;-moz-background-size:cover;-o-background-size:cover;background-size:cover;padding: 0px 0px 0px 0px;\"><div class=\"fusion-text fusion-text-6\"><\/div><div class=\"fusion-clearfix\"><\/div><\/div><\/div><\/div><\/div><div class=\"fusion-fullwidth fullwidth-box fusion-builder-row-3 nonhundred-percent-fullwidth non-hundred-percent-height-scrolling\" style=\"background-color: rgba(255,255,255,0);background-position: center center;background-repeat: no-repeat;padding-top:20px;padding-right:0px;padding-bottom:20px;padding-left:0px;margin-bottom: 0px;margin-top: 0px;border-width: 0px 0px 0px 0px;border-color:#eae9e9;border-style:solid;\" ><div class=\"fusion-builder-row fusion-row\"><div class=\"fusion-layout-column fusion_builder_column fusion-builder-column-2 fusion_builder_column_1_1 1_1 fusion-one-full fusion-column-first fusion-column-last\" style=\"margin-top:0px;margin-bottom:20px;\"><div class=\"fusion-column-wrapper fusion-flex-column-wrapper-legacy\" style=\"background-position:left top;background-repeat:no-repeat;-webkit-background-size:cover;-moz-background-size:cover;-o-background-size:cover;background-size:cover;padding: 0px 0px 0px 0px;\"><div class=\"fusion-text fusion-text-7\"><\/div><div class=\"fusion-clearfix\"><\/div><\/div><\/div><\/div><\/div><div class=\"fusion-fullwidth fullwidth-box fusion-builder-row-4 nonhundred-percent-fullwidth non-hundred-percent-height-scrolling\" style=\"background-color: rgba(255,255,255,0);background-position: center center;background-repeat: no-repeat;padding-top:20px;padding-right:0px;padding-bottom:20px;padding-left:0px;margin-bottom: 0px;margin-top: 0px;border-width: 0px 0px 0px 0px;border-color:#eae9e9;border-style:solid;\" ><div class=\"fusion-builder-row fusion-row\"><div class=\"fusion-layout-column fusion_builder_column fusion-builder-column-3 fusion_builder_column_1_1 1_1 fusion-one-full fusion-column-first fusion-column-last\" style=\"margin-top:0px;margin-bottom:20px;\"><div class=\"fusion-column-wrapper fusion-flex-column-wrapper-legacy\" style=\"background-position:left top;background-repeat:no-repeat;-webkit-background-size:cover;-moz-background-size:cover;-o-background-size:cover;background-size:cover;padding: 0px 0px 0px 0px;\"><span class=\" fusion-imageframe imageframe-none imageframe-1 hover-type-none\"><\/span><div class=\"imageframe-liftup fusion-image-frame-bottomshadow image-frame-shadow-2\"><style>.element-bottomshadow.imageframe-2:before, .element-bottomshadow.imageframe-2:after{-webkit-box-shadow: 0 17px 10px rgba(0,0,0,0.4);box-shadow: 0 17px 10px rgba(0,0,0,0.4);}<\/style><span class=\" fusion-imageframe imageframe-bottomshadow imageframe-2 element-bottomshadow\"><a class=\"fusion-lightbox\" data-rel=\"iLightbox[]\"><\/a><\/span><\/div><div class=\"fusion-clearfix\"><\/div><\/div><\/div><\/div><\/div><div class=\"fusion-fullwidth fullwidth-box fusion-builder-row-5 nonhundred-percent-fullwidth non-hundred-percent-height-scrolling\" style=\"background-color: rgba(255,255,255,0);background-position: center center;background-repeat: no-repeat;padding-top:0px;padding-right:0px;padding-bottom:0px;padding-left:0px;margin-bottom: 0px;margin-top: 0px;border-width: 0px 0px 0px 0px;border-color:#eae9e9;border-style:solid;\" ><div class=\"fusion-builder-row fusion-row\"><div class=\"fusion-layout-column fusion_builder_column fusion-builder-column-4 fusion_builder_column_1_1 1_1 fusion-one-full fusion-column-first fusion-column-last\" style=\"margin-top:0px;margin-bottom:20px;\"><div class=\"fusion-column-wrapper fusion-flex-column-wrapper-legacy\" style=\"background-position:left top;background-repeat:no-repeat;-webkit-background-size:cover;-moz-background-size:cover;-o-background-size:cover;background-size:cover;padding: 0px 0px 0px 0px;\"><div class=\"fusion-clearfix\"><\/div><\/div><\/div><\/div><\/div><\/p>\n","protected":false},"excerpt":{"rendered":"","protected":false},"author":1,"featured_media":0,"parent":12609,"menu_order":0,"comment_status":"closed","ping_status":"closed","template":"","meta":[],"_links":{"self":[{"href":"https:\/\/help.tdoc.es\/index.php\/wp-json\/wp\/v2\/pages\/12314"}],"collection":[{"href":"https:\/\/help.tdoc.es\/index.php\/wp-json\/wp\/v2\/pages"}],"about":[{"href":"https:\/\/help.tdoc.es\/index.php\/wp-json\/wp\/v2\/types\/page"}],"author":[{"embeddable":true,"href":"https:\/\/help.tdoc.es\/index.php\/wp-json\/wp\/v2\/users\/1"}],"replies":[{"embeddable":true,"href":"https:\/\/help.tdoc.es\/index.php\/wp-json\/wp\/v2\/comments?post=12314"}],"version-history":[{"count":20,"href":"https:\/\/help.tdoc.es\/index.php\/wp-json\/wp\/v2\/pages\/12314\/revisions"}],"predecessor-version":[{"id":19026,"href":"https:\/\/help.tdoc.es\/index.php\/wp-json\/wp\/v2\/pages\/12314\/revisions\/19026"}],"up":[{"embeddable":true,"href":"https:\/\/help.tdoc.es\/index.php\/wp-json\/wp\/v2\/pages\/12609"}],"wp:attachment":[{"href":"https:\/\/help.tdoc.es\/index.php\/wp-json\/wp\/v2\/media?parent=12314"}],"curies":[{"name":"wp","href":"https:\/\/api.w.org\/{rel}","templated":true}]}}